{"id":3645,"date":"2025-11-28T15:44:48","date_gmt":"2025-11-28T15:44:48","guid":{"rendered":"https:\/\/itokilit.com.tr\/?post_type=product&#038;p=3645"},"modified":"2025-12-09T13:06:57","modified_gmt":"2025-12-09T13:06:57","slug":"dl50fvs-yuz-tanima-ozellikli-akilli-kilit","status":"publish","type":"product","link":"https:\/\/itokilit.com.tr\/en\/product\/dl50fvs-yuz-tanima-ozellikli-akilli-kilit\/","title":{"rendered":"\u0130TO Kilit | DL50FVS &#8211; Y\u00fcz Tan\u0131ma \u00d6zellikli Ak\u0131ll\u0131 Kilit"},"content":{"rendered":"","protected":false},"excerpt":{"rendered":"<p>&nbsp;<\/p>\n<div class=\"container\">\n<h1>\u0130TO Kilit DL50FVS<\/h1>\n<h1>\u00d6zellikler (TR \/ EN)<\/h1>\n<div class=\"card\" role=\"region\" aria-label=\"\u0130TO Kilit DL50FVS \u00f6zellik tablosu\">\n<table>\n<thead>\n<tr>\n<th style=\"width: 45%;\">T\u00fcrk\u00e7e (TR)<\/th>\n<th>English (EN)<\/th>\n<\/tr>\n<\/thead>\n<tbody>\n<tr>\n<td class=\"label\" data-label=\"T\u00fcrk\u00e7e (TR)\">\u0130TO Kilit DL50FVS Face Recognition Ak\u0131ll\u0131 Kilit<\/td>\n<td data-label=\"English (EN)\">\u0130TO Kilit DL50FVS Face Recognition Smart Lock<\/td>\n<\/tr>\n<tr>\n<td data-label=\"T\u00fcrk\u00e7e (TR)\">\u0130leri seviye 3D y\u00fcz tan\u0131ma teknolojisi ile giri\u015fte devrim<\/td>\n<td data-label=\"English (EN)\">Revolutionary entry with advanced 3D face recognition technology<\/td>\n<\/tr>\n<tr>\n<td data-label=\"T\u00fcrk\u00e7e (TR)\">\u00c7ift lensli 3D yap\u0131land\u0131r\u0131lm\u0131\u015f \u0131\u015f\u0131k ile y\u00fcz tan\u0131ma<\/td>\n<td data-label=\"English (EN)\">Face recognition with dual\u2011lens 3D structured light<\/td>\n<\/tr>\n<tr>\n<td data-label=\"T\u00fcrk\u00e7e (TR)\">Yerel i\u015fleme i\u00e7in dahili g\u00fcvenlik \u00e7ipi<\/td>\n<td data-label=\"English (EN)\">Built\u2011in security chip for local processing<\/td>\n<\/tr>\n<tr>\n<td data-label=\"T\u00fcrk\u00e7e (TR)\">\u00c7oklu kilit a\u00e7ma y\u00f6ntemleri<\/td>\n<td data-label=\"English (EN)\">Multiple unlocking methods<\/td>\n<\/tr>\n<tr>\n<td data-label=\"T\u00fcrk\u00e7e (TR)\">Uzaktan \u0130TO Kilit Uygulama kontrolleri ve uyar\u0131lar\u0131<\/td>\n<td data-label=\"English (EN)\">Remote \u0130TO Kilit App controls and alerts<\/td>\n<\/tr>\n<tr>\n<td data-label=\"T\u00fcrk\u00e7e (TR)\">Dahili ak\u0131ll\u0131 kap\u0131 g\u00f6r\u00fcnt\u00fcleyici<\/td>\n<td data-label=\"English (EN)\">Built\u2011in smart door viewer<\/td>\n<\/tr>\n<tr>\n<td data-label=\"T\u00fcrk\u00e7e (TR)\">4&#8243; IPS renkli ekran<\/td>\n<td data-label=\"English (EN)\">4&#8243; IPS color display<\/td>\n<\/tr>\n<tr>\n<td data-label=\"T\u00fcrk\u00e7e (TR)\">\u0130ki y\u00f6nl\u00fc g\u00f6r\u00fcnt\u00fcl\u00fc arama ile canl\u0131 g\u00f6r\u00fcnt\u00fc<\/td>\n<td data-label=\"English (EN)\">Live view with two\u2011way video calls<\/td>\n<\/tr>\n<tr>\n<td data-label=\"T\u00fcrk\u00e7e (TR)\">5.000 mAh \u015farj edilebilir lityum pil ile 4 aya kadar pil \u00f6mr\u00fc\u00b9<\/td>\n<td data-label=\"English (EN)\">Up to 4 months battery life with 5,000 mAh rechargeable lithium battery\u00b9<\/td>\n<\/tr>\n<tr>\n<td data-label=\"T\u00fcrk\u00e7e (TR)\">G\u00f6zetleme ve zorla giri\u015fe kar\u015f\u0131 g\u00fcvenli tasar\u0131m<\/td>\n<td data-label=\"English (EN)\">Secure design against surveillance and forced entry<\/td>\n<\/tr>\n<tr>\n<td data-label=\"T\u00fcrk\u00e7e (TR)\">Kurcalamaya kar\u015f\u0131 alarml\u0131 sa\u011flam kilit g\u00f6vdesi<\/td>\n<td data-label=\"English (EN)\">Robust lock body with tamper alarm<\/td>\n<\/tr>\n<tr>\n<td data-label=\"T\u00fcrk\u00e7e (TR)\">Acil durum g\u00fc\u00e7 kayna\u011f\u0131n\u0131 destekler<\/td>\n<td data-label=\"English (EN)\">Supports emergency power supply<\/td>\n<\/tr>\n<tr>\n<td data-label=\"T\u00fcrk\u00e7e (TR)\">\u00dcr\u00fcn a\u00e7\u0131klamas\u0131 (TR)<\/td>\n<td data-label=\"English (EN)\">DL50FVS, y\u00fcz tan\u0131ma, kamera ve g\u00f6r\u00fcnt\u00fcl\u00fc zil fonksiyonlar\u0131n\u0131 tek bir cihazda birle\u015ftirerek giri\u015f g\u00fcvenli\u011finde yeni bir standart sunar. Ak\u0131ll\u0131 entegrasyonlar ve yerel i\u015fleme se\u00e7enekleriyle hem h\u0131zl\u0131 hem de g\u00fcvenli eri\u015fim sa\u011flar.<\/td>\n<\/tr>\n<\/tbody>\n<\/table>\n<p class=\"note\">\u00b9 Pil \u00f6mr\u00fc kullan\u0131m ve ortama g\u00f6re de\u011fi\u015febilir. \/ \u00b9 Battery life may vary depending on usage and environment.<\/p>\n<\/div>\n<\/div>\n<p>&nbsp;<\/p>","protected":false},"featured_media":3668,"template":"","meta":{"rank_math_lock_modified_date":false},"product_brand":[],"product_cat":[138],"product_tag":[],"class_list":{"0":"post-3645","1":"product","2":"type-product","3":"status-publish","4":"has-post-thumbnail","6":"product_cat-akilli-kilitler","8":"first","9":"instock","10":"shipping-taxable","11":"product-type-simple"},"_links":{"self":[{"href":"https:\/\/itokilit.com.tr\/en\/wp-json\/wp\/v2\/product\/3645","targetHints":{"allow":["GET"]}}],"collection":[{"href":"https:\/\/itokilit.com.tr\/en\/wp-json\/wp\/v2\/product"}],"about":[{"href":"https:\/\/itokilit.com.tr\/en\/wp-json\/wp\/v2\/types\/product"}],"version-history":[{"count":4,"href":"https:\/\/itokilit.com.tr\/en\/wp-json\/wp\/v2\/product\/3645\/revisions"}],"predecessor-version":[{"id":3661,"href":"https:\/\/itokilit.com.tr\/en\/wp-json\/wp\/v2\/product\/3645\/revisions\/3661"}],"wp:featuredmedia":[{"embeddable":true,"href":"https:\/\/itokilit.com.tr\/en\/wp-json\/wp\/v2\/media\/3668"}],"wp:attachment":[{"href":"https:\/\/itokilit.com.tr\/en\/wp-json\/wp\/v2\/media?parent=3645"}],"wp:term":[{"taxonomy":"product_brand","embeddable":true,"href":"https:\/\/itokilit.com.tr\/en\/wp-json\/wp\/v2\/product_brand?post=3645"},{"taxonomy":"product_cat","embeddable":true,"href":"https:\/\/itokilit.com.tr\/en\/wp-json\/wp\/v2\/product_cat?post=3645"},{"taxonomy":"product_tag","embeddable":true,"href":"https:\/\/itokilit.com.tr\/en\/wp-json\/wp\/v2\/product_tag?post=3645"}],"curies":[{"name":"wp","href":"https:\/\/api.w.org\/{rel}","templated":true}]}}