{"id":3637,"date":"2025-11-28T15:41:36","date_gmt":"2025-11-28T15:41:36","guid":{"rendered":"https:\/\/itokilit.com.tr\/?post_type=product&#038;p=3637"},"modified":"2025-12-09T13:07:48","modified_gmt":"2025-12-09T13:07:48","slug":"dl05","status":"publish","type":"product","link":"https:\/\/itokilit.com.tr\/en\/product\/dl05\/","title":{"rendered":"\u0130TO Kilit | DL05 &#8211; Parmak \u0130zi Okuyuculu Ak\u0131ll\u0131 Kilit"},"content":{"rendered":"","protected":false},"excerpt":{"rendered":"<p><span style=\"color: #1b1919; font-size: 28px;\">\u0130TO Kilit DL05\u00a0<\/span><\/p>\n<p><span style=\"color: #1b1919; font-size: 28px;\"> \u00d6zellikler (TR \/ EN)<\/span><\/p>\n<div class=\"container\">\n<div class=\"card\" role=\"region\" aria-label=\"\u0130TO Kilit DL05 \u00f6zellik tablosu\">\n<table>\n<thead>\n<tr>\n<th style=\"width: 45%;\">T\u00fcrk\u00e7e (TR)<\/th>\n<th>English (EN)<\/th>\n<\/tr>\n<\/thead>\n<tbody>\n<tr>\n<td class=\"label\" data-label=\"T\u00fcrk\u00e7e (TR)\">\u0130TO Kilit DL05 Ak\u0131ll\u0131 Kilit<\/td>\n<td data-label=\"English (EN)\">\u0130TO Kilit DL05 Smart Lock<\/td>\n<\/tr>\n<tr>\n<td data-label=\"T\u00fcrk\u00e7e (TR)\">G\u00fcvenli bir eve anahtars\u0131z kolay giri\u015fin tad\u0131n\u0131 \u00e7\u0131kar\u0131n<\/td>\n<td data-label=\"English (EN)\">Enjoy secure, keyless and convenient entry to your home<\/td>\n<\/tr>\n<tr>\n<td data-label=\"T\u00fcrk\u00e7e (TR)\">DL05, ger\u00e7ek anlamda ak\u0131ll\u0131 bir kilidin temel de\u011ferlerine ba\u011fl\u0131 kal\u0131r: a\u00e7\u0131lmas\u0131 kolay, kumandalar\u0131 ak\u0131ll\u0131 ve tasar\u0131m\u0131 g\u00fcvenlidir.<\/td>\n<td data-label=\"English (EN)\">The DL05 stays true to the core values of a truly smart lock: easy to open, intelligent controls and a secure design.<\/td>\n<\/tr>\n<tr>\n<td data-label=\"T\u00fcrk\u00e7e (TR)\">Bluetooth veya Wi\u2011Fi ile ba\u011flanma ve \u0130TO Kilit Uygulamas\u0131yla evinize ba\u011flanma<\/td>\n<td data-label=\"English (EN)\">Bluetooth or Wi\u2011Fi connectivity and connection to your home via the \u0130TO Kilit App<\/td>\n<\/tr>\n<tr>\n<td data-label=\"T\u00fcrk\u00e7e (TR)\">Modern, \u015f\u0131k g\u00f6r\u00fcn\u00fcm &amp; sa\u011flam kilit g\u00f6vdesi<\/td>\n<td data-label=\"English (EN)\">Modern stylish appearance &amp; robust lock body<\/td>\n<\/tr>\n<tr>\n<td data-label=\"T\u00fcrk\u00e7e (TR)\">\u00c7oklu Kilit A\u00e7ma Y\u00f6ntemi<\/td>\n<td data-label=\"English (EN)\">Multiple unlocking methods<\/td>\n<\/tr>\n<tr>\n<td data-label=\"T\u00fcrk\u00e7e (TR)\">\u0130TO Kilit Uygulamas\u0131 arac\u0131l\u0131\u011f\u0131yla Kolay Kontrol<\/td>\n<td data-label=\"English (EN)\">Easy control via the \u0130TO Kilit App<\/td>\n<\/tr>\n<tr>\n<td data-label=\"T\u00fcrk\u00e7e (TR)\">Ger\u00e7ek Zamanl\u0131 Mobil Uyar\u0131lar<\/td>\n<td data-label=\"English (EN)\">Real\u2011time mobile alerts<\/td>\n<\/tr>\n<tr>\n<td data-label=\"T\u00fcrk\u00e7e (TR)\">Ge\u00e7ici Eri\u015fim Kodlar\u0131n\u0131 destekler<\/td>\n<td data-label=\"English (EN)\">Supports temporary access codes<\/td>\n<\/tr>\n<tr>\n<td data-label=\"T\u00fcrk\u00e7e (TR)\">G\u00f6zetleme \u00d6nleme Kodlar\u0131n\u0131 Destekler<\/td>\n<td data-label=\"English (EN)\">Supports anti\u2011peep codes<\/td>\n<\/tr>\n<tr>\n<td data-label=\"T\u00fcrk\u00e7e (TR)\">\u00c7ocuk G\u00fcvenlik Kilidini Destekler<\/td>\n<td data-label=\"English (EN)\">Child safety lock supported<\/td>\n<\/tr>\n<tr>\n<td data-label=\"T\u00fcrk\u00e7e (TR)\">Dahili Elektronik Kap\u0131 Zili<\/td>\n<td data-label=\"English (EN)\">Built\u2011in electronic doorbell<\/td>\n<\/tr>\n<tr>\n<td data-label=\"T\u00fcrk\u00e7e (TR)\">Kurcalama \u00d6nleyici Alarm<\/td>\n<td data-label=\"English (EN)\">Tamper\u2011resistant alarm<\/td>\n<\/tr>\n<tr>\n<td data-label=\"T\u00fcrk\u00e7e (TR)\">Hava Ko\u015fullar\u0131na Dayan\u0131kl\u0131 Tasar\u0131m\u00b9<\/td>\n<td data-label=\"English (EN)\">Weather\u2011resistant design\u00b9<\/td>\n<\/tr>\n<tr>\n<td data-label=\"T\u00fcrk\u00e7e (TR)\">Acil Durum G\u00fc\u00e7 Kayna\u011f\u0131n\u0131 destekler<\/td>\n<td data-label=\"English (EN)\">Supports emergency power supply<\/td>\n<\/tr>\n<tr>\n<td data-label=\"T\u00fcrk\u00e7e (TR)\">D\u00fc\u015f\u00fck Pil Uyar\u0131 Sinyali<\/td>\n<td data-label=\"English (EN)\">Low battery alert<\/td>\n<\/tr>\n<tr>\n<td data-label=\"T\u00fcrk\u00e7e (TR)\">\u0130TO Kameralar\u0131yla Ak\u0131ll\u0131 Entegrasyon\u00b2<\/td>\n<td data-label=\"English (EN)\">Smart integration with \u0130TO cameras\u00b2<\/td>\n<\/tr>\n<tr>\n<td data-label=\"T\u00fcrk\u00e7e (TR)\">\u00dcr\u00fcn a\u00e7\u0131klamas\u0131 (TR)<\/td>\n<td data-label=\"English (EN)\">DL05, modern ve g\u00fcvenli bir giri\u015f deneyimi sunar. \u00c7oklu kilit a\u00e7ma y\u00f6ntemleri, ak\u0131ll\u0131 bildirimler ve sa\u011flam tasar\u0131m\u0131yla evinizi her ko\u015fulda korur.<\/td>\n<\/tr>\n<\/tbody>\n<\/table>\n<p class=\"note\">\u00b9 Hava \u015fartlar\u0131na dayan\u0131kl\u0131l\u0131k model ve b\u00f6lgeye g\u00f6re de\u011fi\u015febilir. \/ \u00b9 Weather resistance may vary by model and region.<br \/>\n\u00b2 Entegrasyon \u00f6zellikleri, kullan\u0131lacak kameralar ve uygulama s\u00fcr\u00fcm\u00fcne g\u00f6re de\u011fi\u015fiklik g\u00f6sterebilir. \/ \u00b2 Integration features may vary depending on camera model and app version.<\/p>\n<\/div>\n<\/div>\n<p>&nbsp;<\/p>","protected":false},"featured_media":3671,"template":"","meta":{"rank_math_lock_modified_date":false},"product_brand":[],"product_cat":[138],"product_tag":[],"class_list":{"0":"post-3637","1":"product","2":"type-product","3":"status-publish","4":"has-post-thumbnail","6":"product_cat-akilli-kilitler","8":"first","9":"instock","10":"shipping-taxable","11":"product-type-simple"},"_links":{"self":[{"href":"https:\/\/itokilit.com.tr\/en\/wp-json\/wp\/v2\/product\/3637","targetHints":{"allow":["GET"]}}],"collection":[{"href":"https:\/\/itokilit.com.tr\/en\/wp-json\/wp\/v2\/product"}],"about":[{"href":"https:\/\/itokilit.com.tr\/en\/wp-json\/wp\/v2\/types\/product"}],"version-history":[{"count":3,"href":"https:\/\/itokilit.com.tr\/en\/wp-json\/wp\/v2\/product\/3637\/revisions"}],"predecessor-version":[{"id":3662,"href":"https:\/\/itokilit.com.tr\/en\/wp-json\/wp\/v2\/product\/3637\/revisions\/3662"}],"wp:featuredmedia":[{"embeddable":true,"href":"https:\/\/itokilit.com.tr\/en\/wp-json\/wp\/v2\/media\/3671"}],"wp:attachment":[{"href":"https:\/\/itokilit.com.tr\/en\/wp-json\/wp\/v2\/media?parent=3637"}],"wp:term":[{"taxonomy":"product_brand","embeddable":true,"href":"https:\/\/itokilit.com.tr\/en\/wp-json\/wp\/v2\/product_brand?post=3637"},{"taxonomy":"product_cat","embeddable":true,"href":"https:\/\/itokilit.com.tr\/en\/wp-json\/wp\/v2\/product_cat?post=3637"},{"taxonomy":"product_tag","embeddable":true,"href":"https:\/\/itokilit.com.tr\/en\/wp-json\/wp\/v2\/product_tag?post=3637"}],"curies":[{"name":"wp","href":"https:\/\/api.w.org\/{rel}","templated":true}]}}