{"id":3628,"date":"2025-11-28T15:37:46","date_gmt":"2025-11-28T15:37:46","guid":{"rendered":"https:\/\/itokilit.com.tr\/?post_type=product&#038;p=3628"},"modified":"2025-12-09T13:08:41","modified_gmt":"2025-12-09T13:08:41","slug":"itokilit-dl01-pro-akilli-kilit","status":"publish","type":"product","link":"https:\/\/itokilit.com.tr\/en\/product\/itokilit-dl01-pro-akilli-kilit\/","title":{"rendered":"\u0130TO Kilit | DL01 Pro &#8211;  Ak\u0131ll\u0131 Kilit"},"content":{"rendered":"","protected":false},"excerpt":{"rendered":"<p><span style=\"color: #1b1919; font-size: 28px;\">\u00d6zellikler (TR \/ EN)<\/span><\/p>\n<div class=\"container\">\n<div class=\"card\" role=\"region\" aria-label=\"\u0130TO Kilit DL01 Pro \u00f6zellik tablosu\">\n<table>\n<thead>\n<tr>\n<th style=\"width: 45%;\">T\u00fcrk\u00e7e (TR)<\/th>\n<th>English (EN)<\/th>\n<\/tr>\n<\/thead>\n<tbody>\n<tr>\n<td class=\"label\" data-label=\"T\u00fcrk\u00e7e (TR)\">\u0130TO Kilit DL01 Pro Smart Lock<\/td>\n<td data-label=\"English (EN)\">\u0130TO Kilit DL01 Pro Smart Lock<\/td>\n<\/tr>\n<tr>\n<td data-label=\"T\u00fcrk\u00e7e (TR)\">Kendin Yap Kurulumu<\/td>\n<td data-label=\"English (EN)\">DIY Installation<\/td>\n<\/tr>\n<tr>\n<td data-label=\"T\u00fcrk\u00e7e (TR)\">Ezviz Uygulamas\u0131 ile Anahtars\u0131z Kilit A\u00e7ma<\/td>\n<td data-label=\"English (EN)\">Keyless Unlock via Ezviz App<\/td>\n<\/tr>\n<tr>\n<td data-label=\"T\u00fcrk\u00e7e (TR)\">Kullan\u0131c\u0131 y\u00f6netimi\u00b9<\/td>\n<td data-label=\"English (EN)\">User management\u00b9<\/td>\n<\/tr>\n<tr>\n<td data-label=\"T\u00fcrk\u00e7e (TR)\">Kilit Durumu Kontrol\u00fc\u00b9<\/td>\n<td data-label=\"English (EN)\">Lock status monitoring\u00b9<\/td>\n<\/tr>\n<tr>\n<td data-label=\"T\u00fcrk\u00e7e (TR)\">Otomatik kilitleme<\/td>\n<td data-label=\"English (EN)\">Auto lock<\/td>\n<\/tr>\n<tr>\n<td data-label=\"T\u00fcrk\u00e7e (TR)\">Gizlilik modu<\/td>\n<td data-label=\"English (EN)\">Privacy mode<\/td>\n<\/tr>\n<tr>\n<td data-label=\"T\u00fcrk\u00e7e (TR)\">A\u00e7\u0131k Kap\u0131 Uyar\u0131s\u0131<\/td>\n<td data-label=\"English (EN)\">Open door alert<\/td>\n<\/tr>\n<tr>\n<td data-label=\"T\u00fcrk\u00e7e (TR)\">Dayan\u0131kl\u0131 Metal Y\u00fczey Kaplamas\u0131<\/td>\n<td data-label=\"English (EN)\">Durable metal surface coating<\/td>\n<\/tr>\n<tr>\n<td data-label=\"T\u00fcrk\u00e7e (TR)\">\u00dcr\u00fcn a\u00e7\u0131klamas\u0131 (EN)<\/td>\n<td data-label=\"English (EN)\">If you&#8217;re looking for an upgraded DIY smart lock that makes your existing deadbolt smarter, the DL01 Pro could be the perfect choice. It upgrades your current deadbolt to be app-controllable and digitally accessible without professional installation. This elegant, sophisticated product lets you enjoy keyless access and greater convenience at home.<\/td>\n<\/tr>\n<tr>\n<td data-label=\"T\u00fcrk\u00e7e (TR)\">\u00dcr\u00fcn a\u00e7\u0131klamas\u0131 (TR)<\/td>\n<td data-label=\"English (EN)\">Kilitinizi daha ak\u0131ll\u0131 hale getirecek yenilenmi\u015f bir DIY ak\u0131ll\u0131 kilit ar\u0131yorsan\u0131z, DL01 Pro sizin i\u00e7in en iyi se\u00e7im olabilir. Profesyonel kuruluma gerek kalmadan mevcut s\u00fcrg\u00fcy\u00fc uygulamayla kontrol edilebilir ve dijital olarak eri\u015filebilir olacak \u015fekilde y\u00fckseltir. Bu zarif, sofistike \u00fcr\u00fcnle art\u0131k evinize anahtars\u0131z eri\u015fimin ve \u00e7ok daha fazla rahatl\u0131\u011f\u0131n keyfini \u00e7\u0131kar\u0131n.<\/td>\n<\/tr>\n<\/tbody>\n<\/table>\n<p class=\"note\">\u00b9 Baz\u0131 fonksiyonlar uygulama s\u00fcr\u00fcm\u00fcne, cihaz modeline veya b\u00f6lgesel d\u00fczenlemelere g\u00f6re de\u011fi\u015fiklik g\u00f6sterebilir. \/ \u00b9 Features may vary depending on app version, device model or regional regulations.<\/p>\n<\/div>\n<\/div>\n<p>&nbsp;<\/p>","protected":false},"featured_media":3677,"template":"","meta":{"rank_math_lock_modified_date":false},"product_brand":[],"product_cat":[138],"product_tag":[],"class_list":{"0":"post-3628","1":"product","2":"type-product","3":"status-publish","4":"has-post-thumbnail","6":"product_cat-akilli-kilitler","8":"first","9":"instock","10":"shipping-taxable","11":"product-type-simple"},"_links":{"self":[{"href":"https:\/\/itokilit.com.tr\/en\/wp-json\/wp\/v2\/product\/3628","targetHints":{"allow":["GET"]}}],"collection":[{"href":"https:\/\/itokilit.com.tr\/en\/wp-json\/wp\/v2\/product"}],"about":[{"href":"https:\/\/itokilit.com.tr\/en\/wp-json\/wp\/v2\/types\/product"}],"version-history":[{"count":5,"href":"https:\/\/itokilit.com.tr\/en\/wp-json\/wp\/v2\/product\/3628\/revisions"}],"predecessor-version":[{"id":3660,"href":"https:\/\/itokilit.com.tr\/en\/wp-json\/wp\/v2\/product\/3628\/revisions\/3660"}],"wp:featuredmedia":[{"embeddable":true,"href":"https:\/\/itokilit.com.tr\/en\/wp-json\/wp\/v2\/media\/3677"}],"wp:attachment":[{"href":"https:\/\/itokilit.com.tr\/en\/wp-json\/wp\/v2\/media?parent=3628"}],"wp:term":[{"taxonomy":"product_brand","embeddable":true,"href":"https:\/\/itokilit.com.tr\/en\/wp-json\/wp\/v2\/product_brand?post=3628"},{"taxonomy":"product_cat","embeddable":true,"href":"https:\/\/itokilit.com.tr\/en\/wp-json\/wp\/v2\/product_cat?post=3628"},{"taxonomy":"product_tag","embeddable":true,"href":"https:\/\/itokilit.com.tr\/en\/wp-json\/wp\/v2\/product_tag?post=3628"}],"curies":[{"name":"wp","href":"https:\/\/api.w.org\/{rel}","templated":true}]}}