{"id":3598,"date":"2025-11-20T08:23:58","date_gmt":"2025-11-20T08:23:58","guid":{"rendered":"https:\/\/itokilit.com.tr\/?post_type=product&#038;p=3598"},"modified":"2025-11-20T08:24:10","modified_gmt":"2025-11-20T08:24:10","slug":"fs01-zemin-icine-gomme-kasa","status":"publish","type":"product","link":"https:\/\/itokilit.com.tr\/en\/product\/fs01-zemin-icine-gomme-kasa\/","title":{"rendered":"FS01 \u2013 Zemin \u0130\u00e7ine  G\u00f6mme Kasa"},"content":{"rendered":"","protected":false},"excerpt":{"rendered":"<table style=\"width: 100%; border-collapse: collapse; font-family: Arial, sans-serif; font-size: 15px;\">\n<tbody>\n<tr>\n<th style=\"text-align: left; padding: 6px 0;\">T\u00dcRK\u00c7E<\/th>\n<th style=\"text-align: left; padding: 6px 0;\">ENGLISH<\/th>\n<\/tr>\n<p><!-- \u00dcR\u00dcN B\u0130LG\u0130LER\u0130 --><\/p>\n<tr>\n<td style=\"padding: 8px 0; border-top: 1px solid #ddd;\"><strong>Model:<\/strong> FS01 \u2013 Zemin Tipi Kasa<\/td>\n<td style=\"padding: 8px 0; border-top: 1px solid #ddd;\"><strong>Model:<\/strong> FS01 \u2013 Floor Safe<\/td>\n<\/tr>\n<tr>\n<td style=\"padding: 8px 0; border-top: 1px solid #ddd;\"><strong>\u00d6l\u00e7\u00fcler:<\/strong> 130\u00d7390\u00d7210 mm<\/td>\n<td style=\"padding: 8px 0; border-top: 1px solid #ddd;\"><strong>Size:<\/strong> 130\u00d7390\u00d7210 mm<\/td>\n<\/tr>\n<tr>\n<td style=\"padding: 8px 0; border-top: 1px solid #ddd;\"><strong>A\u011f\u0131rl\u0131k:<\/strong> 7.5 kg<\/td>\n<td style=\"padding: 8px 0; border-top: 1px solid #ddd;\"><strong>Weight:<\/strong> 7.5 kg<\/td>\n<\/tr>\n<p><!-- \u00d6ZELL\u0130KLER --><\/p>\n<tr>\n<td style=\"padding: 8px 0; border-top: 1px solid #ddd;\"><strong>Tasar\u0131m:<\/strong> Belgeleri ve de\u011ferli e\u015fyalar\u0131 korumak i\u00e7in zemine gizlenebilir \u015fekilde tasarlanm\u0131\u015ft\u0131r.<\/td>\n<td style=\"padding: 8px 0; border-top: 1px solid #ddd;\"><strong>Design:<\/strong> Designed to be hidden in the floor to protect documents and valuables.<\/td>\n<\/tr>\n<tr>\n<td style=\"padding: 8px 0; border-top: 1px solid #ddd;\"><strong>Kilit:<\/strong> Y\u00fcksek kaliteli mekanik kilit ile a\u00e7ma\/kapama yap\u0131l\u0131r.<\/td>\n<td style=\"padding: 8px 0; border-top: 1px solid #ddd;\"><strong>Lock:<\/strong> Open &amp; close with high-quality mechanical lock.<\/td>\n<\/tr>\n<tr>\n<td style=\"padding: 8px 0; border-top: 1px solid #ddd;\"><strong>Yap\u0131:<\/strong> Dayan\u0131kl\u0131 ve g\u00fcvenilir koruma i\u00e7in sa\u011flam \u00e7elik g\u00f6vde.<\/td>\n<td style=\"padding: 8px 0; border-top: 1px solid #ddd;\"><strong>Construction:<\/strong> Solid steel construction for durable and reliable protection.<\/td>\n<\/tr>\n<tr>\n<td style=\"padding: 8px 0; border-top: 1px solid #ddd;\"><strong>S\u00fcrg\u00fc:<\/strong> Tek y\u00f6nl\u00fc 20 mm \u00e7apl\u0131 2 kilit s\u00fcrg\u00fcs\u00fc.<\/td>\n<td style=\"padding: 8px 0; border-top: 1px solid #ddd;\"><strong>Bolt:<\/strong> One-way locking bolts (2 bolts, 20 mm).<\/td>\n<\/tr>\n<tr>\n<td style=\"padding: 8px 0; border-top: 1px solid #ddd;\"><strong>Acil Anahtar:<\/strong> Acil durum kullan\u0131m\u0131 i\u00e7in override anahtar d\u00e2hildir.<\/td>\n<td style=\"padding: 8px 0; border-top: 1px solid #ddd;\"><strong>Override Key:<\/strong> Override key supplied for emergency use.<\/td>\n<\/tr>\n<tr>\n<td style=\"padding: 8px 0; border-top: 1px solid #ddd;\"><strong>\u0130\u00e7 K\u0131s\u0131m:<\/strong> Koruyucu taban minderi d\u00e2hildir.<\/td>\n<td style=\"padding: 8px 0; border-top: 1px solid #ddd%;\"><strong>Interior:<\/strong> Includes protective floor mat.<\/td>\n<\/tr>\n<\/tbody>\n<\/table>","protected":false},"featured_media":3597,"template":"","meta":{"rank_math_lock_modified_date":false},"product_brand":[],"product_cat":[151],"product_tag":[],"class_list":{"0":"post-3598","1":"product","2":"type-product","3":"status-publish","4":"has-post-thumbnail","6":"product_cat-zemin-icine-gomme-kasa","8":"first","9":"instock","10":"shipping-taxable","11":"product-type-simple"},"_links":{"self":[{"href":"https:\/\/itokilit.com.tr\/en\/wp-json\/wp\/v2\/product\/3598","targetHints":{"allow":["GET"]}}],"collection":[{"href":"https:\/\/itokilit.com.tr\/en\/wp-json\/wp\/v2\/product"}],"about":[{"href":"https:\/\/itokilit.com.tr\/en\/wp-json\/wp\/v2\/types\/product"}],"version-history":[{"count":1,"href":"https:\/\/itokilit.com.tr\/en\/wp-json\/wp\/v2\/product\/3598\/revisions"}],"predecessor-version":[{"id":3601,"href":"https:\/\/itokilit.com.tr\/en\/wp-json\/wp\/v2\/product\/3598\/revisions\/3601"}],"wp:featuredmedia":[{"embeddable":true,"href":"https:\/\/itokilit.com.tr\/en\/wp-json\/wp\/v2\/media\/3597"}],"wp:attachment":[{"href":"https:\/\/itokilit.com.tr\/en\/wp-json\/wp\/v2\/media?parent=3598"}],"wp:term":[{"taxonomy":"product_brand","embeddable":true,"href":"https:\/\/itokilit.com.tr\/en\/wp-json\/wp\/v2\/product_brand?post=3598"},{"taxonomy":"product_cat","embeddable":true,"href":"https:\/\/itokilit.com.tr\/en\/wp-json\/wp\/v2\/product_cat?post=3598"},{"taxonomy":"product_tag","embeddable":true,"href":"https:\/\/itokilit.com.tr\/en\/wp-json\/wp\/v2\/product_tag?post=3598"}],"curies":[{"name":"wp","href":"https:\/\/api.w.org\/{rel}","templated":true}]}}