{"id":3592,"date":"2025-11-20T08:17:25","date_gmt":"2025-11-20T08:17:25","guid":{"rendered":"https:\/\/itokilit.com.tr\/?post_type=product&#038;p=3592"},"modified":"2025-11-20T08:17:25","modified_gmt":"2025-11-20T08:17:25","slug":"ws0202e11530-ws-5e6g-duvar-tipi-kasa","status":"publish","type":"product","link":"https:\/\/itokilit.com.tr\/en\/product\/ws0202e11530-ws-5e6g-duvar-tipi-kasa\/","title":{"rendered":"WS0202E11530 (WS-5E6G)   Duvar Tipi Kasa"},"content":{"rendered":"","protected":false},"excerpt":{"rendered":"<table style=\"width: 100%; border-collapse: collapse; font-family: Arial, sans-serif; font-size: 15px;\">\n<tbody>\n<tr>\n<th style=\"text-align: left; padding: 6px 0;\">T\u00dcRK\u00c7E<\/th>\n<th style=\"text-align: left; padding: 6px 0;\">ENGLISH<\/th>\n<\/tr>\n<p><!-- \u00dcR\u00dcN B\u0130LG\u0130LER\u0130 --><\/p>\n<tr>\n<td style=\"padding: 8px 0; border-top: 1px solid #ddd;\"><strong>Model:<\/strong> WS0202E11530 (WS-56EG) \u2013 Duvar Tipi Kasa<\/td>\n<td style=\"padding: 8px 0; border-top: 1px solid #ddd;\"><strong>Model:<\/strong> WS0202E11530 (WS-56EG) \u2013 Wall Safe<\/td>\n<\/tr>\n<tr>\n<td style=\"padding: 8px 0; border-top: 1px solid #ddd;\"><strong>\u00d6n \u00d6l\u00e7\u00fcler:<\/strong> Y\u00fckseklik 570 \u00d7 Geni\u015flik 390 \u00d7 Derinlik 100 mm<\/td>\n<td style=\"padding: 8px 0; border-top: 1px solid #ddd;\"><strong>Front (H\u00d7W\u00d7D):<\/strong> 570 \u00d7 390 \u00d7 100 mm<\/td>\n<\/tr>\n<tr>\n<td style=\"padding: 8px 0; border-top: 1px solid #ddd;\"><strong>Arka \u00d6l\u00e7\u00fcler:<\/strong> Y\u00fckseklik 525 \u00d7 Geni\u015flik 350 \u00d7 Derinlik 95 mm<\/td>\n<td style=\"padding: 8px 0; border-top: 1px solid #ddd%;\"><strong>Back (H\u00d7W\u00d7D):<\/strong> 525 \u00d7 350 \u00d7 95 mm<\/td>\n<\/tr>\n<tr>\n<td style=\"padding: 8px 0; border-top: 1px solid #ddd;\"><strong>A\u011f\u0131rl\u0131k:<\/strong> 11 kg<\/td>\n<td style=\"padding: 8px 0; border-top: 1px solid #ddd;\"><strong>Weight:<\/strong> 11 kg<\/td>\n<\/tr>\n<p><!-- \u00d6ZELL\u0130KLER --><\/p>\n<tr>\n<td style=\"padding: 8px 0; border-top: 1px solid #ddd;\"><strong>Tasar\u0131m:<\/strong> Belgeleri ve de\u011ferli e\u015fyalar\u0131 korumak i\u00e7in duvar i\u00e7ine g\u00f6m\u00fcl\u00fc \u015fekilde tasarlanm\u0131\u015ft\u0131r.<\/td>\n<td style=\"padding: 8px 0; border-top: 1px solid #ddd;\"><strong>Design:<\/strong> Designed to be hidden in the wall to protect documents and valuables.<\/td>\n<\/tr>\n<tr>\n<td style=\"padding: 8px 0; border-top: 1px solid #ddd;\"><strong>Kod:<\/strong> 3\u20138 haneli dijital \u015fifre ile a\u00e7ma \/ kapama.<\/td>\n<td style=\"padding: 8px 0; border-top: 1px solid #ddd%;\"><strong>Code:<\/strong> Open &amp; close with 3\u20138 digital code.<\/td>\n<\/tr>\n<tr>\n<td style=\"padding: 8px 0; border-top: 1px solid #ddd;\"><strong>\u00c7al\u0131\u015fma Sistemi:<\/strong> Solenoid sisteme ba\u011fl\u0131 buton \u00e7al\u0131\u015fma mekanizmas\u0131.<\/td>\n<td style=\"padding: 8px 0; border-top: 1px solid #ddd%;\"><strong>Working System:<\/strong> Knob working connected to solenoid system.<\/td>\n<\/tr>\n<tr>\n<td style=\"padding: 8px 0; border-top: 1px solid #ddd;\"><strong>Reset Tu\u015fu:<\/strong> Reset tu\u015fu ile \u015fifre kolayca de\u011fi\u015ftirilebilir.<\/td>\n<td style=\"padding: 8px 0; border-top: 1px solid #ddd%;\"><strong>Reset Button:<\/strong> Change the code easily with reset button.<\/td>\n<\/tr>\n<tr>\n<td style=\"padding: 8px 0; border-top: 1px solid #ddd;\"><strong>S\u00fcrg\u00fc:<\/strong> Tek y\u00f6nl\u00fc kilitleme s\u00fcrg\u00fcleri (20 mm \u00e7ap\u0131nda 2 adet).<\/td>\n<td style=\"padding: 8px 0; border-top: 1px solid #ddd%;\"><strong>Bolt:<\/strong> One-way locking bolts (2 bolts, 20 mm).<\/td>\n<\/tr>\n<tr>\n<td style=\"padding: 8px 0; border-top: 1px solid #ddd;\"><strong>Acil Anahtar:<\/strong> Acil durum kullan\u0131m\u0131na uygun override anahtar i\u00e7erir.<\/td>\n<td style=\"padding: 8px 0; border-top: 1px solid #ddd%;\"><strong>Override Key:<\/strong> Override key supplied for emergency use.<\/td>\n<\/tr>\n<tr>\n<td style=\"padding: 8px 0; border-top: 1px solid #ddd;\"><strong>\u0130\u00e7 K\u0131s\u0131m:<\/strong> Koruyucu taban minderi dahildir.<\/td>\n<td style=\"padding: 8px 0; border-top: 1px solid #ddd%;\"><strong>Interior:<\/strong> Includes protective floor mat.<\/td>\n<\/tr>\n<tr>\n<td style=\"padding: 8px 0; border-top: 1px solid #ddd;\"><strong>Pil:<\/strong> 4 \u00d7 1.5V AA pil ile \u00e7al\u0131\u015f\u0131r.<\/td>\n<td style=\"padding: 8px 0; border-top: 1px solid #ddd%;\"><strong>Battery:<\/strong> Runs on 4 \u00d7 1.5V AA batteries.<\/td>\n<\/tr>\n<tr>\n<td style=\"padding: 8px 0; border-top: 1px solid #ddd;\"><strong>Montaj:<\/strong> Arka k\u0131s\u0131mda haz\u0131r montaj delikleri (montaj vidalar\u0131 dahil).<\/td>\n<td style=\"padding: 8px 0; border-top: 1px solid #ddd%;\"><strong>Fixing:<\/strong> Pre-drilled holes at the back (fixings included).<\/td>\n<\/tr>\n<\/tbody>\n<\/table>","protected":false},"featured_media":3591,"template":"","meta":{"rank_math_lock_modified_date":false},"product_brand":[],"product_cat":[150],"product_tag":[],"class_list":{"0":"post-3592","1":"product","2":"type-product","3":"status-publish","4":"has-post-thumbnail","6":"product_cat-duvar-tipi-kasa","8":"first","9":"instock","10":"shipping-taxable","11":"product-type-simple"},"_links":{"self":[{"href":"https:\/\/itokilit.com.tr\/en\/wp-json\/wp\/v2\/product\/3592","targetHints":{"allow":["GET"]}}],"collection":[{"href":"https:\/\/itokilit.com.tr\/en\/wp-json\/wp\/v2\/product"}],"about":[{"href":"https:\/\/itokilit.com.tr\/en\/wp-json\/wp\/v2\/types\/product"}],"version-history":[{"count":2,"href":"https:\/\/itokilit.com.tr\/en\/wp-json\/wp\/v2\/product\/3592\/revisions"}],"predecessor-version":[{"id":3596,"href":"https:\/\/itokilit.com.tr\/en\/wp-json\/wp\/v2\/product\/3592\/revisions\/3596"}],"wp:featuredmedia":[{"embeddable":true,"href":"https:\/\/itokilit.com.tr\/en\/wp-json\/wp\/v2\/media\/3591"}],"wp:attachment":[{"href":"https:\/\/itokilit.com.tr\/en\/wp-json\/wp\/v2\/media?parent=3592"}],"wp:term":[{"taxonomy":"product_brand","embeddable":true,"href":"https:\/\/itokilit.com.tr\/en\/wp-json\/wp\/v2\/product_brand?post=3592"},{"taxonomy":"product_cat","embeddable":true,"href":"https:\/\/itokilit.com.tr\/en\/wp-json\/wp\/v2\/product_cat?post=3592"},{"taxonomy":"product_tag","embeddable":true,"href":"https:\/\/itokilit.com.tr\/en\/wp-json\/wp\/v2\/product_tag?post=3592"}],"curies":[{"name":"wp","href":"https:\/\/api.w.org\/{rel}","templated":true}]}}