{"id":3585,"date":"2025-11-20T08:12:26","date_gmt":"2025-11-20T08:12:26","guid":{"rendered":"https:\/\/itokilit.com.tr\/?post_type=product&#038;p=3585"},"modified":"2025-11-20T08:12:27","modified_gmt":"2025-11-20T08:12:27","slug":"12k-3-anahtarlik-kutusu","status":"publish","type":"product","link":"https:\/\/itokilit.com.tr\/en\/product\/12k-3-anahtarlik-kutusu\/","title":{"rendered":"12K-3 \u2013 Anahtarl\u0131k Kutusu"},"content":{"rendered":"","protected":false},"excerpt":{"rendered":"<table style=\"width: 100%; border-collapse: collapse; font-family: Arial, sans-serif; font-size: 15px;\">\n<tbody>\n<tr>\n<th style=\"text-align: left; padding: 6px 0;\">T\u00dcRK\u00c7E<\/th>\n<th style=\"text-align: left; padding: 6px 0;\">ENGLISH<\/th>\n<\/tr>\n<p><!-- \u00dcR\u00dcN B\u0130LG\u0130LER\u0130 --><\/p>\n<tr>\n<td style=\"padding: 8px 0; border-top: 1px solid #ddd;\"><strong>Model:<\/strong> 12K-3 Anahtar Kutusu<\/td>\n<td style=\"padding: 8px 0; border-top: 1px solid #ddd;\"><strong>Model:<\/strong> 12K-3 Key Box<\/td>\n<\/tr>\n<tr>\n<td style=\"padding: 8px 0; border-top: 1px solid #ddd;\"><strong>\u00d6l\u00e7\u00fcler:<\/strong> 115\u00d785\u00d740 mm<\/td>\n<td style=\"padding: 8px 0; border-top: 1px solid #ddd;\"><strong>Size:<\/strong> 115\u00d785\u00d740 mm<\/td>\n<\/tr>\n<tr>\n<td style=\"padding: 8px 0; border-top: 1px solid #ddd;\"><strong>A\u011f\u0131rl\u0131k:<\/strong> 0.46 kg (30 adet\/koli)<\/td>\n<td style=\"padding: 8px 0; border-top: 1px solid #ddd;\"><strong>Weight:<\/strong> 0.46 kg (30 pcs\/ctn)<\/td>\n<\/tr>\n<tr>\n<td style=\"padding: 8px 0; border-top: 1px solid #ddd;\"><strong>Renk:<\/strong> Gri ve Siyah<\/td>\n<td style=\"padding: 8px 0; border-top: 1px solid #ddd;\"><strong>Color:<\/strong> Grey and Black<\/td>\n<\/tr>\n<p><!-- \u00d6ZELL\u0130KLER --><\/p>\n<tr>\n<td style=\"padding: 8px 0; border-top: 1px solid #ddd;\"><strong>Mekanik Kod:<\/strong> Mekanik \u015fifreli anahtar kutusu.<\/td>\n<td style=\"padding: 8px 0; border-top: 1px solid #ddd;\"><strong>Mechanical Code:<\/strong> Key box with mechanical code.<\/td>\n<\/tr>\n<tr>\n<td style=\"padding: 8px 0; border-top: 1px solid #ddd;\"><strong>Montaj:<\/strong> Duvara monte edilebilir (4 adet montaj vidas\u0131 dahil).<\/td>\n<td style=\"padding: 8px 0; border-top: 1px solid #ddd%;\"><strong>Installation:<\/strong> Can be installed on the wall (4 fixing screws included).<\/td>\n<\/tr>\n<tr>\n<td style=\"padding: 8px 0; border-top: 1px solid #ddd;\"><strong>Kod Kapa\u011f\u0131:<\/strong> \u015eifre g\u00fcvenli\u011fi i\u00e7in mekanik kod kapa\u011f\u0131 mevcuttur.<\/td>\n<td style=\"padding: 8px 0; border-top: 1px solid #ddd%;\"><strong>Code Cover:<\/strong> There is a cover for the mechanical code to ensure security.<\/td>\n<\/tr>\n<tr>\n<td style=\"padding: 8px 0; border-top: 1px solid #ddd;\"><strong>Y\u00fczey:<\/strong> Toz boya kaplama.<\/td>\n<td style=\"padding: 8px 0; border-top: 1px solid #ddd%;\"><strong>Finish:<\/strong> Powder coating.<\/td>\n<\/tr>\n<tr>\n<td style=\"padding: 8px 0; border-top: 1px solid #ddd;\"><strong>Malzeme:<\/strong> Al\u00fcminyum ala\u015f\u0131m.<\/td>\n<td style=\"padding: 8px 0; border-top: 1px solid #ddd%;\"><strong>Material:<\/strong> Aluminum alloy.<\/td>\n<\/tr>\n<\/tbody>\n<\/table>","protected":false},"featured_media":3584,"template":"","meta":{"rank_math_lock_modified_date":false},"product_brand":[],"product_cat":[149],"product_tag":[],"class_list":{"0":"post-3585","1":"product","2":"type-product","3":"status-publish","4":"has-post-thumbnail","6":"product_cat-anahtarlik-kutusu","8":"first","9":"instock","10":"shipping-taxable","11":"product-type-simple"},"_links":{"self":[{"href":"https:\/\/itokilit.com.tr\/en\/wp-json\/wp\/v2\/product\/3585","targetHints":{"allow":["GET"]}}],"collection":[{"href":"https:\/\/itokilit.com.tr\/en\/wp-json\/wp\/v2\/product"}],"about":[{"href":"https:\/\/itokilit.com.tr\/en\/wp-json\/wp\/v2\/types\/product"}],"version-history":[{"count":1,"href":"https:\/\/itokilit.com.tr\/en\/wp-json\/wp\/v2\/product\/3585\/revisions"}],"predecessor-version":[{"id":3590,"href":"https:\/\/itokilit.com.tr\/en\/wp-json\/wp\/v2\/product\/3585\/revisions\/3590"}],"wp:featuredmedia":[{"embeddable":true,"href":"https:\/\/itokilit.com.tr\/en\/wp-json\/wp\/v2\/media\/3584"}],"wp:attachment":[{"href":"https:\/\/itokilit.com.tr\/en\/wp-json\/wp\/v2\/media?parent=3585"}],"wp:term":[{"taxonomy":"product_brand","embeddable":true,"href":"https:\/\/itokilit.com.tr\/en\/wp-json\/wp\/v2\/product_brand?post=3585"},{"taxonomy":"product_cat","embeddable":true,"href":"https:\/\/itokilit.com.tr\/en\/wp-json\/wp\/v2\/product_cat?post=3585"},{"taxonomy":"product_tag","embeddable":true,"href":"https:\/\/itokilit.com.tr\/en\/wp-json\/wp\/v2\/product_tag?post=3585"}],"curies":[{"name":"wp","href":"https:\/\/api.w.org\/{rel}","templated":true}]}}