{"id":3579,"date":"2025-11-20T08:04:21","date_gmt":"2025-11-20T08:04:21","guid":{"rendered":"https:\/\/itokilit.com.tr\/?post_type=product&#038;p=3579"},"modified":"2025-11-20T08:04:21","modified_gmt":"2025-11-20T08:04:21","slug":"yfc-25c-kombinasyonlu-para-kasasi","status":"publish","type":"product","link":"https:\/\/itokilit.com.tr\/en\/product\/yfc-25c-kombinasyonlu-para-kasasi\/","title":{"rendered":"YFC-25C \u2013 Kombinasyonlu Para Kasas\u0131"},"content":{"rendered":"","protected":false},"excerpt":{"rendered":"<table style=\"width: 100%; border-collapse: collapse; font-family: Arial, sans-serif; font-size: 15px;\">\n<tbody>\n<tr>\n<th style=\"text-align: left; padding: 6px 0;\">T\u00dcRK\u00c7E<\/th>\n<th style=\"text-align: left; padding: 6px 0;\">ENGLISH<\/th>\n<\/tr>\n<p><!-- \u00dcR\u00dcN B\u0130LG\u0130LER\u0130 --><\/p>\n<tr>\n<td style=\"padding: 8px 0; border-top: 1px solid #ddd;\"><strong>Model:<\/strong> YFC-25C \u2013 Kombinasyon Kilitli Para Kasas\u0131<\/td>\n<td style=\"padding: 8px 0; border-top: 1px solid #ddd;\"><strong>Model:<\/strong> YFC-25C \u2013 Cash Box Combo Lock<\/td>\n<\/tr>\n<tr>\n<td style=\"padding: 8px 0; border-top: 1px solid #ddd;\"><strong>\u00d6l\u00e7\u00fcler:<\/strong> 90\u00d7250\u00d7180 mm<\/td>\n<td style=\"padding: 8px 0; border-top: 1px solid #ddd;\"><strong>Size:<\/strong> 90\u00d7250\u00d7180 mm<\/td>\n<\/tr>\n<tr>\n<td style=\"padding: 8px 0; border-top: 1px solid #ddd;\"><strong>A\u011f\u0131rl\u0131k:<\/strong> 1.2 kg (10 adet\/koli)<\/td>\n<td style=\"padding: 8px 0; border-top: 1px solid #ddd;\"><strong>Weight:<\/strong> 1.2 kg (10 pcs\/ctn)<\/td>\n<\/tr>\n<tr>\n<td style=\"padding: 8px 0; border-top: 1px solid #ddd;\"><strong>Renk:<\/strong> Sadece Siyah<\/td>\n<td style=\"padding: 8px 0; border-top: 1px solid #ddd;\"><strong>Color:<\/strong> Only Black<\/td>\n<\/tr>\n<p><!-- \u00d6ZELL\u0130KLER --><\/p>\n<tr>\n<td style=\"padding: 8px 0; border-top: 1px solid #ddd;\"><strong>Kilit:<\/strong> Anahtarl\u0131 veya kombinasyonlu kilit se\u00e7ene\u011fi.<\/td>\n<td style=\"padding: 8px 0; border-top: 1px solid #ddd;\"><strong>Lock:<\/strong> Key lock or combo lock.<\/td>\n<\/tr>\n<tr>\n<td style=\"padding: 8px 0; border-top: 1px solid #ddd;\"><strong>Tepsi:<\/strong> De\u011ferli e\u015fyalar ve bozuk paralar i\u00e7in siyah i\u00e7 tepsi.<\/td>\n<td style=\"padding: 8px 0; border-top: 1px solid #ddd;\"><strong>Tray:<\/strong> Comes with a black tray to keep valuables and coins.<\/td>\n<\/tr>\n<tr>\n<td style=\"padding: 8px 0; border-top: 1px solid #ddd;\"><strong>Ta\u015f\u0131ma:<\/strong> Kolay ta\u015f\u0131mak i\u00e7in \u00fcst ta\u015f\u0131ma kolu vard\u0131r.<\/td>\n<td style=\"padding: 8px 0; border-top: 1px solid #ddd;\"><strong>Handle:<\/strong> With a handle to make transport easier.<\/td>\n<\/tr>\n<tr>\n<td style=\"padding: 8px 0; border-top: 1px solid #ddd;\"><strong>Kullan\u0131m Alan\u0131:<\/strong> Ev ve i\u015f yeri kullan\u0131m\u0131 i\u00e7in portatif para kasas\u0131.<\/td>\n<td style=\"padding: 8px 0; border-top: 1px solid #ddd;\"><strong>Use:<\/strong> Portable money box for home and business use.<\/td>\n<\/tr>\n<tr>\n<td style=\"padding: 8px 0; border-top: 1px solid #ddd;\"><strong>Renk Se\u00e7enekleri:<\/strong> Siyah, k\u0131rm\u0131z\u0131, mavi (opsiyonel).<\/td>\n<td style=\"padding: 8px 0; border-top: 1px solid #ddd;\"><strong>Color Options:<\/strong> Black, red, blue (optional).<\/td>\n<\/tr>\n<tr>\n<td style=\"padding: 8px 0; border-top: 1px solid #ddd;\"><strong>Paketleme:<\/strong> Ekstra renk etiketi ve i\u00e7 kahverengi kutu bulunmaktad\u0131r.<\/td>\n<td style=\"padding: 8px 0; border-top: 1px solid #ddd;\"><strong>Packing:<\/strong> Extra color label and inner brown box included.<\/td>\n<\/tr>\n<\/tbody>\n<\/table>","protected":false},"featured_media":3578,"template":"","meta":{"rank_math_lock_modified_date":false},"product_brand":[],"product_cat":[148],"product_tag":[],"class_list":{"0":"post-3579","1":"product","2":"type-product","3":"status-publish","4":"has-post-thumbnail","6":"product_cat-para-kasasi","8":"first","9":"instock","10":"shipping-taxable","11":"product-type-simple"},"_links":{"self":[{"href":"https:\/\/itokilit.com.tr\/en\/wp-json\/wp\/v2\/product\/3579","targetHints":{"allow":["GET"]}}],"collection":[{"href":"https:\/\/itokilit.com.tr\/en\/wp-json\/wp\/v2\/product"}],"about":[{"href":"https:\/\/itokilit.com.tr\/en\/wp-json\/wp\/v2\/types\/product"}],"version-history":[{"count":2,"href":"https:\/\/itokilit.com.tr\/en\/wp-json\/wp\/v2\/product\/3579\/revisions"}],"predecessor-version":[{"id":3583,"href":"https:\/\/itokilit.com.tr\/en\/wp-json\/wp\/v2\/product\/3579\/revisions\/3583"}],"wp:featuredmedia":[{"embeddable":true,"href":"https:\/\/itokilit.com.tr\/en\/wp-json\/wp\/v2\/media\/3578"}],"wp:attachment":[{"href":"https:\/\/itokilit.com.tr\/en\/wp-json\/wp\/v2\/media?parent=3579"}],"wp:term":[{"taxonomy":"product_brand","embeddable":true,"href":"https:\/\/itokilit.com.tr\/en\/wp-json\/wp\/v2\/product_brand?post=3579"},{"taxonomy":"product_cat","embeddable":true,"href":"https:\/\/itokilit.com.tr\/en\/wp-json\/wp\/v2\/product_cat?post=3579"},{"taxonomy":"product_tag","embeddable":true,"href":"https:\/\/itokilit.com.tr\/en\/wp-json\/wp\/v2\/product_tag?post=3579"}],"curies":[{"name":"wp","href":"https:\/\/api.w.org\/{rel}","templated":true}]}}