{"id":3573,"date":"2025-11-20T07:57:16","date_gmt":"2025-11-20T07:57:16","guid":{"rendered":"https:\/\/itokilit.com.tr\/?post_type=product&#038;p=3573"},"modified":"2025-11-20T07:57:27","modified_gmt":"2025-11-20T07:57:27","slug":"1450ea-5-silah-kasasi","status":"publish","type":"product","link":"https:\/\/itokilit.com.tr\/en\/product\/1450ea-5-silah-kasasi\/","title":{"rendered":"1450EA-5 \u2013 Silah Kasas\u0131"},"content":{"rendered":"","protected":false},"excerpt":{"rendered":"<table style=\"width: 100%; border-collapse: collapse; font-family: Arial, sans-serif; font-size: 15px;\">\n<tbody>\n<tr>\n<th style=\"text-align: left; padding: 6px 0;\">T\u00dcRK\u00c7E<\/th>\n<th style=\"text-align: left; padding: 6px 0;\">ENGLISH<\/th>\n<\/tr>\n<p><!-- \u00dcR\u00dcN B\u0130LG\u0130LER\u0130 --><\/p>\n<tr>\n<td style=\"padding: 8px 0; border-top: 1px solid #ddd;\"><strong>Model:<\/strong> 1450EA-5 &#8211; Uzun Silah Kasas\u0131<\/td>\n<td style=\"padding: 8px 0; border-top: 1px solid #ddd;\"><strong>Model:<\/strong> 1450EA-5 &#8211; Gun Safe<\/td>\n<\/tr>\n<tr>\n<td style=\"padding: 8px 0; border-top: 1px solid #ddd;\"><strong>D\u0131\u015f \u00d6l\u00e7\u00fcler:<\/strong> 1450\u00d7350\u00d7340 mm<\/td>\n<td style=\"padding: 8px 0; border-top: 1px solid #ddd;\"><strong>External:<\/strong> 1450\u00d7350\u00d7340 mm<\/td>\n<\/tr>\n<tr>\n<td style=\"padding: 8px 0; border-top: 1px solid #ddd;\"><strong>A\u011f\u0131rl\u0131k:<\/strong> 48.5 kg<\/td>\n<td style=\"padding: 8px 0; border-top: 1px solid #ddd;\"><strong>Weight:<\/strong> 48.5 kg<\/td>\n<\/tr>\n<tr>\n<td style=\"padding: 8px 0; border-top: 1px solid #ddd;\"><strong>Renk:<\/strong> Siyah<\/td>\n<td style=\"padding: 8px 0; border-top: 1px solid #ddd;\"><strong>Color:<\/strong> Black<\/td>\n<\/tr>\n<p><!-- \u00d6ZELL\u0130KLER --><\/p>\n<tr>\n<td style=\"padding: 8px 0; border-top: 1px solid #ddd;\"><strong>Ana Yap\u0131:<\/strong> Dayan\u0131kl\u0131, a\u011f\u0131r hizmet tipi toz boya kaplama y\u00fczey.<\/td>\n<td style=\"padding: 8px 0; border-top: 1px solid #ddd;\"><strong>Construction:<\/strong> Durable heavy-duty, powder-coated finish.<\/td>\n<\/tr>\n<tr>\n<td style=\"padding: 8px 0; border-top: 1px solid #ddd;\"><strong>Montaj:<\/strong> Alt ve arka k\u0131s\u0131mda haz\u0131r montaj delikleri (vida dahil).<\/td>\n<td style=\"padding: 8px 0; border-top: 1px solid #ddd;\"><strong>Fixing:<\/strong> Pre-drilled holes at the bottom and back (fixings included).<\/td>\n<\/tr>\n<tr>\n<td style=\"padding: 8px 0; border-top: 1px solid #ddd;\"><strong>Tutucular:<\/strong> 5 adet k\u00f6p\u00fck tabanca tutucu.<\/td>\n<td style=\"padding: 8px 0; border-top: 1px solid #ddd;\"><strong>Holders:<\/strong> 5 foam gun holders.<\/td>\n<\/tr>\n<tr>\n<td style=\"padding: 8px 0; border-top: 1px solid #ddd;\"><strong>Kulp:<\/strong> Kap\u0131 a\u00e7ma\/kapama i\u00e7in L tipi kap\u0131 kolu.<\/td>\n<td style=\"padding: 8px 0; border-top: 1px solid #ddd;\"><strong>Handle:<\/strong> L handle for opening &amp; closing the door.<\/td>\n<\/tr>\n<tr>\n<td style=\"padding: 8px 0; border-top: 1px solid #ddd;\"><strong>\u0130\u00e7 Taban:<\/strong> Koruyucu taban minderi dahildir.<\/td>\n<td style=\"padding: 8px 0; border-top: 1px solid #ddd;\"><strong>Floor Mat:<\/strong> Protective floor mat included.<\/td>\n<\/tr>\n<tr>\n<td style=\"padding: 8px 0; border-top: 1px solid #ddd;\"><strong>Acil Anahtar:<\/strong> A\u00e7ma ve kapama i\u00e7in 2 adet yedek acil durum anahtar\u0131.<\/td>\n<td style=\"padding: 8px 0; border-top: 1px solid #ddd;\"><strong>Emergency Keys:<\/strong> 2 supply emergency keys for opening and closing the safe.<\/td>\n<\/tr>\n<tr>\n<td style=\"padding: 8px 0; border-top: 1px solid #ddd;\"><strong>Kilitleme Sistemi:<\/strong> \u00dc\u00e7 y\u00f6nl\u00fc kilit sistemi (\u03a620 mm \u00e7ap\u0131nda 5 adet kilit s\u00fcrg\u00fcs\u00fc).<\/td>\n<td style=\"padding: 8px 0; border-top: 1px solid #ddd;\"><strong>Locking Bolts:<\/strong> Three-way locking bolts (5 bolts with \u03a620 mm).<\/td>\n<\/tr>\n<tr>\n<td style=\"padding: 8px 0; border-top: 1px solid #ddd;\"><strong>M\u00fchimmat B\u00f6lmesi:<\/strong> Ayr\u0131, kilitlenebilir m\u00fchimmat saklama b\u00f6lmesi.<\/td>\n<td style=\"padding: 8px 0; border-top: 1px solid #ddd;\"><strong>Ammo Storage:<\/strong> Separate lockable ammo storage.<\/td>\n<\/tr>\n<\/tbody>\n<\/table>","protected":false},"featured_media":3574,"template":"","meta":{"rank_math_lock_modified_date":false},"product_brand":[],"product_cat":[147],"product_tag":[],"class_list":{"0":"post-3573","1":"product","2":"type-product","3":"status-publish","4":"has-post-thumbnail","6":"product_cat-silah-kasasi","8":"first","9":"instock","10":"shipping-taxable","11":"product-type-simple"},"_links":{"self":[{"href":"https:\/\/itokilit.com.tr\/en\/wp-json\/wp\/v2\/product\/3573","targetHints":{"allow":["GET"]}}],"collection":[{"href":"https:\/\/itokilit.com.tr\/en\/wp-json\/wp\/v2\/product"}],"about":[{"href":"https:\/\/itokilit.com.tr\/en\/wp-json\/wp\/v2\/types\/product"}],"version-history":[{"count":1,"href":"https:\/\/itokilit.com.tr\/en\/wp-json\/wp\/v2\/product\/3573\/revisions"}],"predecessor-version":[{"id":3577,"href":"https:\/\/itokilit.com.tr\/en\/wp-json\/wp\/v2\/product\/3573\/revisions\/3577"}],"wp:featuredmedia":[{"embeddable":true,"href":"https:\/\/itokilit.com.tr\/en\/wp-json\/wp\/v2\/media\/3574"}],"wp:attachment":[{"href":"https:\/\/itokilit.com.tr\/en\/wp-json\/wp\/v2\/media?parent=3573"}],"wp:term":[{"taxonomy":"product_brand","embeddable":true,"href":"https:\/\/itokilit.com.tr\/en\/wp-json\/wp\/v2\/product_brand?post=3573"},{"taxonomy":"product_cat","embeddable":true,"href":"https:\/\/itokilit.com.tr\/en\/wp-json\/wp\/v2\/product_cat?post=3573"},{"taxonomy":"product_tag","embeddable":true,"href":"https:\/\/itokilit.com.tr\/en\/wp-json\/wp\/v2\/product_tag?post=3573"}],"curies":[{"name":"wp","href":"https:\/\/api.w.org\/{rel}","templated":true}]}}