{"id":3566,"date":"2025-11-20T07:48:44","date_gmt":"2025-11-20T07:48:44","guid":{"rendered":"https:\/\/itokilit.com.tr\/?post_type=product&#038;p=3566"},"modified":"2025-11-20T07:48:44","modified_gmt":"2025-11-20T07:48:44","slug":"iki-tabancalik-pistol-kasasi","status":"publish","type":"product","link":"https:\/\/itokilit.com.tr\/en\/product\/iki-tabancalik-pistol-kasasi\/","title":{"rendered":"\u0130ki Tabancal\u0131k Pistol Kasas\u0131"},"content":{"rendered":"","protected":false},"excerpt":{"rendered":"<table style=\"width: 100%; border-collapse: collapse; font-family: Arial, sans-serif; font-size: 15px;\">\n<tbody>\n<tr>\n<th style=\"text-align: left; padding: 6px 0;\">T\u00dcRK\u00c7E<\/th>\n<th style=\"text-align: left; padding: 6px 0;\">ENGLISH<\/th>\n<\/tr>\n<p><!-- \u00dcR\u00dcN B\u0130LG\u0130LER\u0130 --><\/p>\n<tr>\n<td style=\"padding: 8px 0; border-top: 1px solid #ddd;\"><strong>Model:<\/strong> PS2902 &#8211; \u0130ki Tabancal\u0131 Pistol Kasas\u0131<\/td>\n<td style=\"padding: 8px 0; border-top: 1px solid #ddd;\"><strong>Model:<\/strong> PS2902 &#8211; Pistol Safe Two Guns<\/td>\n<\/tr>\n<tr>\n<td style=\"padding: 8px 0; border-top: 1px solid #ddd;\"><strong>D\u0131\u015f \u00d6l\u00e7\u00fcler:<\/strong> 89\u00d7344\u00d7263 mm<\/td>\n<td style=\"padding: 8px 0; border-top: 1px solid #ddd;\"><strong>External:<\/strong> 89\u00d7344\u00d7263 mm<\/td>\n<\/tr>\n<tr>\n<td style=\"padding: 8px 0; border-top: 1px solid #ddd;\"><strong>A\u011f\u0131rl\u0131k:<\/strong> 4,5 kg<\/td>\n<td style=\"padding: 8px 0; border-top: 1px solid #ddd;\"><strong>Weight:<\/strong> 4.5 kg<\/td>\n<\/tr>\n<tr>\n<td style=\"padding: 8px 0; border-top: 1px solid #ddd;\"><strong>Renk:<\/strong> Siyah<\/td>\n<td style=\"padding: 8px 0; border-top: 1px solid #ddd;\"><strong>Color:<\/strong> Black<\/td>\n<\/tr>\n<p><!-- GENEL A\u00c7IKLAMA --><\/p>\n<tr>\n<td style=\"padding: 8px 0; border-top: 1px solid #ddd;\">De\u011ferli e\u015fyalar\u0131n, belgelerin ve tabancan\u0131n g\u00fcvenli saklanmas\u0131 i\u00e7in deluxe,<br \/>\nh\u0131zl\u0131 eri\u015fimli silah kasas\u0131; levye ile a\u00e7\u0131lmaya dayan\u0131kl\u0131 kap\u0131 ve dayan\u0131kl\u0131<br \/>\n\u00e7ift katmanl\u0131 \u00e7elik g\u00f6vde.<\/td>\n<td style=\"padding: 8px 0; border-top: 1px solid #ddd;\">Deluxe quick-access firearm safety device for securely storing valuables,<br \/>\ndocuments, and a firearm; pry-resistant door and durable dual-layer steel housing.<\/td>\n<\/tr>\n<p><!-- \u00d6ZELL\u0130KLER --><\/p>\n<tr>\n<td style=\"padding: 8px 0; border-top: 1px solid #ddd;\">* 2 tabanca kapasitelidir.<\/td>\n<td style=\"padding: 8px 0; border-top: 1px solid #ddd;\">* Pistol safe holds up 2 guns.<\/td>\n<\/tr>\n<tr>\n<td style=\"padding: 8px 0; border-top: 1px solid #ddd;\">* Kap\u0131 hidrolik kol deste\u011fi ile a\u00e7\u0131l\u0131r.<\/td>\n<td style=\"padding: 8px 0; border-top: 1px solid #ddd;\">* Hydraulic rod support to open door.<\/td>\n<\/tr>\n<tr>\n<td style=\"padding: 8px 0; border-top: 1px solid #ddd;\">* Kal\u0131nl\u0131k: Kap\u0131 3 mm; G\u00f6vde 1,5 mm.<\/td>\n<td style=\"padding: 8px 0; border-top: 1px solid #ddd;\">* Thickness: Door: 3 mm; Body: 1.5 mm.<\/td>\n<\/tr>\n<tr>\n<td style=\"padding: 8px 0; border-top: 1px solid #ddd;\">* A\u011f\u0131r hizmet \u00e7elik g\u00f6vde yap\u0131s\u0131.<\/td>\n<td style=\"padding: 8px 0; border-top: 1px solid #ddd;\">* Heavy gauge steel construction.<\/td>\n<\/tr>\n<tr>\n<td style=\"padding: 8px 0; border-top: 1px solid #ddd;\">* Mekanik kilit + dijital tu\u015f tak\u0131m\u0131 + parmak izi (biyometrik) kilit sistemi.<\/td>\n<td style=\"padding: 8px 0; border-top: 1px solid #ddd;\">* Mechanical lock + digital keypad + biometric lock.<\/td>\n<\/tr>\n<tr>\n<td style=\"padding: 8px 0; border-top: 1px solid #ddd;\">* B s\u0131n\u0131f\u0131 y\u00fcksek g\u00fcvenlikli kilit ve override yedek anahtar dahildir.<\/td>\n<td style=\"padding: 8px 0; border-top: 1px solid #ddd;\">* Backup override key included, uses high-security B class lock.<\/td>\n<\/tr>\n<tr>\n<td style=\"padding: 8px 0; border-top: 1px solid #ddd;\">* \u0130\u00e7 ayd\u0131nlatma i\u00e7in LED \u0131\u015f\u0131klar ve a\u00e7ma i\u015flemi i\u00e7in 4 adet buton bulunur.<\/td>\n<td style=\"padding: 8px 0; border-top: 1px solid #ddd;\">* LED lights for illumination and 4 buttons for opening.<\/td>\n<\/tr>\n<tr>\n<td style=\"padding: 8px 0; border-top: 1px solid #ddd;\">* Sessiz mod: Hem h\u0131zl\u0131 hem sessiz \u00e7al\u0131\u015f\u0131r. Ev ve i\u015fyeri kullan\u0131m\u0131 i\u00e7in idealdir.<\/td>\n<td style=\"padding: 8px 0; border-top: 1px solid #ddd;\">* Silent mode: Fast and discreet; ideal for home or business use.<\/td>\n<\/tr>\n<\/tbody>\n<\/table>","protected":false},"featured_media":3565,"template":"","meta":{"rank_math_lock_modified_date":false},"product_brand":[],"product_cat":[146],"product_tag":[],"class_list":{"0":"post-3566","1":"product","2":"type-product","3":"status-publish","4":"has-post-thumbnail","6":"product_cat-iki-tabancalik-pistol-kasasi","8":"first","9":"instock","10":"shipping-taxable","11":"product-type-simple"},"_links":{"self":[{"href":"https:\/\/itokilit.com.tr\/en\/wp-json\/wp\/v2\/product\/3566","targetHints":{"allow":["GET"]}}],"collection":[{"href":"https:\/\/itokilit.com.tr\/en\/wp-json\/wp\/v2\/product"}],"about":[{"href":"https:\/\/itokilit.com.tr\/en\/wp-json\/wp\/v2\/types\/product"}],"version-history":[{"count":1,"href":"https:\/\/itokilit.com.tr\/en\/wp-json\/wp\/v2\/product\/3566\/revisions"}],"predecessor-version":[{"id":3572,"href":"https:\/\/itokilit.com.tr\/en\/wp-json\/wp\/v2\/product\/3566\/revisions\/3572"}],"wp:featuredmedia":[{"embeddable":true,"href":"https:\/\/itokilit.com.tr\/en\/wp-json\/wp\/v2\/media\/3565"}],"wp:attachment":[{"href":"https:\/\/itokilit.com.tr\/en\/wp-json\/wp\/v2\/media?parent=3566"}],"wp:term":[{"taxonomy":"product_brand","embeddable":true,"href":"https:\/\/itokilit.com.tr\/en\/wp-json\/wp\/v2\/product_brand?post=3566"},{"taxonomy":"product_cat","embeddable":true,"href":"https:\/\/itokilit.com.tr\/en\/wp-json\/wp\/v2\/product_cat?post=3566"},{"taxonomy":"product_tag","embeddable":true,"href":"https:\/\/itokilit.com.tr\/en\/wp-json\/wp\/v2\/product_tag?post=3566"}],"curies":[{"name":"wp","href":"https:\/\/api.w.org\/{rel}","templated":true}]}}