{"id":3559,"date":"2025-11-20T07:40:02","date_gmt":"2025-11-20T07:40:02","guid":{"rendered":"https:\/\/itokilit.com.tr\/?post_type=product&#038;p=3559"},"modified":"2025-11-20T07:40:02","modified_gmt":"2025-11-20T07:40:02","slug":"e9102e-buyuk-parmak-izi-kasasi","status":"publish","type":"product","link":"https:\/\/itokilit.com.tr\/en\/product\/e9102e-buyuk-parmak-izi-kasasi\/","title":{"rendered":"E9102E \u2013 B\u00fcy\u00fck Parmak \u0130zi Kasas\u0131"},"content":{"rendered":"","protected":false},"excerpt":{"rendered":"<table style=\"width: 100%; border-collapse: collapse; font-family: Arial, sans-serif; font-size: 15px;\">\n<tbody>\n<tr>\n<th style=\"text-align: left; padding: 6px 0;\">T\u00dcRK\u00c7E<\/th>\n<th style=\"text-align: left; padding: 6px 0;\">ENGLISH<\/th>\n<\/tr>\n<tr>\n<td style=\"padding: 8px 0; border-top: 1px solid #ddd;\"><strong>Model:<\/strong> E9101E &#8211; Y\u00fcksek Seviye Parmak \u0130zli Kasa<\/td>\n<td style=\"padding: 8px 0; border-top: 1px solid #ddd;\"><strong>Model:<\/strong> E9101E &#8211; Fingerprint Safe High Level<\/td>\n<\/tr>\n<tr>\n<td style=\"padding: 8px 0; border-top: 1px solid #ddd;\"><strong>Kapasite:<\/strong> Lazer kesim ve dekorasyon<\/td>\n<td style=\"padding: 8px 0; border-top: 1px solid #ddd;\"><strong>Feature:<\/strong> Laser cutting and decoration<\/td>\n<\/tr>\n<tr>\n<td style=\"padding: 8px 0; border-top: 1px solid #ddd;\"><strong>D\u0131\u015f \u00d6l\u00e7\u00fcler:<\/strong> 250\u00d7350\u00d7250 mm<\/td>\n<td style=\"padding: 8px 0; border-top: 1px solid #ddd;\"><strong>External:<\/strong> 250\u00d7350\u00d7250 mm<\/td>\n<\/tr>\n<tr>\n<td style=\"padding: 8px 0; border-top: 1px solid #ddd;\"><strong>G\u00f6vde\/Kap\u0131:<\/strong> 1.5 \/ 4 mm<\/td>\n<td style=\"padding: 8px 0; border-top: 1px solid #ddd;\"><strong>Body\/Door:<\/strong> 1.5 \/ 4 mm<\/td>\n<\/tr>\n<tr>\n<td style=\"padding: 8px 0; border-top: 1px solid #ddd;\"><strong>A\u011f\u0131rl\u0131k:<\/strong> 10.2 kg<\/td>\n<td style=\"padding: 8px 0; border-top: 1px solid #ddd;\"><strong>Weight:<\/strong> 10.2 kg<\/td>\n<\/tr>\n<tr>\n<td style=\"padding: 8px 0; border-top: 1px solid #ddd;\"><strong>Renk:<\/strong> Siyah<\/td>\n<td style=\"padding: 8px 0; border-top: 1px solid #ddd;\"><strong>Color:<\/strong> Black<\/td>\n<\/tr>\n<tr>\n<td style=\"padding: 8px 0; border-top: 1px solid #ddd;\"><strong>Raf:<\/strong> 1 adet<\/td>\n<td style=\"padding: 8px 0; border-top: 1px solid #ddd;\"><strong>Shelf:<\/strong> 1 shelf<\/td>\n<\/tr>\n<p><!-- \u00d6ZELL\u0130KLER --><\/p>\n<tr>\n<td style=\"padding: 8px 0; border-top: 1px solid #ddd;\"><strong>Lazer Kesim:<\/strong> Kap\u0131lar aras\u0131ndaki bo\u015flu\u011fu azalt\u0131r.<\/td>\n<td style=\"padding: 8px 0; border-top: 1px solid #ddd;\"><strong>Laser Cutting:<\/strong> Less gap between the doors.<\/td>\n<\/tr>\n<tr>\n<td style=\"padding: 8px 0; border-top: 1px solid #ddd;\"><strong>Kenar \u0130\u015fleme:<\/strong> Kullan\u0131c\u0131 dostu tasar\u0131m sa\u011flar.<\/td>\n<td style=\"padding: 8px 0; border-top: 1px solid #ddd;\"><strong>Edge &amp; Corner Process:<\/strong> Makes design more user-friendly.<\/td>\n<\/tr>\n<tr>\n<td style=\"padding: 8px 0; border-top: 1px solid #ddd;\"><strong>Metal Topuz:<\/strong> Kasaya premium g\u00f6r\u00fcn\u00fcm kazand\u0131r\u0131r.<\/td>\n<td style=\"padding: 8px 0; border-top: 1px solid #ddd;\"><strong>Metal Texture Knob:<\/strong> Makes the safe high level.<\/td>\n<\/tr>\n<tr>\n<td style=\"padding: 8px 0; border-top: 1px solid #ddd;\"><strong>G\u00fc\u00e7 Kayna\u011f\u0131:<\/strong> Acil durum i\u00e7in harici g\u00fc\u00e7 giri\u015fi.<\/td>\n<td style=\"padding: 8px 0; border-top: 1px solid #ddd;\"><strong>Power Supply:<\/strong> Outside power supply for emergency.<\/td>\n<\/tr>\n<tr>\n<td style=\"padding: 8px 0; border-top: 1px solid #ddd;\"><strong>Gizli Anahtar:<\/strong> Acil kullan\u0131m i\u00e7in override anahtar.<\/td>\n<td style=\"padding: 8px 0; border-top: 1px solid #ddd;\"><strong>Hidden Key Hole:<\/strong> Override key for emergency use.<\/td>\n<\/tr>\n<tr>\n<td style=\"padding: 8px 0; border-top: 1px solid #ddd;\"><strong>\u0130\u00e7 Kaplama:<\/strong> Tamamen kapl\u0131 i\u00e7 dizayn.<\/td>\n<td style=\"padding: 8px 0; border-top: 1px solid #ddd;\"><strong>Full Padded Inside:<\/strong> Fully padded interior.<\/td>\n<\/tr>\n<tr>\n<td style=\"padding: 8px 0; border-top: 1px solid #ddd;\"><strong>Pop-up Pil Kutusu:<\/strong> Pil de\u011fi\u015fimi kolayd\u0131r.<\/td>\n<td style=\"padding: 8px 0; border-top: 1px solid #ddd;\"><strong>Pop-up Battery Box:<\/strong> Easy and convenient battery replacement.<\/td>\n<\/tr>\n<tr>\n<td style=\"padding: 8px 0; border-top: 1px solid #ddd;\"><strong>Gizli Reset:<\/strong> Ek g\u00fcvenlik sa\u011flar.<\/td>\n<td style=\"padding: 8px 0; border-top: 1px solid #ddd;\"><strong>Hidden Reset Button:<\/strong> Adds more security.<\/td>\n<\/tr>\n<tr>\n<td style=\"padding: 8px 0; border-top: 1px solid #ddd;\"><strong>Y\u00fcksek \u0130\u00e7 Yap\u0131:<\/strong> Daha g\u00fcvenli ve estetik.<\/td>\n<td style=\"padding: 8px 0; border-top: 1px solid #ddd;\"><strong>Higher Inside:<\/strong> More security + better appearance.<\/td>\n<\/tr>\n<tr>\n<td style=\"padding: 8px 0; border-top: 1px solid #ddd;\"><strong>Renk Se\u00e7enekleri:<\/strong> Siyah, Beyaz, Mavi, Ye\u015fil, Sar\u0131, Pembe<\/td>\n<td style=\"padding: 8px 0; border-top: 1px solid #ddd;\"><strong>Color Options:<\/strong> Black, White, Blue, Green, Yellow, Pink<\/td>\n<\/tr>\n<\/tbody>\n<\/table>","protected":false},"featured_media":3560,"template":"","meta":{"rank_math_lock_modified_date":false},"product_brand":[],"product_cat":[145],"product_tag":[],"class_list":{"0":"post-3559","1":"product","2":"type-product","3":"status-publish","4":"has-post-thumbnail","6":"product_cat-parmak-izi-kasasi","8":"first","9":"instock","10":"shipping-taxable","11":"product-type-simple"},"_links":{"self":[{"href":"https:\/\/itokilit.com.tr\/en\/wp-json\/wp\/v2\/product\/3559","targetHints":{"allow":["GET"]}}],"collection":[{"href":"https:\/\/itokilit.com.tr\/en\/wp-json\/wp\/v2\/product"}],"about":[{"href":"https:\/\/itokilit.com.tr\/en\/wp-json\/wp\/v2\/types\/product"}],"version-history":[{"count":1,"href":"https:\/\/itokilit.com.tr\/en\/wp-json\/wp\/v2\/product\/3559\/revisions"}],"predecessor-version":[{"id":3564,"href":"https:\/\/itokilit.com.tr\/en\/wp-json\/wp\/v2\/product\/3559\/revisions\/3564"}],"wp:featuredmedia":[{"embeddable":true,"href":"https:\/\/itokilit.com.tr\/en\/wp-json\/wp\/v2\/media\/3560"}],"wp:attachment":[{"href":"https:\/\/itokilit.com.tr\/en\/wp-json\/wp\/v2\/media?parent=3559"}],"wp:term":[{"taxonomy":"product_brand","embeddable":true,"href":"https:\/\/itokilit.com.tr\/en\/wp-json\/wp\/v2\/product_brand?post=3559"},{"taxonomy":"product_cat","embeddable":true,"href":"https:\/\/itokilit.com.tr\/en\/wp-json\/wp\/v2\/product_cat?post=3559"},{"taxonomy":"product_tag","embeddable":true,"href":"https:\/\/itokilit.com.tr\/en\/wp-json\/wp\/v2\/product_tag?post=3559"}],"curies":[{"name":"wp","href":"https:\/\/api.w.org\/{rel}","templated":true}]}}