{"id":3554,"date":"2025-11-20T07:18:45","date_gmt":"2025-11-20T07:18:45","guid":{"rendered":"https:\/\/itokilit.com.tr\/?post_type=product&#038;p=3554"},"modified":"2025-11-20T07:18:45","modified_gmt":"2025-11-20T07:18:45","slug":"e9101e-parmak-izi-kasa","status":"publish","type":"product","link":"https:\/\/itokilit.com.tr\/en\/product\/e9101e-parmak-izi-kasa\/","title":{"rendered":"E9101E \u2013 Parmak \u0130zi Kasa"},"content":{"rendered":"","protected":false},"excerpt":{"rendered":"<table style=\"width: 100%; border-collapse: collapse; font-family: Arial, sans-serif; font-size: 15px;\">\n<tbody>\n<tr>\n<th style=\"text-align: left; padding: 6px 0;\">T\u00dcRK\u00c7E<\/th>\n<th style=\"text-align: left; padding: 6px 0;\">ENGLISH<\/th>\n<\/tr>\n<p><!-- \u00dcR\u00dcN B\u0130LG\u0130LER\u0130 --><\/p>\n<tr>\n<td style=\"padding: 8px 0; border-top: 1px solid #ddd;\"><strong>\u00dcr\u00fcn:<\/strong> Y\u00fcksek Seviye Parmak \u0130zli Kasa<\/td>\n<td style=\"padding: 8px 0; border-top: 1px solid #ddd;\"><strong>Product:<\/strong> FINGERPRINT SAFE HIGH LEVEL<\/td>\n<\/tr>\n<tr>\n<td style=\"padding: 8px 0; border-top: 1px solid #ddd;\"><strong>Kapasite:<\/strong> Lazer kesim ve dekorasyon<\/td>\n<td style=\"padding: 8px 0; border-top: 1px solid #ddd;\"><strong>Feature:<\/strong> Laser cutting and decoration<\/td>\n<\/tr>\n<tr>\n<td style=\"padding: 8px 0; border-top: 1px solid #ddd;\"><strong>D\u0131\u015f \u00d6l\u00e7\u00fcler:<\/strong> 250\u00d7350\u00d7250 mm<\/td>\n<td style=\"padding: 8px 0; border-top: 1px solid #ddd;\"><strong>External:<\/strong> 250\u00d7350\u00d7250 mm<\/td>\n<\/tr>\n<tr>\n<td style=\"padding: 8px 0; border-top: 1px solid #ddd;\"><strong>G\u00f6vde\/Kap\u0131:<\/strong> 1.5 \/ 4 mm<\/td>\n<td style=\"padding: 8px 0; border-top: 1px solid #ddd;\"><strong>Body\/Door:<\/strong> 1.5 \/ 4 mm<\/td>\n<\/tr>\n<tr>\n<td style=\"padding: 8px 0; border-top: 1px solid #ddd;\"><strong>A\u011f\u0131rl\u0131k:<\/strong> 10.2 kg<\/td>\n<td style=\"padding: 8px 0; border-top: 1px solid #ddd;\"><strong>Weight:<\/strong> 10.2 kg<\/td>\n<\/tr>\n<tr>\n<td style=\"padding: 8px 0; border-top: 1px solid #ddd;\"><strong>Renk:<\/strong> Siyah<\/td>\n<td style=\"padding: 8px 0; border-top: 1px solid #ddd;\"><strong>Color:<\/strong> Black<\/td>\n<\/tr>\n<tr>\n<td style=\"padding: 8px 0; border-top: 1px solid #ddd;\"><strong>Raf:<\/strong> 1 adet raf<\/td>\n<td style=\"padding: 8px 0; border-top: 1px solid #ddd;\"><strong>Shelf:<\/strong> 1 shelf<\/td>\n<\/tr>\n<p><!-- \u00d6ZELL\u0130KLER --><\/p>\n<tr>\n<td style=\"padding: 8px 0; border-top: 1px solid #ddd;\"><strong>Lazer Kesim Tekni\u011fi:<\/strong> Kap\u0131lar aras\u0131ndaki bo\u015flu\u011fu en aza indirir.<\/td>\n<td style=\"padding: 8px 0; border-top: 1px solid #ddd;\"><strong>Laser Cutting Technique:<\/strong> Less gap between the doors.<\/td>\n<\/tr>\n<tr>\n<td style=\"padding: 8px 0; border-top: 1px solid #ddd;\"><strong>Kenar &amp; Oval K\u00f6\u015fe \u0130\u015fleme:<\/strong> Tasar\u0131m\u0131 daha kullan\u0131c\u0131 dostu hale getirir.<\/td>\n<td style=\"padding: 8px 0; border-top: 1px solid #ddd;\"><strong>Edge &amp; Round Corner Process:<\/strong> Makes the design more user-friendly.<\/td>\n<\/tr>\n<tr>\n<td style=\"padding: 8px 0; border-top: 1px solid #ddd;\"><strong>Metal Doku Topuz:<\/strong> Kasaya premium bir g\u00f6r\u00fcn\u00fcm kazand\u0131r\u0131r.<\/td>\n<td style=\"padding: 8px 0; border-top: 1px solid #ddd;\"><strong>Metal Texture Knob:<\/strong> Makes the safe high level.<\/td>\n<\/tr>\n<tr>\n<td style=\"padding: 8px 0; border-top: 1px solid #ddd;\"><strong>G\u00fc\u00e7 Kayna\u011f\u0131:<\/strong> Acil durumlar i\u00e7in harici g\u00fc\u00e7 kayna\u011f\u0131 ba\u011flant\u0131s\u0131.<\/td>\n<td style=\"padding: 8px 0; border-top: 1px solid #ddd;\"><strong>Power Supply:<\/strong> Outside power supply for emergency use.<\/td>\n<\/tr>\n<tr>\n<td style=\"padding: 8px 0; border-top: 1px solid #ddd;\"><strong>Gizli Anahtar Giri\u015fi:<\/strong> Acil durum mekanik override anahtar\u0131.<\/td>\n<td style=\"padding: 8px 0; border-top: 1px solid #ddd;\"><strong>Hidden Key Hole:<\/strong> Override key for emergency use.<\/td>\n<\/tr>\n<tr>\n<td style=\"padding: 8px 0; border-top: 1px solid #ddd;\"><strong>Tam Kapl\u0131 \u0130\u00e7 Dizayn:<\/strong> \u0130\u00e7 k\u0131sm\u0131 tamamen s\u00fcnger\/kaplama ile kapl\u0131d\u0131r.<\/td>\n<td style=\"padding: 8px 0; border-top: 1px solid #ddd;\"><strong>Full Padded Inside:<\/strong> Soft fully padded interior.<\/td>\n<\/tr>\n<tr>\n<td style=\"padding: 8px 0; border-top: 1px solid #ddd;\"><strong>Pop-Up Pil Kutusu:<\/strong> Pili kolay ve pratik \u015fekilde de\u011fi\u015ftirmeye olanak sa\u011flar.<\/td>\n<td style=\"padding: 8px 0; border-top: 1px solid #ddd;\"><strong>Pop-up Battery Box:<\/strong> Easy and convenient battery replacement.<\/td>\n<\/tr>\n<tr>\n<td style=\"padding: 8px 0; border-top: 1px solid #ddd;\"><strong>Gizli Reset Tu\u015fu:<\/strong> \u0130\u00e7 b\u00f6l\u00fcmde gizli olup g\u00fcvenli\u011fi art\u0131r\u0131r.<\/td>\n<td style=\"padding: 8px 0; border-top: 1px solid #ddd;\"><strong>Hidden Reset Button:<\/strong> Hidden inside to add more security.<\/td>\n<\/tr>\n<tr>\n<td style=\"padding: 8px 0; border-top: 1px solid #ddd;\"><strong>Y\u00fcksek \u0130\u00e7 Yap\u0131:<\/strong> G\u00fcvenli\u011fi art\u0131r\u0131r ve g\u00f6r\u00fcn\u00fcm\u00fc daha estetik k\u0131lar.<\/td>\n<td style=\"padding: 8px 0; border-top: 1px solid #ddd;\"><strong>Higher Inside:<\/strong> Adds more security and makes the appearance more beautiful.<\/td>\n<\/tr>\n<tr>\n<td style=\"padding: 8px 0; border-top: 1px solid #ddd;\"><strong>Renk Se\u00e7enekleri:<\/strong> Siyah, Beyaz, Mavi, Ye\u015fil, Sar\u0131, Pembe<\/td>\n<td style=\"padding: 8px 0; border-top: 1px solid #ddd;\"><strong>Color Options:<\/strong> Black, White, Blue, Green, Yellow, Pink<\/td>\n<\/tr>\n<\/tbody>\n<\/table>","protected":false},"featured_media":3555,"template":"","meta":{"rank_math_lock_modified_date":false},"product_brand":[],"product_cat":[145],"product_tag":[],"class_list":{"0":"post-3554","1":"product","2":"type-product","3":"status-publish","4":"has-post-thumbnail","6":"product_cat-parmak-izi-kasasi","8":"first","9":"instock","10":"shipping-taxable","11":"product-type-simple"},"_links":{"self":[{"href":"https:\/\/itokilit.com.tr\/en\/wp-json\/wp\/v2\/product\/3554","targetHints":{"allow":["GET"]}}],"collection":[{"href":"https:\/\/itokilit.com.tr\/en\/wp-json\/wp\/v2\/product"}],"about":[{"href":"https:\/\/itokilit.com.tr\/en\/wp-json\/wp\/v2\/types\/product"}],"version-history":[{"count":1,"href":"https:\/\/itokilit.com.tr\/en\/wp-json\/wp\/v2\/product\/3554\/revisions"}],"predecessor-version":[{"id":3558,"href":"https:\/\/itokilit.com.tr\/en\/wp-json\/wp\/v2\/product\/3554\/revisions\/3558"}],"wp:featuredmedia":[{"embeddable":true,"href":"https:\/\/itokilit.com.tr\/en\/wp-json\/wp\/v2\/media\/3555"}],"wp:attachment":[{"href":"https:\/\/itokilit.com.tr\/en\/wp-json\/wp\/v2\/media?parent=3554"}],"wp:term":[{"taxonomy":"product_brand","embeddable":true,"href":"https:\/\/itokilit.com.tr\/en\/wp-json\/wp\/v2\/product_brand?post=3554"},{"taxonomy":"product_cat","embeddable":true,"href":"https:\/\/itokilit.com.tr\/en\/wp-json\/wp\/v2\/product_cat?post=3554"},{"taxonomy":"product_tag","embeddable":true,"href":"https:\/\/itokilit.com.tr\/en\/wp-json\/wp\/v2\/product_tag?post=3554"}],"curies":[{"name":"wp","href":"https:\/\/api.w.org\/{rel}","templated":true}]}}