{"id":3549,"date":"2025-11-20T07:11:21","date_gmt":"2025-11-20T07:11:21","guid":{"rendered":"https:\/\/itokilit.com.tr\/?post_type=product&#038;p=3549"},"modified":"2025-11-20T07:11:21","modified_gmt":"2025-11-20T07:11:21","slug":"f0092s-parmak-izi-kasasi","status":"publish","type":"product","link":"https:\/\/itokilit.com.tr\/en\/product\/f0092s-parmak-izi-kasasi\/","title":{"rendered":"F0092S &#8211; Parmak \u0130zi Kasas\u0131"},"content":{"rendered":"","protected":false},"excerpt":{"rendered":"<table style=\"width: 100%; border-collapse: collapse; font-family: Arial, sans-serif; font-size: 15px;\">\n<tbody>\n<tr>\n<th style=\"text-align: left; padding: 6px 0;\">T\u00dcRK\u00c7E<\/th>\n<th style=\"text-align: left; padding: 6px 0;\">ENGLISH<\/th>\n<\/tr>\n<p><!-- \u00dcR\u00dcN B\u0130LG\u0130LER\u0130 --><\/p>\n<tr>\n<td style=\"padding: 8px 0; border-top: 1px solid #ddd;\"><strong>\u00dcr\u00fcn:<\/strong> Parmak \u0130zli Kasa<\/td>\n<td style=\"padding: 8px 0; border-top: 1px solid #ddd;\"><strong>Product:<\/strong> FINGERPRINT SAFE<\/td>\n<\/tr>\n<tr>\n<td style=\"padding: 8px 0; border-top: 1px solid #ddd;\"><strong>D\u0131\u015f \u00d6l\u00e7\u00fcler:<\/strong> 250\u00d7350\u00d7250 mm<\/td>\n<td style=\"padding: 8px 0; border-top: 1px solid #ddd;\"><strong>External:<\/strong> 250\u00d7350\u00d7250 mm<\/td>\n<\/tr>\n<tr>\n<td style=\"padding: 8px 0; border-top: 1px solid #ddd;\"><strong>G\u00f6vde\/Kap\u0131:<\/strong> 1.5 \/ 4 mm<\/td>\n<td style=\"padding: 8px 0; border-top: 1px solid #ddd;\"><strong>Body\/Door:<\/strong> 1.5 \/ 4 mm<\/td>\n<\/tr>\n<tr>\n<td style=\"padding: 8px 0; border-top: 1px solid #ddd;\"><strong>A\u011f\u0131rl\u0131k:<\/strong> 8 kg<\/td>\n<td style=\"padding: 8px 0; border-top: 1px solid #ddd;\"><strong>Weight:<\/strong> 8 kg<\/td>\n<\/tr>\n<tr>\n<td style=\"padding: 8px 0; border-top: 1px solid #ddd;\"><strong>Renk:<\/strong> Siyah<\/td>\n<td style=\"padding: 8px 0; border-top: 1px solid #ddd;\"><strong>Color:<\/strong> Black<\/td>\n<\/tr>\n<tr>\n<td style=\"padding: 8px 0; border-top: 1px solid #ddd;\"><strong>Raf:<\/strong> 1 adet raf<\/td>\n<td style=\"padding: 8px 0; border-top: 1px solid #ddd;\"><strong>Shelf:<\/strong> 1 shelf<\/td>\n<\/tr>\n<p><!-- \u00d6ZELL\u0130KLER --><\/p>\n<tr>\n<td style=\"padding: 8px 0; border-top: 1px solid #ddd;\"><strong>G\u00fcvenlik:<\/strong> Parmak izi ve elektronik \u015fifreli kilit sistemi ile ev ve ofis i\u00e7in y\u00fcksek g\u00fcvenlik sa\u011flar.<\/td>\n<td style=\"padding: 8px 0; border-top: 1px solid #ddd;\"><strong>Security:<\/strong> Designed with fingerprint and electronic code lock for multiple security for home &amp; office.<\/td>\n<\/tr>\n<tr>\n<td style=\"padding: 8px 0; border-top: 1px solid #ddd;\"><strong>Kod:<\/strong> 3\u20138 haneli dijital \u015fifre ile a\u00e7ma\/kapama.<\/td>\n<td style=\"padding: 8px 0; border-top: 1px solid #ddd;\"><strong>Code:<\/strong> Open &amp; close with 3\u20138 digital code.<\/td>\n<\/tr>\n<tr>\n<td style=\"padding: 8px 0; border-top: 1px solid #ddd;\"><strong>Parmak \u0130zi:<\/strong> Kay\u0131tl\u0131 parmak izleriyle a\u00e7\u0131l\u0131r (Maks. 32 parmak izi).<\/td>\n<td style=\"padding: 8px 0; border-top: 1px solid #ddd;\"><strong>Fingerprint:<\/strong> Open with registered fingerprints (Max 32 fingerprints).<\/td>\n<\/tr>\n<tr>\n<td style=\"padding: 8px 0; border-top: 1px solid #ddd;\"><strong>G\u00f6sterge I\u015f\u0131klar\u0131:<\/strong> A\u00e7\u0131k, uyar\u0131 ve d\u00fc\u015f\u00fck pil durumunu g\u00f6steren 3 g\u00f6sterge \u0131\u015f\u0131\u011f\u0131 (Ye\u015fil, K\u0131rm\u0131z\u0131, Sar\u0131).<\/td>\n<td style=\"padding: 8px 0; border-top: 1px solid #ddd;\"><strong>Indicator:<\/strong> 3 indicator lights (Green, Red &amp; Yellow) indicate open, warning, low battery.<\/td>\n<\/tr>\n<tr>\n<td style=\"padding: 8px 0; border-top: 1px solid #ddd;\"><strong>Reset Tu\u015fu:<\/strong> Parmak izi ve \u015fifreleri kaydetme veya silme i\u015flemleri i\u00e7in kullan\u0131l\u0131r.<\/td>\n<td style=\"padding: 8px 0; border-top: 1px solid #ddd;\"><strong>Reset Button:<\/strong> Register fingerprints, remove fingerprints &amp; codes.<\/td>\n<\/tr>\n<tr>\n<td style=\"padding: 8px 0; border-top: 1px solid #ddd;\"><strong>S\u00fcrg\u00fc:<\/strong> 20 mm \u00e7ap\u0131nda 2 adet tek y\u00f6nl\u00fc kilitleme s\u00fcrg\u00fcs\u00fc.<\/td>\n<td style=\"padding: 8px 0; border-top: 1px solid #ddd;\"><strong>Bolt:<\/strong> One-way locking bolts (2 bolts with 20 mm).<\/td>\n<\/tr>\n<tr>\n<td style=\"padding: 8px 0; border-top: 1px solid #ddd;\"><strong>Acil Anahtar:<\/strong> Acil durum override anahtar\u0131 dahildir.<\/td>\n<td style=\"padding: 8px 0; border-top: 1px solid #ddd;\"><strong>Override Keys:<\/strong> Supply the override key for emergency use.<\/td>\n<\/tr>\n<tr>\n<td style=\"padding: 8px 0; border-top: 1px solid #ddd;\"><strong>\u0130\u00e7 K\u0131s\u0131m:<\/strong> Koruyucu taban minderi i\u00e7erir.<\/td>\n<td style=\"padding: 8px 0; border-top: 1px solid #ddd;\"><strong>Interior:<\/strong> Includes the protective floor mat.<\/td>\n<\/tr>\n<tr>\n<td style=\"padding: 8px 0; border-top: 1px solid #ddd;\"><strong>Pil:<\/strong> 4\u00d71.5V AA pil ile \u00e7al\u0131\u015f\u0131r.<\/td>\n<td style=\"padding: 8px 0; border-top: 1px solid #ddd;\"><strong>Battery:<\/strong> Runs on 4\u00d71.5V AA batteries.<\/td>\n<\/tr>\n<tr>\n<td style=\"padding: 8px 0; border-top: 1px solid #ddd;\"><strong>Montaj:<\/strong> Alt ve arka k\u0131s\u0131mda haz\u0131r delikler (montaj vidalar\u0131 dahil).<\/td>\n<td style=\"padding: 8px 0; border-top: 1px solid #ddd;\"><strong>Fixing:<\/strong> Pre-drilled holes at the bottom and back (fixings included).<\/td>\n<\/tr>\n<\/tbody>\n<\/table>","protected":false},"featured_media":3548,"template":"","meta":{"rank_math_lock_modified_date":false},"product_brand":[],"product_cat":[145],"product_tag":[],"class_list":{"0":"post-3549","1":"product","2":"type-product","3":"status-publish","4":"has-post-thumbnail","6":"product_cat-parmak-izi-kasasi","8":"first","9":"instock","10":"shipping-taxable","11":"product-type-simple"},"_links":{"self":[{"href":"https:\/\/itokilit.com.tr\/en\/wp-json\/wp\/v2\/product\/3549","targetHints":{"allow":["GET"]}}],"collection":[{"href":"https:\/\/itokilit.com.tr\/en\/wp-json\/wp\/v2\/product"}],"about":[{"href":"https:\/\/itokilit.com.tr\/en\/wp-json\/wp\/v2\/types\/product"}],"version-history":[{"count":2,"href":"https:\/\/itokilit.com.tr\/en\/wp-json\/wp\/v2\/product\/3549\/revisions"}],"predecessor-version":[{"id":3553,"href":"https:\/\/itokilit.com.tr\/en\/wp-json\/wp\/v2\/product\/3549\/revisions\/3553"}],"wp:featuredmedia":[{"embeddable":true,"href":"https:\/\/itokilit.com.tr\/en\/wp-json\/wp\/v2\/media\/3548"}],"wp:attachment":[{"href":"https:\/\/itokilit.com.tr\/en\/wp-json\/wp\/v2\/media?parent=3549"}],"wp:term":[{"taxonomy":"product_brand","embeddable":true,"href":"https:\/\/itokilit.com.tr\/en\/wp-json\/wp\/v2\/product_brand?post=3549"},{"taxonomy":"product_cat","embeddable":true,"href":"https:\/\/itokilit.com.tr\/en\/wp-json\/wp\/v2\/product_cat?post=3549"},{"taxonomy":"product_tag","embeddable":true,"href":"https:\/\/itokilit.com.tr\/en\/wp-json\/wp\/v2\/product_tag?post=3549"}],"curies":[{"name":"wp","href":"https:\/\/api.w.org\/{rel}","templated":true}]}}