{"id":3531,"date":"2025-11-19T13:26:17","date_gmt":"2025-11-19T13:26:17","guid":{"rendered":"https:\/\/itokilit.com.tr\/?post_type=product&#038;p=3531"},"modified":"2025-11-19T13:26:17","modified_gmt":"2025-11-19T13:26:17","slug":"e7002e-ekranli-model","status":"publish","type":"product","link":"https:\/\/itokilit.com.tr\/en\/product\/e7002e-ekranli-model\/","title":{"rendered":"E7002E &#8211; Ekranl\u0131  Model"},"content":{"rendered":"","protected":false},"excerpt":{"rendered":"<table style=\"width: 100%; border-collapse: collapse; font-family: Arial, sans-serif; font-size: 15px;\">\n<tbody>\n<tr>\n<th style=\"text-align: left; padding: 6px 0;\">T\u00dcRK\u00c7E<\/th>\n<th style=\"text-align: left; padding: 6px 0;\">ENGLISH<\/th>\n<\/tr>\n<p><!-- \u00dcR\u00dcN B\u0130LG\u0130LER\u0130 --><\/p>\n<tr>\n<td style=\"padding: 8px 0; border-top: 1px solid #ddd;\"><strong>\u00dcr\u00fcn:<\/strong> G\u00f6sterge Ekranl\u0131 Elektronik Kasa<\/td>\n<td style=\"padding: 8px 0; border-top: 1px solid #ddd;\"><strong>Product:<\/strong> ELECTRONIC SAFE WITH DISPLAY<\/td>\n<\/tr>\n<tr>\n<td style=\"padding: 8px 0; border-top: 1px solid #ddd;\"><strong>D\u0131\u015f \u00d6l\u00e7\u00fcler:<\/strong> 250\u00d7350\u00d7250 mm<\/td>\n<td style=\"padding: 8px 0; border-top: 1px solid #ddd;\"><strong>External:<\/strong> 250\u00d7350\u00d7250 mm<\/td>\n<\/tr>\n<tr>\n<td style=\"padding: 8px 0; border-top: 1px solid #ddd;\"><strong>G\u00f6vde\/Kap\u0131:<\/strong> 1.5 \/ 4 mm<\/td>\n<td style=\"padding: 8px 0; border-top: 1px solid #ddd;\"><strong>Body\/Door:<\/strong> 1.5 \/ 4 mm<\/td>\n<\/tr>\n<tr>\n<td style=\"padding: 8px 0; border-top: 1px solid #ddd;\"><strong>A\u011f\u0131rl\u0131k:<\/strong> 8 kg<\/td>\n<td style=\"padding: 8px 0; border-top: 1px solid #ddd;\"><strong>Weight:<\/strong> 8 kg<\/td>\n<\/tr>\n<tr>\n<td style=\"padding: 8px 0; border-top: 1px solid #ddd;\"><strong>Renk:<\/strong> Siyah<\/td>\n<td style=\"padding: 8px 0; border-top: 1px solid #ddd;\"><strong>Color:<\/strong> Black<\/td>\n<\/tr>\n<tr>\n<td style=\"padding: 8px 0; border-top: 1px solid #ddd;\"><strong>Raf:<\/strong> 1 adet raf<\/td>\n<td style=\"padding: 8px 0; border-top: 1px solid #ddd;\"><strong>Shelf:<\/strong> 1 shelf<\/td>\n<\/tr>\n<p><!-- \u00d6ZELL\u0130KLER --><\/p>\n<tr>\n<td style=\"padding: 8px 0; border-top: 1px solid #ddd;\"><strong>Kod:<\/strong> 3\u20138 haneli dijital \u015fifre ile a\u00e7ma\/kapama.<\/td>\n<td style=\"padding: 8px 0; border-top: 1px solid #ddd;\"><strong>Code:<\/strong> Open &amp; close with 3\u20138 digital code.<\/td>\n<\/tr>\n<tr>\n<td style=\"padding: 8px 0; border-top: 1px solid #ddd;\"><strong>Ekran:<\/strong> Say\u0131 g\u00f6sterimli ekran.<\/td>\n<td style=\"padding: 8px 0; border-top: 1px solid #ddd;\"><strong>Display Screen:<\/strong> Display with number.<\/td>\n<\/tr>\n<tr>\n<td style=\"padding: 8px 0; border-top: 1px solid #ddd;\"><strong>\u00c7al\u0131\u015fma Sistemi:<\/strong> Solenoid sistemle ba\u011flant\u0131l\u0131 d\u00fc\u011fme mekanizmas\u0131.<\/td>\n<td style=\"padding: 8px 0; border-top: 1px solid #ddd;\"><strong>Working System:<\/strong> Button working connected to solenoid system.<\/td>\n<\/tr>\n<tr>\n<td style=\"padding: 8px 0; border-top: 1px solid #ddd;\"><strong>Reset Tu\u015fu:<\/strong> Reset tu\u015fu ile \u015fifre kolayca de\u011fi\u015ftirilebilir.<\/td>\n<td style=\"padding: 8px 0; border-top: 1px solid #ddd;\"><strong>Reset Button:<\/strong> Change the code easily with reset button.<\/td>\n<\/tr>\n<tr>\n<td style=\"padding: 8px 0; border-top: 1px solid #ddd;\"><strong>S\u00fcrg\u00fc:<\/strong> 20 mm \u00e7ap\u0131nda 2 adet tek y\u00f6nl\u00fc kilitleme s\u00fcrg\u00fcs\u00fc.<\/td>\n<td style=\"padding: 8px 0; border-top: 1px solid #ddd;\"><strong>Bolt:<\/strong> One-way locking bolts (2 bolts, 20 mm).<\/td>\n<\/tr>\n<tr>\n<td style=\"padding: 8px 0; border-top: 1px solid #ddd;\"><strong>Acil Anahtar:<\/strong> Acil durum override anahtar\u0131 dahildir.<\/td>\n<td style=\"padding: 8px 0; border-top: 1px solid #ddd;\"><strong>Override Key:<\/strong> Override key supplied for emergency use.<\/td>\n<\/tr>\n<tr>\n<td style=\"padding: 8px 0; border-top: 1px solid #ddd;\"><strong>\u0130\u00e7 K\u0131s\u0131m:<\/strong> Koruyucu taban minderi i\u00e7erir.<\/td>\n<td style=\"padding: 8px 0; border-top: 1px solid #ddd;\"><strong>Interior:<\/strong> Includes protective floor mat.<\/td>\n<\/tr>\n<tr>\n<td style=\"padding: 8px 0; border-top: 1px solid #ddd;\"><strong>Pil:<\/strong> 4\u00d71.5V AA pil ile \u00e7al\u0131\u015f\u0131r.<\/td>\n<td style=\"padding: 8px 0; border-top: 1px solid #ddd;\"><strong>Battery:<\/strong> Runs on 4\u00d71.5V AA batteries.<\/td>\n<\/tr>\n<tr>\n<td style=\"padding: 8px 0; border-top: 1px solid #ddd;\"><strong>Montaj:<\/strong> Alt ve arka k\u0131s\u0131mda haz\u0131r montaj delikleri (vidalar dahil).<\/td>\n<td style=\"padding: 8px 0; border-top: 1px solid #ddd;\"><strong>Fixing:<\/strong> Pre-drilled holes at bottom and back (fixings included).<\/td>\n<\/tr>\n<\/tbody>\n<\/table>","protected":false},"featured_media":3532,"template":"","meta":{"rank_math_lock_modified_date":false},"product_brand":[],"product_cat":[143],"product_tag":[],"class_list":{"0":"post-3531","1":"product","2":"type-product","3":"status-publish","4":"has-post-thumbnail","6":"product_cat-elektronik-kasa","8":"first","9":"instock","10":"shipping-taxable","11":"product-type-simple"},"_links":{"self":[{"href":"https:\/\/itokilit.com.tr\/en\/wp-json\/wp\/v2\/product\/3531","targetHints":{"allow":["GET"]}}],"collection":[{"href":"https:\/\/itokilit.com.tr\/en\/wp-json\/wp\/v2\/product"}],"about":[{"href":"https:\/\/itokilit.com.tr\/en\/wp-json\/wp\/v2\/types\/product"}],"version-history":[{"count":3,"href":"https:\/\/itokilit.com.tr\/en\/wp-json\/wp\/v2\/product\/3531\/revisions"}],"predecessor-version":[{"id":3540,"href":"https:\/\/itokilit.com.tr\/en\/wp-json\/wp\/v2\/product\/3531\/revisions\/3540"}],"wp:featuredmedia":[{"embeddable":true,"href":"https:\/\/itokilit.com.tr\/en\/wp-json\/wp\/v2\/media\/3532"}],"wp:attachment":[{"href":"https:\/\/itokilit.com.tr\/en\/wp-json\/wp\/v2\/media?parent=3531"}],"wp:term":[{"taxonomy":"product_brand","embeddable":true,"href":"https:\/\/itokilit.com.tr\/en\/wp-json\/wp\/v2\/product_brand?post=3531"},{"taxonomy":"product_cat","embeddable":true,"href":"https:\/\/itokilit.com.tr\/en\/wp-json\/wp\/v2\/product_cat?post=3531"},{"taxonomy":"product_tag","embeddable":true,"href":"https:\/\/itokilit.com.tr\/en\/wp-json\/wp\/v2\/product_tag?post=3531"}],"curies":[{"name":"wp","href":"https:\/\/api.w.org\/{rel}","templated":true}]}}