{"id":3298,"date":"2025-08-15T11:40:24","date_gmt":"2025-08-15T11:40:24","guid":{"rendered":"https:\/\/itokilit.com.tr\/?post_type=product&#038;p=3298"},"modified":"2025-08-15T11:40:24","modified_gmt":"2025-08-15T11:40:24","slug":"h131","status":"publish","type":"product","link":"https:\/\/itokilit.com.tr\/en\/product\/h131\/","title":{"rendered":"H131"},"content":{"rendered":"","protected":false},"excerpt":{"rendered":"<table>\n<thead>\n<tr>\n<th><strong>T\u00fcrk\u00e7e<\/strong><\/th>\n<th><strong>English<\/strong><\/th>\n<\/tr>\n<\/thead>\n<tbody>\n<tr>\n<td><strong>\u00dcr\u00fcn Ad\u0131<\/strong>: H131 SER\u0130S\u0130 Az Yo\u011funlukta Kullan\u0131ma Uygun Kapat\u0131c\u0131lar (Dirsek Kollu)<\/td>\n<td><strong>Product Name<\/strong>: H131 SERIES Concealers Suitable for Light Use (Door Closers)<\/td>\n<\/tr>\n<tr>\n<td><strong>Kullan\u0131m Alan\u0131<\/strong>: Yayg\u0131n olarak kullan\u0131lan kap\u0131lar\u0131n \u00e7o\u011funa uygun, kompakt, \u015fablonla ayarlanabilir kapat\u0131c\u0131.<\/td>\n<td><strong>Application<\/strong>: Compact, template-adjustable door closer suitable for most commonly used doors.<\/td>\n<\/tr>\n<tr>\n<td><strong>Kurulum<\/strong>: Basit ve pratik \u015fekilde kurulabilir. Standart olarak normal veya paralel montaj uygulamalar\u0131 i\u00e7in sertifikal\u0131 vida di\u015fli kol seti ve montaj par\u00e7alar\u0131yla gelir.<\/td>\n<td><strong>Installation<\/strong>: Can be installed simply and practically. Comes standard with a certified screw-threaded arm set and mounting parts for normal or parallel mounting applications.<\/td>\n<\/tr>\n<tr>\n<td><strong>Mekanik A\u00e7\u0131k Tutma \u00dcnitesi<\/strong>: Standart kol seti, a\u00e7\u0131k tutma (hold-open) kol setiyle de\u011fi\u015ftirilerek sa\u011flan\u0131r.<\/td>\n<td><strong>Mechanical Hold-Open Unit<\/strong>: Achieved by replacing the standard arm set with a hold-open arm set.<\/td>\n<\/tr>\n<\/tbody>\n<\/table>","protected":false},"featured_media":3299,"template":"","meta":{"rank_math_lock_modified_date":false},"product_brand":[],"product_cat":[82],"product_tag":[],"class_list":{"0":"post-3298","1":"product","2":"type-product","3":"status-publish","4":"has-post-thumbnail","6":"product_cat-hidrolikler","8":"first","9":"instock","10":"shipping-taxable","11":"product-type-simple"},"_links":{"self":[{"href":"https:\/\/itokilit.com.tr\/en\/wp-json\/wp\/v2\/product\/3298","targetHints":{"allow":["GET"]}}],"collection":[{"href":"https:\/\/itokilit.com.tr\/en\/wp-json\/wp\/v2\/product"}],"about":[{"href":"https:\/\/itokilit.com.tr\/en\/wp-json\/wp\/v2\/types\/product"}],"version-history":[{"count":1,"href":"https:\/\/itokilit.com.tr\/en\/wp-json\/wp\/v2\/product\/3298\/revisions"}],"predecessor-version":[{"id":3300,"href":"https:\/\/itokilit.com.tr\/en\/wp-json\/wp\/v2\/product\/3298\/revisions\/3300"}],"wp:featuredmedia":[{"embeddable":true,"href":"https:\/\/itokilit.com.tr\/en\/wp-json\/wp\/v2\/media\/3299"}],"wp:attachment":[{"href":"https:\/\/itokilit.com.tr\/en\/wp-json\/wp\/v2\/media?parent=3298"}],"wp:term":[{"taxonomy":"product_brand","embeddable":true,"href":"https:\/\/itokilit.com.tr\/en\/wp-json\/wp\/v2\/product_brand?post=3298"},{"taxonomy":"product_cat","embeddable":true,"href":"https:\/\/itokilit.com.tr\/en\/wp-json\/wp\/v2\/product_cat?post=3298"},{"taxonomy":"product_tag","embeddable":true,"href":"https:\/\/itokilit.com.tr\/en\/wp-json\/wp\/v2\/product_tag?post=3298"}],"curies":[{"name":"wp","href":"https:\/\/api.w.org\/{rel}","templated":true}]}}