{"id":3112,"date":"2025-08-05T13:56:46","date_gmt":"2025-08-05T13:56:46","guid":{"rendered":"https:\/\/itokilit.com.tr\/?post_type=product&#038;p=3112"},"modified":"2025-11-28T15:48:55","modified_gmt":"2025-11-28T15:48:55","slug":"hp2","status":"publish","type":"product","link":"https:\/\/itokilit.com.tr\/en\/product\/hp2\/","title":{"rendered":"\u0130TO Kilit | CP2 &#8211; Kablosuz G\u00f6zetleme Deli\u011fi Kap\u0131 G\u00f6r\u00fcnt\u00fcleyici"},"content":{"rendered":"","protected":false},"excerpt":{"rendered":"<p data-start=\"106\" data-end=\"151\"><strong>Nerede olursan\u0131z olun ziyaret\u00e7ileri g\u00f6r\u00fcn<\/strong><\/p>\n<p data-start=\"153\" data-end=\"572\"><strong>Kap\u0131n\u0131z\u0131n \u00f6n\u00fcnde kimin oldu\u011funu g\u00f6rmek i\u00e7in art\u0131k g\u00f6z\u00fcn\u00fcz\u00fc k\u00fc\u00e7\u00fck bir delikten dayamak zorunda de\u011filsiniz. HP2, kompakt bir g\u00f6zetleme kameras\u0131 ile i\u00e7 mek\u00e2n ekran\u0131n\u0131 bir araya getirerek hem i\u00e7eriden hem de uzaktan kolayca g\u00f6r\u00fcnt\u00fc alman\u0131z\u0131 sa\u011flar. Pille \u00e7al\u0131\u015fan yap\u0131s\u0131 ve gizlili\u011fi \u00f6n planda tutan tasar\u0131m\u0131 sayesinde, kolay kurulumla birlikte y\u00fcksek g\u00f6r\u00fcn\u00fcrl\u00fck ve geli\u015fmi\u015f g\u00fcvenlik sunar \u2014 \u00fcstelik tek bir pratik sistemle.<\/strong><\/p>\n<p data-start=\"153\" data-end=\"572\">Her Yerden Canl\u0131 G\u00f6r\u00fcnt\u00fc<\/p>\n<p data-start=\"153\" data-end=\"572\">4,3 \u0130n\u00e7 Renkli Ekran<\/p>\n<p data-start=\"153\" data-end=\"572\">1080P 1080p \u00c7\u00f6z\u00fcn\u00fcrl\u00fck<\/p>\n<p data-start=\"153\" data-end=\"572\">146\u00b0 Geni\u015f A\u00e7\u0131 G\u00f6r\u00fcnt\u00fc<\/p>\n<p data-start=\"153\" data-end=\"572\">2.200 mAh \u015earj Edilebilir Lityum Pil<\/p>\n<p data-start=\"153\" data-end=\"572\">2,4 GHz Wi-Fi&#8217;yi Destekler<\/p>\n<p data-start=\"153\" data-end=\"572\">Kolay Kurulum<\/p>\n<p data-start=\"153\" data-end=\"572\">14-26 mm Deliklere Uygun<\/p>","protected":false},"featured_media":3459,"template":"","meta":{"rank_math_lock_modified_date":false},"product_brand":[],"product_cat":[138],"product_tag":[],"class_list":{"0":"post-3112","1":"product","2":"type-product","3":"status-publish","4":"has-post-thumbnail","6":"product_cat-akilli-kilitler","8":"first","9":"instock","10":"shipping-taxable","11":"product-type-simple"},"_links":{"self":[{"href":"https:\/\/itokilit.com.tr\/en\/wp-json\/wp\/v2\/product\/3112","targetHints":{"allow":["GET"]}}],"collection":[{"href":"https:\/\/itokilit.com.tr\/en\/wp-json\/wp\/v2\/product"}],"about":[{"href":"https:\/\/itokilit.com.tr\/en\/wp-json\/wp\/v2\/types\/product"}],"version-history":[{"count":6,"href":"https:\/\/itokilit.com.tr\/en\/wp-json\/wp\/v2\/product\/3112\/revisions"}],"predecessor-version":[{"id":3656,"href":"https:\/\/itokilit.com.tr\/en\/wp-json\/wp\/v2\/product\/3112\/revisions\/3656"}],"wp:featuredmedia":[{"embeddable":true,"href":"https:\/\/itokilit.com.tr\/en\/wp-json\/wp\/v2\/media\/3459"}],"wp:attachment":[{"href":"https:\/\/itokilit.com.tr\/en\/wp-json\/wp\/v2\/media?parent=3112"}],"wp:term":[{"taxonomy":"product_brand","embeddable":true,"href":"https:\/\/itokilit.com.tr\/en\/wp-json\/wp\/v2\/product_brand?post=3112"},{"taxonomy":"product_cat","embeddable":true,"href":"https:\/\/itokilit.com.tr\/en\/wp-json\/wp\/v2\/product_cat?post=3112"},{"taxonomy":"product_tag","embeddable":true,"href":"https:\/\/itokilit.com.tr\/en\/wp-json\/wp\/v2\/product_tag?post=3112"}],"curies":[{"name":"wp","href":"https:\/\/api.w.org\/{rel}","templated":true}]}}