{"id":3109,"date":"2025-08-05T13:53:14","date_gmt":"2025-08-05T13:53:14","guid":{"rendered":"https:\/\/itokilit.com.tr\/?post_type=product&#038;p=3109"},"modified":"2025-11-28T15:51:40","modified_gmt":"2025-11-28T15:51:40","slug":"hp4","status":"publish","type":"product","link":"https:\/\/itokilit.com.tr\/en\/product\/hp4\/","title":{"rendered":"\u0130TO Kilit | CP4 &#8211; Kablosuz Kap\u0131 D\u00fcrb\u00fcn\u00fc G\u00f6r\u00fcnt\u00fcleyicisi"},"content":{"rendered":"","protected":false},"excerpt":{"rendered":"<p data-start=\"109\" data-end=\"156\"><strong>Kolay ve takip edilebilir \u00f6n kap\u0131 g\u00fcvenli\u011fi<\/strong><\/p>\n<p data-start=\"158\" data-end=\"464\"><strong>CP4 ile \u00f6n kap\u0131n\u0131z\u0131 zahmetsizce koruyun. Uzaktan kontrol imk\u00e2n\u0131 sayesinde diledi\u011finiz yerden kap\u0131n\u0131z\u0131 izleyebilir, evdeyken i\u00e7 mek\u00e2n monit\u00f6r\u00fc \u00fczerinden gelen ki\u015fileri cevaplamadan \u00f6nce net \u015fekilde g\u00f6rebilirsiniz. Ak\u0131ll\u0131 uyar\u0131 sistemiyle sizi bilgilendirir; b\u00f6ylece evinize ek bir g\u00fcvenlik katman\u0131 sa\u011flan\u0131r.<\/strong><\/p>\n<p data-start=\"158\" data-end=\"464\">1080p \u00c7\u00f6z\u00fcn\u00fcrl\u00fck 155\u00b0<\/p>\n<p data-start=\"158\" data-end=\"464\">Ultra Geni\u015f A\u00e7\u0131l\u0131 G\u00f6r\u00fcn\u00fcm live<\/p>\n<p data-start=\"158\" data-end=\"464\">Canl\u0131 G\u00f6r\u00fcn\u00fcm ve \u0130ki Y\u00f6nl\u00fc G\u00f6r\u00fcnt\u00fcl\u00fc Arama<\/p>\n<p data-start=\"158\" data-end=\"464\">3 metreye kadar Gece G\u00f6r\u00fc<\/p>\n<p data-start=\"158\" data-end=\"464\">Yerle\u015fik Elektronik Kap\u0131 Zili<\/p>\n<p data-start=\"158\" data-end=\"464\">1110 4600mAh \u015earj Edilebilir<\/p>\n<p data-start=\"158\" data-end=\"464\">Lityum Pil<\/p>\n<p data-start=\"158\" data-end=\"464\">4,3 in\u00e7 Renkli Ekran<\/p>\n<p data-start=\"158\" data-end=\"464\">\u00a0H.265 Video Teknolojisi<\/p>\n<p data-start=\"158\" data-end=\"464\">MicroSD Kart (512 GB&#8217;a Kadar)\u00a0 ve EZVIZ CloudPlay Depolamay\u0131 Destekler<\/p>","protected":false},"featured_media":3464,"template":"","meta":{"rank_math_lock_modified_date":false},"product_brand":[],"product_cat":[138],"product_tag":[],"class_list":{"0":"post-3109","1":"product","2":"type-product","3":"status-publish","4":"has-post-thumbnail","6":"product_cat-akilli-kilitler","8":"first","9":"instock","10":"shipping-taxable","11":"product-type-simple"},"_links":{"self":[{"href":"https:\/\/itokilit.com.tr\/en\/wp-json\/wp\/v2\/product\/3109","targetHints":{"allow":["GET"]}}],"collection":[{"href":"https:\/\/itokilit.com.tr\/en\/wp-json\/wp\/v2\/product"}],"about":[{"href":"https:\/\/itokilit.com.tr\/en\/wp-json\/wp\/v2\/types\/product"}],"version-history":[{"count":5,"href":"https:\/\/itokilit.com.tr\/en\/wp-json\/wp\/v2\/product\/3109\/revisions"}],"predecessor-version":[{"id":3659,"href":"https:\/\/itokilit.com.tr\/en\/wp-json\/wp\/v2\/product\/3109\/revisions\/3659"}],"wp:featuredmedia":[{"embeddable":true,"href":"https:\/\/itokilit.com.tr\/en\/wp-json\/wp\/v2\/media\/3464"}],"wp:attachment":[{"href":"https:\/\/itokilit.com.tr\/en\/wp-json\/wp\/v2\/media?parent=3109"}],"wp:term":[{"taxonomy":"product_brand","embeddable":true,"href":"https:\/\/itokilit.com.tr\/en\/wp-json\/wp\/v2\/product_brand?post=3109"},{"taxonomy":"product_cat","embeddable":true,"href":"https:\/\/itokilit.com.tr\/en\/wp-json\/wp\/v2\/product_cat?post=3109"},{"taxonomy":"product_tag","embeddable":true,"href":"https:\/\/itokilit.com.tr\/en\/wp-json\/wp\/v2\/product_tag?post=3109"}],"curies":[{"name":"wp","href":"https:\/\/api.w.org\/{rel}","templated":true}]}}