{"id":3106,"date":"2025-08-05T13:46:25","date_gmt":"2025-08-05T13:46:25","guid":{"rendered":"https:\/\/itokilit.com.tr\/?post_type=product&#038;p=3106"},"modified":"2025-11-28T15:50:17","modified_gmt":"2025-11-28T15:50:17","slug":"dp2","status":"publish","type":"product","link":"https:\/\/itokilit.com.tr\/en\/product\/dp2\/","title":{"rendered":"\u0130TO K\u0130L\u0130T | DP2 &#8211; Kablosuz Ak\u0131ll\u0131 Kap\u0131 G\u00f6r\u00fcnt\u00fcleyicisi"},"content":{"rendered":"","protected":false},"excerpt":{"rendered":"<p><strong>Kap\u0131n\u0131z\u0131n \u00f6n\u00fcndeki her hareketten an\u0131nda haberdar olun.<\/strong><br data-start=\"198\" data-end=\"201\" \/><strong>\u0130\u00e7 mekandaki dokunmatik ekran \u00fczerinden veya ki\u015fisel cihazlar\u0131n\u0131zdan anl\u0131k g\u00f6r\u00fcnt\u00fcye ula\u015farak kap\u0131n\u0131z\u0131 kimin \u00e7ald\u0131\u011f\u0131n\u0131 an\u0131nda g\u00f6rebilirsiniz. Y\u00fcksek g\u00f6r\u00fcnt\u00fc kalitesi sayesinde her ayr\u0131nt\u0131y\u0131 net bi\u00e7imde izleyebilir, ziyaret\u00e7ilerinizle kolayl\u0131kla ileti\u015fim kurabilirsiniz. Zil sesini tarz\u0131n\u0131za uygun \u015fekilde ki\u015fiselle\u015ftirin. Hareket alg\u0131land\u0131\u011f\u0131nda devreye giren uyar\u0131larla, g\u00fcvenli\u011finiz her zaman bir ad\u0131m \u00f6nde olur \u2014 hi\u00e7bir detay\u0131 ka\u00e7\u0131rmazs\u0131n\u0131z.<\/strong><\/p>\n<p>&nbsp;<\/p>\n<p>2K \u00c7\u00f6z\u00fcn\u00fcrl\u00fck<br \/>\n166\u00b0 Geni\u015f A\u00e7\u0131 G\u00f6r\u00fcn\u00fcm\u00fc<br \/>\nAk\u0131ll\u0131 \u0130nsan Hareketi Alg\u0131lama<br \/>\nCanl\u0131 G\u00f6r\u00fcnt\u00fc ve \u0130ki Y\u00f6nl\u00fc G\u00f6r\u00fcnt\u00fcl\u00fc Aram<br \/>\nIR Gece G\u00f6r\u00fc\u015f\u00fc (5 metreye kadar)<br \/>\nY\u00fcksek Dayan\u0131kl\u0131l\u0131kta \u00c7inko Ala\u015f\u0131ml\u0131 G\u00f6vde<br \/>\n4,3 in\u00e7 \u0130\u00e7 Mekan Renkli Ekran\u0131<br \/>\n\u00c7oklu Zil Seslerine Sahip Dahili Kap\u0131 Zili<br \/>\n4.600 mAh \u015earj Edilebilir Pil<br \/>\nMicroSD Kart (512 GB&#8217;a kadar) ve EZVIZ CloudPlay Depolamay\u0131 Destekler<\/p>","protected":false},"featured_media":3456,"template":"","meta":{"rank_math_lock_modified_date":false},"product_brand":[],"product_cat":[138],"product_tag":[],"class_list":{"0":"post-3106","1":"product","2":"type-product","3":"status-publish","4":"has-post-thumbnail","6":"product_cat-akilli-kilitler","8":"first","9":"instock","10":"shipping-taxable","11":"product-type-simple"},"_links":{"self":[{"href":"https:\/\/itokilit.com.tr\/en\/wp-json\/wp\/v2\/product\/3106","targetHints":{"allow":["GET"]}}],"collection":[{"href":"https:\/\/itokilit.com.tr\/en\/wp-json\/wp\/v2\/product"}],"about":[{"href":"https:\/\/itokilit.com.tr\/en\/wp-json\/wp\/v2\/types\/product"}],"version-history":[{"count":9,"href":"https:\/\/itokilit.com.tr\/en\/wp-json\/wp\/v2\/product\/3106\/revisions"}],"predecessor-version":[{"id":3658,"href":"https:\/\/itokilit.com.tr\/en\/wp-json\/wp\/v2\/product\/3106\/revisions\/3658"}],"wp:featuredmedia":[{"embeddable":true,"href":"https:\/\/itokilit.com.tr\/en\/wp-json\/wp\/v2\/media\/3456"}],"wp:attachment":[{"href":"https:\/\/itokilit.com.tr\/en\/wp-json\/wp\/v2\/media?parent=3106"}],"wp:term":[{"taxonomy":"product_brand","embeddable":true,"href":"https:\/\/itokilit.com.tr\/en\/wp-json\/wp\/v2\/product_brand?post=3106"},{"taxonomy":"product_cat","embeddable":true,"href":"https:\/\/itokilit.com.tr\/en\/wp-json\/wp\/v2\/product_cat?post=3106"},{"taxonomy":"product_tag","embeddable":true,"href":"https:\/\/itokilit.com.tr\/en\/wp-json\/wp\/v2\/product_tag?post=3106"}],"curies":[{"name":"wp","href":"https:\/\/api.w.org\/{rel}","templated":true}]}}