{"id":3096,"date":"2025-08-05T09:01:54","date_gmt":"2025-08-05T09:01:54","guid":{"rendered":"https:\/\/itokilit.com.tr\/?post_type=product&#038;p=3096"},"modified":"2025-08-12T11:52:09","modified_gmt":"2025-08-12T11:52:09","slug":"serit-metre-2m","status":"publish","type":"product","link":"https:\/\/itokilit.com.tr\/en\/product\/serit-metre-2m\/","title":{"rendered":"\u015eerit Metre\u00a02m"},"content":{"rendered":"","protected":false},"excerpt":{"rendered":"<p>\u015eerit Metre\u00a0 2m \/ Type Measure 2m<\/p>\n<p>Kasa dayan\u0131kla ABS malzemeden yap\u0131lm\u0131\u015ft\u0131r<\/p>\n<p>\u00dcst\u00fcn kavrama rahatl\u0131\u011f\u0131 i\u00e7in kaymaz ve yumu\u015fak plastik ile \u00fcretilmi\u015ftir<\/p>\n<p>Otomatik \u00e7ekme sistemi sayesinde \u00e7al\u0131\u015f\u0131rken kullan\u0131m\u0131 kolayd\u0131r<\/p>\n<p>The case is made of durable ABS material<\/p>\n<p>Made of non-slip and soft plastic for superior grip comfort<\/p>\n<p>Easy to use while working thanks to the automatic pull system<\/p>\n<p>Uzunluk\/Length: 5m T\u00fcr\u00fc\/Type: \u015eerit \/ Strip<\/p>","protected":false},"featured_media":3124,"template":"","meta":{"rank_math_lock_modified_date":false},"product_brand":[],"product_cat":[134],"product_tag":[],"class_list":{"0":"post-3096","1":"product","2":"type-product","3":"status-publish","4":"has-post-thumbnail","6":"product_cat-serit-metre","8":"first","9":"instock","10":"shipping-taxable","11":"product-type-simple"},"_links":{"self":[{"href":"https:\/\/itokilit.com.tr\/en\/wp-json\/wp\/v2\/product\/3096","targetHints":{"allow":["GET"]}}],"collection":[{"href":"https:\/\/itokilit.com.tr\/en\/wp-json\/wp\/v2\/product"}],"about":[{"href":"https:\/\/itokilit.com.tr\/en\/wp-json\/wp\/v2\/types\/product"}],"version-history":[{"count":3,"href":"https:\/\/itokilit.com.tr\/en\/wp-json\/wp\/v2\/product\/3096\/revisions"}],"predecessor-version":[{"id":3288,"href":"https:\/\/itokilit.com.tr\/en\/wp-json\/wp\/v2\/product\/3096\/revisions\/3288"}],"wp:featuredmedia":[{"embeddable":true,"href":"https:\/\/itokilit.com.tr\/en\/wp-json\/wp\/v2\/media\/3124"}],"wp:attachment":[{"href":"https:\/\/itokilit.com.tr\/en\/wp-json\/wp\/v2\/media?parent=3096"}],"wp:term":[{"taxonomy":"product_brand","embeddable":true,"href":"https:\/\/itokilit.com.tr\/en\/wp-json\/wp\/v2\/product_brand?post=3096"},{"taxonomy":"product_cat","embeddable":true,"href":"https:\/\/itokilit.com.tr\/en\/wp-json\/wp\/v2\/product_cat?post=3096"},{"taxonomy":"product_tag","embeddable":true,"href":"https:\/\/itokilit.com.tr\/en\/wp-json\/wp\/v2\/product_tag?post=3096"}],"curies":[{"name":"wp","href":"https:\/\/api.w.org\/{rel}","templated":true}]}}