{"id":3094,"date":"2025-08-05T09:00:49","date_gmt":"2025-08-05T09:00:49","guid":{"rendered":"https:\/\/itokilit.com.tr\/?post_type=product&#038;p=3094"},"modified":"2025-08-12T11:52:06","modified_gmt":"2025-08-12T11:52:06","slug":"serit-metre-10m","status":"publish","type":"product","link":"https:\/\/itokilit.com.tr\/en\/product\/serit-metre-10m\/","title":{"rendered":"\u015eerit Metre 10m"},"content":{"rendered":"","protected":false},"excerpt":{"rendered":"<p>\u015eerit Metre 10m \/ Type Measure 10m<\/p>\n<p>Kasa dayan\u0131kla ABS malzemeden yap\u0131lm\u0131\u015ft\u0131r<\/p>\n<p>\u00dcst\u00fcn kavrama rahatl\u0131\u011f\u0131 i\u00e7in kaymaz ve yumu\u015fak plastik ile \u00fcretilmi\u015ftir<\/p>\n<p>Otomatik \u00e7ekme sistemi sayesinde \u00e7al\u0131\u015f\u0131rken kullan\u0131m\u0131 kolayd\u0131r<\/p>\n<p>The case is made of durable ABS material<\/p>\n<p>Made of non-slip and soft plastic for superior grip comfort<\/p>\n<p>Easy to use while working thanks to the automatic pull system<\/p>\n<p>Uzunluk\/Length: 5m T\u00fcr\u00fc\/Type: \u015eerit \/ Strip<\/p>","protected":false},"featured_media":3123,"template":"","meta":{"rank_math_lock_modified_date":false},"product_brand":[],"product_cat":[134],"product_tag":[],"class_list":{"0":"post-3094","1":"product","2":"type-product","3":"status-publish","4":"has-post-thumbnail","6":"product_cat-serit-metre","8":"first","9":"instock","10":"shipping-taxable","11":"product-type-simple"},"_links":{"self":[{"href":"https:\/\/itokilit.com.tr\/en\/wp-json\/wp\/v2\/product\/3094","targetHints":{"allow":["GET"]}}],"collection":[{"href":"https:\/\/itokilit.com.tr\/en\/wp-json\/wp\/v2\/product"}],"about":[{"href":"https:\/\/itokilit.com.tr\/en\/wp-json\/wp\/v2\/types\/product"}],"version-history":[{"count":2,"href":"https:\/\/itokilit.com.tr\/en\/wp-json\/wp\/v2\/product\/3094\/revisions"}],"predecessor-version":[{"id":3289,"href":"https:\/\/itokilit.com.tr\/en\/wp-json\/wp\/v2\/product\/3094\/revisions\/3289"}],"wp:featuredmedia":[{"embeddable":true,"href":"https:\/\/itokilit.com.tr\/en\/wp-json\/wp\/v2\/media\/3123"}],"wp:attachment":[{"href":"https:\/\/itokilit.com.tr\/en\/wp-json\/wp\/v2\/media?parent=3094"}],"wp:term":[{"taxonomy":"product_brand","embeddable":true,"href":"https:\/\/itokilit.com.tr\/en\/wp-json\/wp\/v2\/product_brand?post=3094"},{"taxonomy":"product_cat","embeddable":true,"href":"https:\/\/itokilit.com.tr\/en\/wp-json\/wp\/v2\/product_cat?post=3094"},{"taxonomy":"product_tag","embeddable":true,"href":"https:\/\/itokilit.com.tr\/en\/wp-json\/wp\/v2\/product_tag?post=3094"}],"curies":[{"name":"wp","href":"https:\/\/api.w.org\/{rel}","templated":true}]}}