{"id":3046,"date":"2025-05-28T07:49:46","date_gmt":"2025-05-28T07:49:46","guid":{"rendered":"https:\/\/itokilit.com.tr\/?post_type=product&#038;p=3046"},"modified":"2025-09-09T16:15:50","modified_gmt":"2025-09-09T16:15:50","slug":"145sk-50-wc-banyo-tipi-sessiz-kilit","status":"publish","type":"product","link":"https:\/\/itokilit.com.tr\/en\/product\/145sk-50-wc-banyo-tipi-sessiz-kilit\/","title":{"rendered":"145SK\/50 WC-Banyo Tipi Sessiz Kilit"},"content":{"rendered":"","protected":false},"excerpt":{"rendered":"<table>\n<thead>\n<tr>\n<th><strong>T\u00fcrk\u00e7e<\/strong><\/th>\n<th><strong>English<\/strong><\/th>\n<\/tr>\n<\/thead>\n<tbody>\n<tr>\n<td><strong>Kol Yata\u011f\u0131:<\/strong> Rulmans\u0131z<\/td>\n<td><strong>Rod Bearing:<\/strong> Without bearing<\/td>\n<\/tr>\n<tr>\n<td><strong>G\u00f6vde:<\/strong> Galvaniz kaplamal\u0131, \u00e7elik kasa<\/td>\n<td><strong>Body:<\/strong> Galvanized plated, steel plate case<\/td>\n<\/tr>\n<tr>\n<td><strong>Kasa:<\/strong> Kapal\u0131<\/td>\n<td><strong>Case Type:<\/strong> Closed<\/td>\n<\/tr>\n<tr>\n<td><strong>Ayna:<\/strong> \u00c7elik, s\u00f6k\u00fclebilir<\/td>\n<td><strong>Forend:<\/strong> Steel, removable forend<\/td>\n<\/tr>\n<tr>\n<td><strong>S\u00fcrg\u00fc:<\/strong> PA66 (%30 cam takviyeli), tek turlu<\/td>\n<td><strong>Bolt:<\/strong> PA66 (%30 fiberglass charged), single throw<\/td>\n<\/tr>\n<tr>\n<td><strong>Dil:<\/strong> PA66 (%30 cam takviyeli)<\/td>\n<td><strong>Latch:<\/strong> PA66 (%30 fiberglass charged)<\/td>\n<\/tr>\n<tr>\n<td><strong>Anahtar:<\/strong> 1 adet, zamak d\u00f6k\u00fcm<\/td>\n<td><strong>Key:<\/strong> 1 piece, zamak casting<\/td>\n<\/tr>\n<tr>\n<td><strong>B\/S:<\/strong> 45 mm \/ 50 mm<\/td>\n<td><strong>B\/S:<\/strong> 45 mm \/ 50 mm<\/td>\n<\/tr>\n<tr>\n<td><strong>C\/L:<\/strong> 96 mm<\/td>\n<td><strong>C\/L:<\/strong> 96 mm<\/td>\n<\/tr>\n<tr>\n<td><strong>Opsiyonlar:<\/strong> Kaplama<\/td>\n<td><strong>Options:<\/strong> Plating<\/td>\n<\/tr>\n<\/tbody>\n<\/table>","protected":false},"featured_media":3140,"template":"","meta":{"rank_math_lock_modified_date":false},"product_brand":[],"product_cat":[137],"product_tag":[],"class_list":{"0":"post-3046","1":"product","2":"type-product","3":"status-publish","4":"has-post-thumbnail","6":"product_cat-sessiz-kilitler","8":"first","9":"instock","10":"shipping-taxable","11":"product-type-simple"},"_links":{"self":[{"href":"https:\/\/itokilit.com.tr\/en\/wp-json\/wp\/v2\/product\/3046","targetHints":{"allow":["GET"]}}],"collection":[{"href":"https:\/\/itokilit.com.tr\/en\/wp-json\/wp\/v2\/product"}],"about":[{"href":"https:\/\/itokilit.com.tr\/en\/wp-json\/wp\/v2\/types\/product"}],"version-history":[{"count":3,"href":"https:\/\/itokilit.com.tr\/en\/wp-json\/wp\/v2\/product\/3046\/revisions"}],"predecessor-version":[{"id":3268,"href":"https:\/\/itokilit.com.tr\/en\/wp-json\/wp\/v2\/product\/3046\/revisions\/3268"}],"wp:featuredmedia":[{"embeddable":true,"href":"https:\/\/itokilit.com.tr\/en\/wp-json\/wp\/v2\/media\/3140"}],"wp:attachment":[{"href":"https:\/\/itokilit.com.tr\/en\/wp-json\/wp\/v2\/media?parent=3046"}],"wp:term":[{"taxonomy":"product_brand","embeddable":true,"href":"https:\/\/itokilit.com.tr\/en\/wp-json\/wp\/v2\/product_brand?post=3046"},{"taxonomy":"product_cat","embeddable":true,"href":"https:\/\/itokilit.com.tr\/en\/wp-json\/wp\/v2\/product_cat?post=3046"},{"taxonomy":"product_tag","embeddable":true,"href":"https:\/\/itokilit.com.tr\/en\/wp-json\/wp\/v2\/product_tag?post=3046"}],"curies":[{"name":"wp","href":"https:\/\/api.w.org\/{rel}","templated":true}]}}