{"id":3037,"date":"2025-05-28T06:20:28","date_gmt":"2025-05-28T06:20:28","guid":{"rendered":"https:\/\/itokilit.com.tr\/?post_type=product&#038;p=3037"},"modified":"2025-09-09T10:50:36","modified_gmt":"2025-09-09T10:50:36","slug":"tek-kanat-panik-kilit-barelsiz-p220","status":"publish","type":"product","link":"https:\/\/itokilit.com.tr\/en\/product\/tek-kanat-panik-kilit-barelsiz-p220\/","title":{"rendered":"Tek Kanat Panik Kilit (Barelsiz) P220"},"content":{"rendered":"<p>&nbsp;<\/p>\n<p>&nbsp;<\/p>","protected":false},"excerpt":{"rendered":"<table>\n<thead>\n<tr>\n<th><strong>T\u00fcrk\u00e7e<\/strong><\/th>\n<th><strong>English<\/strong><\/th>\n<\/tr>\n<\/thead>\n<tbody>\n<tr>\n<td><strong>Montaj Tipi:<\/strong> Y\u00fczeyden montaj, yatay tek noktadan kilitlemeli panik bar<\/td>\n<td><strong>Assembly Type:<\/strong> Surface assembling, horizontal single point locking panic bar<\/td>\n<\/tr>\n<tr>\n<td><strong>Uyumluluk:<\/strong> Kilitlemeli d\u0131\u015f kol (K220) ile kullan\u0131labilir<\/td>\n<td><strong>Compatibility:<\/strong> Can be used with lockable outside handle (K220)<\/td>\n<\/tr>\n<tr>\n<td><strong>Y\u00f6n Ayar\u0131:<\/strong> Sa\u011f\/sol y\u00f6n ayarlanabilir<\/td>\n<td><strong>Direction Adjustment:<\/strong> Right\/Left adjustable<\/td>\n<\/tr>\n<tr>\n<td><strong>Malzeme:<\/strong> \u00c7elik oval itme \u00e7ubu\u011fu, \u00e7elik g\u00f6vde, al\u00fcminyum d\u00f6k\u00fcm kol ve kapaklar, zamak dil<\/td>\n<td><strong>Material:<\/strong> Steel round locking rod, steel body, aluminium die-casted handle and covers, zinc die-casted latch<\/td>\n<\/tr>\n<tr>\n<td><strong>Kaplama:<\/strong> Elektrostatik boyal\u0131<\/td>\n<td><strong>Coating:<\/strong> Electrostatic powder coated<\/td>\n<\/tr>\n<tr>\n<td><strong>\u00d6zellik:<\/strong> Dar profillere uygun tasar\u0131m, kolay montaj<\/td>\n<td><strong>Feature:<\/strong> Suitable for narrow profiles and easy installation<\/td>\n<\/tr>\n<\/tbody>\n<\/table>","protected":false},"featured_media":3040,"template":"","meta":{"rank_math_lock_modified_date":false},"product_brand":[],"product_cat":[119],"product_tag":[],"class_list":{"0":"post-3037","1":"product","2":"type-product","3":"status-publish","4":"has-post-thumbnail","6":"product_cat-ozel-kilitler","8":"first","9":"instock","10":"shipping-taxable","11":"product-type-simple"},"_links":{"self":[{"href":"https:\/\/itokilit.com.tr\/en\/wp-json\/wp\/v2\/product\/3037","targetHints":{"allow":["GET"]}}],"collection":[{"href":"https:\/\/itokilit.com.tr\/en\/wp-json\/wp\/v2\/product"}],"about":[{"href":"https:\/\/itokilit.com.tr\/en\/wp-json\/wp\/v2\/types\/product"}],"version-history":[{"count":2,"href":"https:\/\/itokilit.com.tr\/en\/wp-json\/wp\/v2\/product\/3037\/revisions"}],"predecessor-version":[{"id":3263,"href":"https:\/\/itokilit.com.tr\/en\/wp-json\/wp\/v2\/product\/3037\/revisions\/3263"}],"wp:featuredmedia":[{"embeddable":true,"href":"https:\/\/itokilit.com.tr\/en\/wp-json\/wp\/v2\/media\/3040"}],"wp:attachment":[{"href":"https:\/\/itokilit.com.tr\/en\/wp-json\/wp\/v2\/media?parent=3037"}],"wp:term":[{"taxonomy":"product_brand","embeddable":true,"href":"https:\/\/itokilit.com.tr\/en\/wp-json\/wp\/v2\/product_brand?post=3037"},{"taxonomy":"product_cat","embeddable":true,"href":"https:\/\/itokilit.com.tr\/en\/wp-json\/wp\/v2\/product_cat?post=3037"},{"taxonomy":"product_tag","embeddable":true,"href":"https:\/\/itokilit.com.tr\/en\/wp-json\/wp\/v2\/product_tag?post=3037"}],"curies":[{"name":"wp","href":"https:\/\/api.w.org\/{rel}","templated":true}]}}