{"id":3033,"date":"2025-05-28T06:13:55","date_gmt":"2025-05-28T06:13:55","guid":{"rendered":"https:\/\/itokilit.com.tr\/?post_type=product&#038;p=3033"},"modified":"2025-09-09T10:52:59","modified_gmt":"2025-09-09T10:52:59","slug":"cift-kanat-dik-kilitlemeli-panik-bar-barelsiz-p240","status":"publish","type":"product","link":"https:\/\/itokilit.com.tr\/en\/product\/cift-kanat-dik-kilitlemeli-panik-bar-barelsiz-p240\/","title":{"rendered":"\u00c7ift Kanat Dik Kilitlemeli Panik Bar (Barelsiz) P240"},"content":{"rendered":"","protected":false},"excerpt":{"rendered":"<table>\n<thead>\n<tr>\n<th><strong>T\u00fcrk\u00e7e<\/strong><\/th>\n<th><strong>English<\/strong><\/th>\n<\/tr>\n<\/thead>\n<tbody>\n<tr>\n<td><strong>Montaj Tipi:<\/strong> Y\u00fczeyden montaj, dikey \u00e7ift noktadan kilitlemeli panik bar<\/td>\n<td><strong>Assembly Type:<\/strong> Surface assembling, vertical double point locking panic bar<\/td>\n<\/tr>\n<tr>\n<td><strong>Kullan\u0131m Alan\u0131:<\/strong> \u00c7ift kanatl\u0131 kap\u0131larda pasif kanat i\u00e7in uygun<\/td>\n<td><strong>Application:<\/strong> Suitable for inactive sash in double sash doors<\/td>\n<\/tr>\n<tr>\n<td><strong>Ek Kullan\u0131m:<\/strong> Tek kanat kap\u0131larda dikey kilitleme i\u00e7in kullan\u0131labilir<\/td>\n<td><strong>Additional Use:<\/strong> Can also be used for single sash doors for vertical locking<\/td>\n<\/tr>\n<tr>\n<td><strong>Y\u00f6n Ayar\u0131:<\/strong> Sa\u011f\/sol y\u00f6n ayarlanabilir<\/td>\n<td><strong>Direction Adjustment:<\/strong> Right\/Left adjustable<\/td>\n<\/tr>\n<tr>\n<td><strong>Malzeme:<\/strong> \u00c7elik oval itme \u00e7ubu\u011fu ve alt-\u00fcst \u00e7ubuklar, \u00e7elik g\u00f6vde, al\u00fcminyum d\u00f6k\u00fcm kol ve kapaklar, zamak dil<\/td>\n<td><strong>Material:<\/strong> Steel round locking rod, steel body, aluminium die-casted handle and covers, zinc die-casted latch<\/td>\n<\/tr>\n<tr>\n<td><strong>Kaplama:<\/strong> Elektrostatik boyal\u0131<\/td>\n<td><strong>Coating:<\/strong> Electrostatic powder coated<\/td>\n<\/tr>\n<tr>\n<td><strong>\u00d6zellik:<\/strong> Dar profillere uygun tasar\u0131m, kolay montaj<\/td>\n<td><strong>Feature:<\/strong> Suitable for narrow profiles and easy installation<\/td>\n<\/tr>\n<\/tbody>\n<\/table>","protected":false},"featured_media":3036,"template":"","meta":{"rank_math_lock_modified_date":false},"product_brand":[],"product_cat":[119],"product_tag":[],"class_list":{"0":"post-3033","1":"product","2":"type-product","3":"status-publish","4":"has-post-thumbnail","6":"product_cat-ozel-kilitler","8":"first","9":"instock","10":"shipping-taxable","11":"product-type-simple"},"_links":{"self":[{"href":"https:\/\/itokilit.com.tr\/en\/wp-json\/wp\/v2\/product\/3033","targetHints":{"allow":["GET"]}}],"collection":[{"href":"https:\/\/itokilit.com.tr\/en\/wp-json\/wp\/v2\/product"}],"about":[{"href":"https:\/\/itokilit.com.tr\/en\/wp-json\/wp\/v2\/types\/product"}],"version-history":[{"count":3,"href":"https:\/\/itokilit.com.tr\/en\/wp-json\/wp\/v2\/product\/3033\/revisions"}],"predecessor-version":[{"id":3261,"href":"https:\/\/itokilit.com.tr\/en\/wp-json\/wp\/v2\/product\/3033\/revisions\/3261"}],"wp:featuredmedia":[{"embeddable":true,"href":"https:\/\/itokilit.com.tr\/en\/wp-json\/wp\/v2\/media\/3036"}],"wp:attachment":[{"href":"https:\/\/itokilit.com.tr\/en\/wp-json\/wp\/v2\/media?parent=3033"}],"wp:term":[{"taxonomy":"product_brand","embeddable":true,"href":"https:\/\/itokilit.com.tr\/en\/wp-json\/wp\/v2\/product_brand?post=3033"},{"taxonomy":"product_cat","embeddable":true,"href":"https:\/\/itokilit.com.tr\/en\/wp-json\/wp\/v2\/product_cat?post=3033"},{"taxonomy":"product_tag","embeddable":true,"href":"https:\/\/itokilit.com.tr\/en\/wp-json\/wp\/v2\/product_tag?post=3033"}],"curies":[{"name":"wp","href":"https:\/\/api.w.org\/{rel}","templated":true}]}}