{"id":3029,"date":"2025-05-28T06:00:19","date_gmt":"2025-05-28T06:00:19","guid":{"rendered":"https:\/\/itokilit.com.tr\/?post_type=product&#038;p=3029"},"modified":"2025-09-09T10:48:59","modified_gmt":"2025-09-09T10:48:59","slug":"panik-bar-kollu-barelli-k220","status":"publish","type":"product","link":"https:\/\/itokilit.com.tr\/en\/product\/panik-bar-kollu-barelli-k220\/","title":{"rendered":"Panik Bar Kollu Barelli K220"},"content":{"rendered":"","protected":false},"excerpt":{"rendered":"<table>\n<thead>\n<tr>\n<th><strong>T\u00fcrk\u00e7e<\/strong><\/th>\n<th><strong>English<\/strong><\/th>\n<\/tr>\n<\/thead>\n<tbody>\n<tr>\n<td><strong>\u00dcr\u00fcn Tipi:<\/strong> Kilitlenebilir, panik barlara uygun d\u0131\u015f kol \u00fcnitesi<\/td>\n<td><strong>Product Type:<\/strong> Lockable outside handle unit suitable for panic bars<\/td>\n<\/tr>\n<tr>\n<td><strong>Y\u00f6n Ayar\u0131:<\/strong> Sa\u011f\/sol y\u00f6n ayarlanabilir<\/td>\n<td><strong>Direction Adjustment:<\/strong> Right\/Left adjustable<\/td>\n<\/tr>\n<tr>\n<td><strong>Silindir:<\/strong> De\u011fi\u015ftirilebilir, iste\u011fe ba\u011fl\u0131 tek \u015fifre, standart yar\u0131m barelli<\/td>\n<td><strong>Cylinder:<\/strong> Changeable, optional single key, standard half cylinder<\/td>\n<\/tr>\n<tr>\n<td><strong>Kaplama:<\/strong> Elektrostatik boyal\u0131<\/td>\n<td><strong>Coating:<\/strong> Electrostatic powder coated<\/td>\n<\/tr>\n<tr>\n<td><strong>\u00d6zellik:<\/strong> Dar profillere uygun tasar\u0131m ve kolay montaj<\/td>\n<td><strong>Feature:<\/strong> Suitable for narrow profiles and easy installation<\/td>\n<\/tr>\n<\/tbody>\n<\/table>","protected":false},"featured_media":3030,"template":"","meta":{"rank_math_lock_modified_date":false},"product_brand":[],"product_cat":[119],"product_tag":[],"class_list":{"0":"post-3029","1":"product","2":"type-product","3":"status-publish","4":"has-post-thumbnail","6":"product_cat-ozel-kilitler","8":"first","9":"instock","10":"shipping-taxable","11":"product-type-simple"},"_links":{"self":[{"href":"https:\/\/itokilit.com.tr\/en\/wp-json\/wp\/v2\/product\/3029","targetHints":{"allow":["GET"]}}],"collection":[{"href":"https:\/\/itokilit.com.tr\/en\/wp-json\/wp\/v2\/product"}],"about":[{"href":"https:\/\/itokilit.com.tr\/en\/wp-json\/wp\/v2\/types\/product"}],"version-history":[{"count":3,"href":"https:\/\/itokilit.com.tr\/en\/wp-json\/wp\/v2\/product\/3029\/revisions"}],"predecessor-version":[{"id":3262,"href":"https:\/\/itokilit.com.tr\/en\/wp-json\/wp\/v2\/product\/3029\/revisions\/3262"}],"wp:featuredmedia":[{"embeddable":true,"href":"https:\/\/itokilit.com.tr\/en\/wp-json\/wp\/v2\/media\/3030"}],"wp:attachment":[{"href":"https:\/\/itokilit.com.tr\/en\/wp-json\/wp\/v2\/media?parent=3029"}],"wp:term":[{"taxonomy":"product_brand","embeddable":true,"href":"https:\/\/itokilit.com.tr\/en\/wp-json\/wp\/v2\/product_brand?post=3029"},{"taxonomy":"product_cat","embeddable":true,"href":"https:\/\/itokilit.com.tr\/en\/wp-json\/wp\/v2\/product_cat?post=3029"},{"taxonomy":"product_tag","embeddable":true,"href":"https:\/\/itokilit.com.tr\/en\/wp-json\/wp\/v2\/product_tag?post=3029"}],"curies":[{"name":"wp","href":"https:\/\/api.w.org\/{rel}","templated":true}]}}