{"id":3025,"date":"2025-05-28T05:46:40","date_gmt":"2025-05-28T05:46:40","guid":{"rendered":"https:\/\/itokilit.com.tr\/?post_type=product&#038;p=3025"},"modified":"2025-08-12T11:46:49","modified_gmt":"2025-08-12T11:46:49","slug":"fornax-fgs-extra-guvenlik-surgusu","status":"publish","type":"product","link":"https:\/\/itokilit.com.tr\/en\/product\/fornax-fgs-extra-guvenlik-surgusu\/","title":{"rendered":"Fornax FGS Extra G\u00fcvenlik S\u00fcrg\u00fcs\u00fc"},"content":{"rendered":"","protected":false},"excerpt":{"rendered":"<p>FGS Ekstra G\u00fcvenlik S\u00fcrg\u00fcs\u00fc, her t\u00fcrl\u00fc kap\u0131 ve pencere donan\u0131m\u0131n da kullan\u0131labilen bir \u00fcr\u00fcn.<\/p>\n<p>Dolay\u0131s\u0131yla ekstra g\u00fcvenlik ihtiyac\u0131 duyan herkes bu \u00fcr\u00fcn\u00fc tercih edebilir.<\/p>\n<p>FGS h\u0131rs\u0131zlara kar\u015f\u0131 uygulanabilecek g\u00fcvenilirli\u011fi y\u00fcksek bir \u00fcr\u00fcnd\u00fcr.<\/p>\n<p>Ayr\u0131ca kap\u0131 ve pencere \u00fczerinde \u00e7ocuklar\u0131n ula\u015famayaca\u011f\u0131 yerlere montajland\u0131\u011f\u0131nda, herhangi bir talihsiz kazaya kar\u015f\u0131 \u00e7ocuklar i\u00e7in de y\u00fcksek emniyet sa\u011flar.<\/p>","protected":false},"featured_media":3026,"template":"","meta":{"rank_math_lock_modified_date":false},"product_brand":[],"product_cat":[136],"product_tag":[],"class_list":{"0":"post-3025","1":"product","2":"type-product","3":"status-publish","4":"has-post-thumbnail","6":"product_cat-guvenlik-urunleri","8":"first","9":"instock","10":"shipping-taxable","11":"product-type-simple"},"_links":{"self":[{"href":"https:\/\/itokilit.com.tr\/en\/wp-json\/wp\/v2\/product\/3025","targetHints":{"allow":["GET"]}}],"collection":[{"href":"https:\/\/itokilit.com.tr\/en\/wp-json\/wp\/v2\/product"}],"about":[{"href":"https:\/\/itokilit.com.tr\/en\/wp-json\/wp\/v2\/types\/product"}],"version-history":[{"count":3,"href":"https:\/\/itokilit.com.tr\/en\/wp-json\/wp\/v2\/product\/3025\/revisions"}],"predecessor-version":[{"id":3285,"href":"https:\/\/itokilit.com.tr\/en\/wp-json\/wp\/v2\/product\/3025\/revisions\/3285"}],"wp:featuredmedia":[{"embeddable":true,"href":"https:\/\/itokilit.com.tr\/en\/wp-json\/wp\/v2\/media\/3026"}],"wp:attachment":[{"href":"https:\/\/itokilit.com.tr\/en\/wp-json\/wp\/v2\/media?parent=3025"}],"wp:term":[{"taxonomy":"product_brand","embeddable":true,"href":"https:\/\/itokilit.com.tr\/en\/wp-json\/wp\/v2\/product_brand?post=3025"},{"taxonomy":"product_cat","embeddable":true,"href":"https:\/\/itokilit.com.tr\/en\/wp-json\/wp\/v2\/product_cat?post=3025"},{"taxonomy":"product_tag","embeddable":true,"href":"https:\/\/itokilit.com.tr\/en\/wp-json\/wp\/v2\/product_tag?post=3025"}],"curies":[{"name":"wp","href":"https:\/\/api.w.org\/{rel}","templated":true}]}}