{"id":3021,"date":"2025-05-28T05:44:52","date_gmt":"2025-05-28T05:44:52","guid":{"rendered":"https:\/\/itokilit.com.tr\/?post_type=product&#038;p=3021"},"modified":"2025-08-12T11:47:27","modified_gmt":"2025-08-12T11:47:27","slug":"kancali-guvenlik-kilidi","status":"publish","type":"product","link":"https:\/\/itokilit.com.tr\/en\/product\/kancali-guvenlik-kilidi\/","title":{"rendered":"Kancal\u0131 G\u00fcvenlik Kilidi"},"content":{"rendered":"","protected":false},"excerpt":{"rendered":"<p>DIN-18104-1 G\u00fcvenlik standartlar\u0131n\u0131 kar\u015f\u0131layan extra<\/p>\n<p>H\u0131rs\u0131zl\u0131k diren\u00e7i korumas\u0131 sa\u011flayan bir kilit sistemidir.<\/p>\n<p>\u00c7elik plakalar ile g\u00fc\u00e7lendirilmi\u015f kancal\u0131 s\u00fcrg\u00fc sistemi ve kodlu barel ile KGK odan\u0131za yetkisiz ve izinsiz ula\u015f\u0131m\u0131 engelleyen bir g\u00fcvenlik sunar.<\/p>\n<p>Montaj ve \u00e7al\u0131\u015ft\u0131rma talimatlar\u0131na uyman\u0131z durumunda ideal bir koruma sa\u011flar.<\/p>","protected":false},"featured_media":3022,"template":"","meta":{"rank_math_lock_modified_date":false},"product_brand":[],"product_cat":[136],"product_tag":[],"class_list":{"0":"post-3021","1":"product","2":"type-product","3":"status-publish","4":"has-post-thumbnail","6":"product_cat-guvenlik-urunleri","8":"first","9":"instock","10":"shipping-taxable","11":"product-type-simple"},"_links":{"self":[{"href":"https:\/\/itokilit.com.tr\/en\/wp-json\/wp\/v2\/product\/3021","targetHints":{"allow":["GET"]}}],"collection":[{"href":"https:\/\/itokilit.com.tr\/en\/wp-json\/wp\/v2\/product"}],"about":[{"href":"https:\/\/itokilit.com.tr\/en\/wp-json\/wp\/v2\/types\/product"}],"version-history":[{"count":3,"href":"https:\/\/itokilit.com.tr\/en\/wp-json\/wp\/v2\/product\/3021\/revisions"}],"predecessor-version":[{"id":3286,"href":"https:\/\/itokilit.com.tr\/en\/wp-json\/wp\/v2\/product\/3021\/revisions\/3286"}],"wp:featuredmedia":[{"embeddable":true,"href":"https:\/\/itokilit.com.tr\/en\/wp-json\/wp\/v2\/media\/3022"}],"wp:attachment":[{"href":"https:\/\/itokilit.com.tr\/en\/wp-json\/wp\/v2\/media?parent=3021"}],"wp:term":[{"taxonomy":"product_brand","embeddable":true,"href":"https:\/\/itokilit.com.tr\/en\/wp-json\/wp\/v2\/product_brand?post=3021"},{"taxonomy":"product_cat","embeddable":true,"href":"https:\/\/itokilit.com.tr\/en\/wp-json\/wp\/v2\/product_cat?post=3021"},{"taxonomy":"product_tag","embeddable":true,"href":"https:\/\/itokilit.com.tr\/en\/wp-json\/wp\/v2\/product_tag?post=3021"}],"curies":[{"name":"wp","href":"https:\/\/api.w.org\/{rel}","templated":true}]}}