{"id":3017,"date":"2025-05-28T05:31:45","date_gmt":"2025-05-28T05:31:45","guid":{"rendered":"https:\/\/itokilit.com.tr\/?post_type=product&#038;p=3017"},"modified":"2025-09-09T16:35:36","modified_gmt":"2025-09-09T16:35:36","slug":"dokum-asma-kilit","status":"publish","type":"product","link":"https:\/\/itokilit.com.tr\/en\/product\/dokum-asma-kilit\/","title":{"rendered":"D\u00f6k\u00fcm Asma Kilit"},"content":{"rendered":"","protected":false},"excerpt":{"rendered":"<p>D\u00f6k\u00fcm Asma Kilit \/Cast Iron Padlock<\/p>\n<p>30, 40, 50, 60 mm d\u00f6k\u00fcm ve pirin\u00e7<br \/>\nMS 58 pirin\u00e7 \/ \u00e7elik g\u00f6vde ve pirin\u00e7 silindir<br \/>\n\u00c7eki\u00e7le darbeye ve koparmaya dayan\u0131kl\u0131<br \/>\nStandart krom kaplama \u00e7elik kanca \/ paslanmaz kanca<br \/>\nPaslanmaz yaylar<br \/>\nTs En 12320 standard\u0131nda TSE belgeli<br \/>\nOpsiyonel pass veya master sistem<\/p>\n<p>30, 40, 50, 60 mm cast iron<br \/>\nMS 58 brass\/steel body and brass cylinder<br \/>\nHammer and break-resistant<br \/>\nStandard chrome-plated steel hook\/stainless steel hook<br \/>\nStainless springs<br \/>\nTSE certified to TS EN 12320<br \/>\nOptional transition or master system<\/p>","protected":false},"featured_media":3132,"template":"","meta":{"rank_math_lock_modified_date":false},"product_brand":[],"product_cat":[135],"product_tag":[],"class_list":{"0":"post-3017","1":"product","2":"type-product","3":"status-publish","4":"has-post-thumbnail","6":"product_cat-asma-kilir","8":"first","9":"instock","10":"shipping-taxable","11":"product-type-simple"},"_links":{"self":[{"href":"https:\/\/itokilit.com.tr\/en\/wp-json\/wp\/v2\/product\/3017","targetHints":{"allow":["GET"]}}],"collection":[{"href":"https:\/\/itokilit.com.tr\/en\/wp-json\/wp\/v2\/product"}],"about":[{"href":"https:\/\/itokilit.com.tr\/en\/wp-json\/wp\/v2\/types\/product"}],"version-history":[{"count":4,"href":"https:\/\/itokilit.com.tr\/en\/wp-json\/wp\/v2\/product\/3017\/revisions"}],"predecessor-version":[{"id":3293,"href":"https:\/\/itokilit.com.tr\/en\/wp-json\/wp\/v2\/product\/3017\/revisions\/3293"}],"wp:featuredmedia":[{"embeddable":true,"href":"https:\/\/itokilit.com.tr\/en\/wp-json\/wp\/v2\/media\/3132"}],"wp:attachment":[{"href":"https:\/\/itokilit.com.tr\/en\/wp-json\/wp\/v2\/media?parent=3017"}],"wp:term":[{"taxonomy":"product_brand","embeddable":true,"href":"https:\/\/itokilit.com.tr\/en\/wp-json\/wp\/v2\/product_brand?post=3017"},{"taxonomy":"product_cat","embeddable":true,"href":"https:\/\/itokilit.com.tr\/en\/wp-json\/wp\/v2\/product_cat?post=3017"},{"taxonomy":"product_tag","embeddable":true,"href":"https:\/\/itokilit.com.tr\/en\/wp-json\/wp\/v2\/product_tag?post=3017"}],"curies":[{"name":"wp","href":"https:\/\/api.w.org\/{rel}","templated":true}]}}