{"id":2714,"date":"2024-10-18T14:08:37","date_gmt":"2024-10-18T14:08:37","guid":{"rendered":"https:\/\/itokilit.com.tr\/?post_type=product&#038;p=2714"},"modified":"2025-01-15T10:09:27","modified_gmt":"2025-01-15T10:09:27","slug":"h121-serisi-dirsek-kollu","status":"publish","type":"product","link":"https:\/\/itokilit.com.tr\/en\/product\/h121-serisi-dirsek-kollu\/","title":{"rendered":"H121 Dirsek Kollu Hidrolik"},"content":{"rendered":"","protected":false},"excerpt":{"rendered":"<p>\u0130to H121 serisi; yayg\u0131n olarak kullan\u0131lan kap\u0131lar\u0131n \u00e7o\u011funa uygun kompakt, \u015fablonla ayarlanabilir veya sabit g\u00fc\u00e7l\u00fc olan bir kapat\u0131c\u0131d\u0131r. Bu uygun maliyetli kapat\u0131c\u0131 \u00e7\u00f6z\u00fcm\u00fc, \u015fartname haz\u0131rlayanlar\u0131n \u0130to kap\u0131 hidroliklerinden bekledi\u011fi performans, dayan\u0131kl\u0131l\u0131k ve kalite \u00f6zelliklerini sunar. Basit ve pratik \u015fekilde kurulabilen \u0130to H121 serisi \u00fcr\u00fcnleri, standart olarak vida di\u015fli kol setiyle gelir.<\/p>\n<p>Mekanik a\u00e7\u0131k tutma (hold-open) \u00fcnitesi: Mekanik a\u00e7\u0131k tutma (hold-open), standart kol setinin, bir a\u00e7\u0131k tutma (hold-open) kol setiyle de\u011fi\u015ftirilmesiyle sa\u011flan\u0131r.<\/p>\n<p>Ayarlar:<br \/>\n1. \u015eablonla ayarlanabilir boyut 2-4 (sadece \u0130to H\u013020)<br \/>\n2. Kapanma h\u0131z\u0131<br \/>\n3. \u00c7arpma h\u0131z\u0131<\/p>\n<p>Temel \u00d6zellikler ve Avantajlar:<br \/>\nA. Bas\u0131n\u00e7l\u0131 pres d\u00f6k\u00fcm al\u00fcminyum g\u00f6vdeye, sprey boya uygulanm\u0131\u015f d\u0131\u015f y\u00fczeye ve bununla uyumlu kol setine sahiptir.<br \/>\nB. Sertle\u015ftirilmi\u015f ve ta\u015flanm\u0131\u015f \u00e7elik kol ve di\u015fli mekanizmas\u0131 sorunsuz ve etkin \u00e7al\u0131\u015fma sa\u011flar.<br \/>\nC. D\u00f6vme \u00e7elikten \u00fcretilen vida di\u015fli kol seti, daha fazla kuvvet ve dayan\u0131kl\u0131l\u0131k sa\u011flar.<br \/>\nD. Elle m\u00fcdahale edilmeyen tasar\u0131m\u0131 180\u00b0 a\u00e7\u0131lma ve kontroll\u00fc kapanma sa\u011flar.<br \/>\nE. Paralel montaj uygulamas\u0131 i\u00e7in iste\u011fe ba\u011fl\u0131 kol montaj par\u00e7as\u0131.<br \/>\nF. \u0130ste\u011fe ba\u011fl\u0131 a\u00e7\u0131k tutma kol seti (Yang\u0131n kap\u0131s\u0131 uygulamalar\u0131nda kullan\u0131m i\u00e7in uygun de\u011fildir).<br \/>\nG. 4 boya kaplamas\u0131yla mevcuttur.<\/p>\n<p>Yang\u0131n Kap\u0131s\u0131 Uygulamalar\u0131: \u0130to H\u013020 yang\u0131n kap\u0131lar\u0131nda kullan\u0131ma uygun de\u011fildir. L\u00fctfen \u0130to H\u0130121CE modelini yang\u0131n kap\u0131s\u0131 kullan\u0131mlar\u0131 i\u00e7in belirtin. L\u00fctfen, a\u00e7\u0131k tutma (hold-open) kol setinin yang\u0131n kap\u0131s\u0131 uygulamalar\u0131nda kullan\u0131lmamas\u0131 gerekti\u011fini unutmay\u0131n\u0131z.<\/p>","protected":false},"featured_media":2715,"template":"","meta":{"rank_math_lock_modified_date":false},"product_brand":[],"product_cat":[82],"product_tag":[],"class_list":{"0":"post-2714","1":"product","2":"type-product","3":"status-publish","4":"has-post-thumbnail","6":"product_cat-hidrolikler","8":"first","9":"instock","10":"shipping-taxable","11":"product-type-simple"},"_links":{"self":[{"href":"https:\/\/itokilit.com.tr\/en\/wp-json\/wp\/v2\/product\/2714","targetHints":{"allow":["GET"]}}],"collection":[{"href":"https:\/\/itokilit.com.tr\/en\/wp-json\/wp\/v2\/product"}],"about":[{"href":"https:\/\/itokilit.com.tr\/en\/wp-json\/wp\/v2\/types\/product"}],"version-history":[{"count":6,"href":"https:\/\/itokilit.com.tr\/en\/wp-json\/wp\/v2\/product\/2714\/revisions"}],"predecessor-version":[{"id":2804,"href":"https:\/\/itokilit.com.tr\/en\/wp-json\/wp\/v2\/product\/2714\/revisions\/2804"}],"wp:featuredmedia":[{"embeddable":true,"href":"https:\/\/itokilit.com.tr\/en\/wp-json\/wp\/v2\/media\/2715"}],"wp:attachment":[{"href":"https:\/\/itokilit.com.tr\/en\/wp-json\/wp\/v2\/media?parent=2714"}],"wp:term":[{"taxonomy":"product_brand","embeddable":true,"href":"https:\/\/itokilit.com.tr\/en\/wp-json\/wp\/v2\/product_brand?post=2714"},{"taxonomy":"product_cat","embeddable":true,"href":"https:\/\/itokilit.com.tr\/en\/wp-json\/wp\/v2\/product_cat?post=2714"},{"taxonomy":"product_tag","embeddable":true,"href":"https:\/\/itokilit.com.tr\/en\/wp-json\/wp\/v2\/product_tag?post=2714"}],"curies":[{"name":"wp","href":"https:\/\/api.w.org\/{rel}","templated":true}]}}