{"id":2704,"date":"2024-10-18T14:03:31","date_gmt":"2024-10-18T14:03:31","guid":{"rendered":"https:\/\/itokilit.com.tr\/?post_type=product&#038;p=2704"},"modified":"2024-10-21T08:38:12","modified_gmt":"2024-10-21T08:38:12","slug":"h151-dirsek-kollu","status":"publish","type":"product","link":"https:\/\/itokilit.com.tr\/en\/product\/h151-dirsek-kollu\/","title":{"rendered":"H151 Dirsek Kollu Hidrolik"},"content":{"rendered":"","protected":false},"excerpt":{"rendered":"<p>Ito H151; EN 2-5 g\u00fcc\u00fcnde dirsek kollu kap\u0131 kapat\u0131c\u0131s\u0131d\u0131r.<br \/>\nBu uygun maliyetli kap\u0131 kapat\u0131c\u0131 ayarlanabilir kapanma ve \u00e7arpma h\u0131z\u0131 \u00f6zelli\u011fine sahip, sa\u011f-sol a\u00e7\u0131l\u0131ml\u0131 kap\u0131lara uygun tasar\u0131md\u0131r. Basit ve pratik \u015fekilde kurulabilen Ito H151, standart vida di\u015fli kol setiyle gelir.<\/p>\n<h3>Temel \u00d6zellikler ve Avantajlar<\/h3>\n<ul>\n<li>Bas\u0131n\u00e7l\u0131 pres d\u00f6k\u00fcm al\u00fcminyum g\u00f6vdeye, sprey boya uygulanm\u0131\u015f d\u0131\u015f y\u00fczeye ve bununla uyumlu kol setine sahiptir.<\/li>\n<li>Sertle\u015ftirilmi\u015f ve ta\u015flanm\u0131\u015f \u00e7elik kol ve di\u015fli mekanizmas\u0131 sorunsuz ve etkin \u00e7al\u0131\u015fma sa\u011flar.<\/li>\n<li>D\u00f6vme \u00e7elikten \u00fcretilen vida di\u015fli kol seti, daha fazla kuvvet ve dayan\u0131kl\u0131l\u0131k sa\u011flar.<\/li>\n<li>Elle m\u00fcdahale edilmeyen tasar\u0131m\u0131 180\u00b0 a\u00e7\u0131lma ve kontroll\u00fc kapanma sa\u011flar.<\/li>\n<\/ul>\n<h3>Yang\u0131n Kap\u0131s\u0131 Uygulamalar\u0131<\/h3>\n<p>Ito H151 yang\u0131n kap\u0131lar\u0131nda kullan\u0131ma uygun de\u011fildir.<\/p>","protected":false},"featured_media":2705,"template":"","meta":{"rank_math_lock_modified_date":false},"product_brand":[],"product_cat":[82],"product_tag":[],"class_list":{"0":"post-2704","1":"product","2":"type-product","3":"status-publish","4":"has-post-thumbnail","6":"product_cat-hidrolikler","8":"first","9":"instock","10":"shipping-taxable","11":"product-type-simple"},"_links":{"self":[{"href":"https:\/\/itokilit.com.tr\/en\/wp-json\/wp\/v2\/product\/2704","targetHints":{"allow":["GET"]}}],"collection":[{"href":"https:\/\/itokilit.com.tr\/en\/wp-json\/wp\/v2\/product"}],"about":[{"href":"https:\/\/itokilit.com.tr\/en\/wp-json\/wp\/v2\/types\/product"}],"version-history":[{"count":2,"href":"https:\/\/itokilit.com.tr\/en\/wp-json\/wp\/v2\/product\/2704\/revisions"}],"predecessor-version":[{"id":2758,"href":"https:\/\/itokilit.com.tr\/en\/wp-json\/wp\/v2\/product\/2704\/revisions\/2758"}],"wp:featuredmedia":[{"embeddable":true,"href":"https:\/\/itokilit.com.tr\/en\/wp-json\/wp\/v2\/media\/2705"}],"wp:attachment":[{"href":"https:\/\/itokilit.com.tr\/en\/wp-json\/wp\/v2\/media?parent=2704"}],"wp:term":[{"taxonomy":"product_brand","embeddable":true,"href":"https:\/\/itokilit.com.tr\/en\/wp-json\/wp\/v2\/product_brand?post=2704"},{"taxonomy":"product_cat","embeddable":true,"href":"https:\/\/itokilit.com.tr\/en\/wp-json\/wp\/v2\/product_cat?post=2704"},{"taxonomy":"product_tag","embeddable":true,"href":"https:\/\/itokilit.com.tr\/en\/wp-json\/wp\/v2\/product_tag?post=2704"}],"curies":[{"name":"wp","href":"https:\/\/api.w.org\/{rel}","templated":true}]}}