{"id":2699,"date":"2024-10-18T14:00:21","date_gmt":"2024-10-18T14:00:21","guid":{"rendered":"https:\/\/itokilit.com.tr\/?post_type=product&#038;p=2699"},"modified":"2024-10-21T08:38:18","modified_gmt":"2024-10-21T08:38:18","slug":"h141-kayar-kanalli","status":"publish","type":"product","link":"https:\/\/itokilit.com.tr\/en\/product\/h141-kayar-kanalli\/","title":{"rendered":"H141 Kayar Kanall\u0131 Hidrolik"},"content":{"rendered":"","protected":false},"excerpt":{"rendered":"<p>Ito H141; EN 3 g\u00fcc\u00fcnde kayar kollu kap\u0131 kapat\u0131c\u0131s\u0131d\u0131r. Bu uygun maliyetli kap\u0131 kapat\u0131c\u0131 ayarlanabilir kapanma ve \u00e7arpma h\u0131z\u0131 ile mekanik a\u00e7\u0131k tutma (hold-open) \u00f6zelli\u011fine sahiptir. Basit ve pratik \u015fekilde kurulabilen Ito H141, standart vida di\u015fli a\u00e7\u0131k tutma (hold-open) kol setiyle gelir.<\/p>\n<p><strong>Mekanik a\u00e7\u0131k tutma (hold-open) \u00fcnitesi<\/strong><br \/>\nIto H141&#8217;de mekanik a\u00e7\u0131k tutma (hold-open) \u00fcnitesi, kayar kanal\u0131n i\u00e7ine monte edilmi\u015ftir.<\/p>\n<p>Yang\u0131n Kap\u0131s\u0131 Uygulamalar\u0131 Ito H141 yang\u0131n kap\u0131lar\u0131nda kullan\u0131ma uygun de\u011fildir.<\/p>\n<h3>Temel \u00d6zellikler ve Avantajlar<\/h3>\n<ul>\n<li>Bas\u0131n\u00e7l\u0131 pres d\u00f6k\u00fcm al\u00fcminyum g\u00f6vdeye, sprey boya uygulanm\u0131\u015f d\u0131\u015f y\u00fczeye ve bununla uyumlu kol setine sahiptir.<\/li>\n<li>Sertle\u015ftirilmi\u015f ve ta\u015flanm\u0131\u015f \u00e7elik kol ve di\u015fli mekanizmas\u0131 sorunsuz ve etkin \u00e7al\u0131\u015fma sa\u011flar.<\/li>\n<li>D\u00f6vme \u00e7elikten \u00fcretilen vida di\u015fli kol seti, daha fazla kuvvet ve dayan\u0131kl\u0131l\u0131k sa\u011flar.<\/li>\n<li>Elle m\u00fcdahale edilmeyi tasar\u0131m\u0131 180\u00b0 a\u00e7\u0131lma ve kontroll\u00fc kapanma sa\u011flar.<\/li>\n<\/ul>","protected":false},"featured_media":2700,"template":"","meta":{"rank_math_lock_modified_date":false},"product_brand":[],"product_cat":[82],"product_tag":[],"class_list":{"0":"post-2699","1":"product","2":"type-product","3":"status-publish","4":"has-post-thumbnail","6":"product_cat-hidrolikler","8":"first","9":"instock","10":"shipping-taxable","11":"product-type-simple"},"_links":{"self":[{"href":"https:\/\/itokilit.com.tr\/en\/wp-json\/wp\/v2\/product\/2699","targetHints":{"allow":["GET"]}}],"collection":[{"href":"https:\/\/itokilit.com.tr\/en\/wp-json\/wp\/v2\/product"}],"about":[{"href":"https:\/\/itokilit.com.tr\/en\/wp-json\/wp\/v2\/types\/product"}],"version-history":[{"count":2,"href":"https:\/\/itokilit.com.tr\/en\/wp-json\/wp\/v2\/product\/2699\/revisions"}],"predecessor-version":[{"id":2759,"href":"https:\/\/itokilit.com.tr\/en\/wp-json\/wp\/v2\/product\/2699\/revisions\/2759"}],"wp:featuredmedia":[{"embeddable":true,"href":"https:\/\/itokilit.com.tr\/en\/wp-json\/wp\/v2\/media\/2700"}],"wp:attachment":[{"href":"https:\/\/itokilit.com.tr\/en\/wp-json\/wp\/v2\/media?parent=2699"}],"wp:term":[{"taxonomy":"product_brand","embeddable":true,"href":"https:\/\/itokilit.com.tr\/en\/wp-json\/wp\/v2\/product_brand?post=2699"},{"taxonomy":"product_cat","embeddable":true,"href":"https:\/\/itokilit.com.tr\/en\/wp-json\/wp\/v2\/product_cat?post=2699"},{"taxonomy":"product_tag","embeddable":true,"href":"https:\/\/itokilit.com.tr\/en\/wp-json\/wp\/v2\/product_tag?post=2699"}],"curies":[{"name":"wp","href":"https:\/\/api.w.org\/{rel}","templated":true}]}}