{"id":2696,"date":"2024-10-18T13:45:03","date_gmt":"2024-10-18T13:45:03","guid":{"rendered":"https:\/\/itokilit.com.tr\/?post_type=product&#038;p=2696"},"modified":"2025-08-12T11:45:32","modified_gmt":"2025-08-12T11:45:32","slug":"1170","status":"publish","type":"product","link":"https:\/\/itokilit.com.tr\/en\/product\/1170\/","title":{"rendered":"1170 T\u0130RAJLI KAPI K\u0130L\u0130D\u0130"},"content":{"rendered":"","protected":false},"excerpt":{"rendered":"<table>\n<thead>\n<tr>\n<th><strong>T\u00fcrk\u00e7e<\/strong><\/th>\n<th><strong>English<\/strong><\/th>\n<\/tr>\n<\/thead>\n<tbody>\n<tr>\n<td><strong>G\u00f6vde:<\/strong> Elektrostatik toz boyal\u0131, \u00e7elik<\/td>\n<td><strong>Body:<\/strong> Electrostatic powder coated, steel<\/td>\n<\/tr>\n<tr>\n<td><strong>S\u00fcrg\u00fc:<\/strong> Zamak d\u00f6k\u00fcm, iki turlu<\/td>\n<td><strong>Bolt:<\/strong> Zamak casting, double throw<\/td>\n<\/tr>\n<tr>\n<td><strong>Silindir:<\/strong> D\u0131\u015ftan 6 adet sabit ve 6 adet \u015fifre pimli, i\u00e7ten 3 adet sabit ve 3 adet \u015fifre pimli<\/td>\n<td><strong>Cylinder:<\/strong> 6 pieces fixed and 6 pieces encrypted pinned from outside, 3 pieces fixed and 3 pieces encrypted pinned from inside<\/td>\n<\/tr>\n<tr>\n<td><strong>Dil:<\/strong> Ayarlanabilir dil y\u00f6n\u00fc<\/td>\n<td><strong>Latch:<\/strong> Reversible latch<\/td>\n<\/tr>\n<tr>\n<td><strong>Anahtar:<\/strong> 3 adet, nikel kaplama<\/td>\n<td><strong>Key:<\/strong> 3 pieces, nickel plated<\/td>\n<\/tr>\n<tr>\n<td><strong>B\/S:<\/strong> 70 mm<\/td>\n<td><strong>B\/S:<\/strong> 70 mm<\/td>\n<\/tr>\n<tr>\n<td><strong>Opsiyonlar:<\/strong> Renk (ye\u015fil\/siyah)<\/td>\n<td><strong>Options:<\/strong> Color (green\/black)<\/td>\n<\/tr>\n<tr>\n<td><strong>Versiyonlar:<\/strong> 1170 AK kar\u015f\u0131l\u0131ks\u0131z<\/td>\n<td><strong>Versions:<\/strong> 1170 AK without striker<\/td>\n<\/tr>\n<\/tbody>\n<\/table>","protected":false},"featured_media":1721,"template":"","meta":{"rank_math_lock_modified_date":false},"product_brand":[],"product_cat":[83,80],"product_tag":[],"class_list":{"0":"post-2696","1":"product","2":"type-product","3":"status-publish","4":"has-post-thumbnail","6":"product_cat-kilitler","7":"product_cat-tirajli-kilitler","9":"first","10":"instock","11":"shipping-taxable","12":"product-type-simple"},"_links":{"self":[{"href":"https:\/\/itokilit.com.tr\/en\/wp-json\/wp\/v2\/product\/2696","targetHints":{"allow":["GET"]}}],"collection":[{"href":"https:\/\/itokilit.com.tr\/en\/wp-json\/wp\/v2\/product"}],"about":[{"href":"https:\/\/itokilit.com.tr\/en\/wp-json\/wp\/v2\/types\/product"}],"version-history":[{"count":3,"href":"https:\/\/itokilit.com.tr\/en\/wp-json\/wp\/v2\/product\/2696\/revisions"}],"predecessor-version":[{"id":3284,"href":"https:\/\/itokilit.com.tr\/en\/wp-json\/wp\/v2\/product\/2696\/revisions\/3284"}],"wp:featuredmedia":[{"embeddable":true,"href":"https:\/\/itokilit.com.tr\/en\/wp-json\/wp\/v2\/media\/1721"}],"wp:attachment":[{"href":"https:\/\/itokilit.com.tr\/en\/wp-json\/wp\/v2\/media?parent=2696"}],"wp:term":[{"taxonomy":"product_brand","embeddable":true,"href":"https:\/\/itokilit.com.tr\/en\/wp-json\/wp\/v2\/product_brand?post=2696"},{"taxonomy":"product_cat","embeddable":true,"href":"https:\/\/itokilit.com.tr\/en\/wp-json\/wp\/v2\/product_cat?post=2696"},{"taxonomy":"product_tag","embeddable":true,"href":"https:\/\/itokilit.com.tr\/en\/wp-json\/wp\/v2\/product_tag?post=2696"}],"curies":[{"name":"wp","href":"https:\/\/api.w.org\/{rel}","templated":true}]}}