{"id":2686,"date":"2024-10-18T13:37:23","date_gmt":"2024-10-18T13:37:23","guid":{"rendered":"https:\/\/itokilit.com.tr\/?post_type=product&#038;p=2686"},"modified":"2025-09-09T16:24:10","modified_gmt":"2025-09-09T16:24:10","slug":"5001-barelli","status":"publish","type":"product","link":"https:\/\/itokilit.com.tr\/en\/product\/5001-barelli\/","title":{"rendered":"5001 BARELL\u0130 \u00c7EL\u0130K KAPI K\u0130L\u0130D\u0130"},"content":{"rendered":"","protected":false},"excerpt":{"rendered":"<table class=\"w-fit min-w-(--thread-content-width)\" data-start=\"84\" data-end=\"694\">\n<thead data-start=\"84\" data-end=\"112\">\n<tr data-start=\"84\" data-end=\"112\">\n<th data-start=\"84\" data-end=\"97\" data-col-size=\"md\"><strong data-start=\"86\" data-end=\"96\">T\u00fcrk\u00e7e<\/strong><\/th>\n<th data-start=\"97\" data-end=\"112\" data-col-size=\"md\"><strong data-start=\"99\" data-end=\"110\">English<\/strong><\/th>\n<\/tr>\n<\/thead>\n<tbody data-start=\"142\" data-end=\"694\">\n<tr data-start=\"142\" data-end=\"219\">\n<td data-start=\"142\" data-end=\"181\" data-col-size=\"md\"><strong data-start=\"144\" data-end=\"154\">G\u00f6vde:<\/strong> Galvaniz kaplamal\u0131, \u00e7elik<\/td>\n<td data-col-size=\"md\" data-start=\"181\" data-end=\"219\"><strong data-start=\"183\" data-end=\"192\">Body:<\/strong> Galvanized plated, steel<\/td>\n<\/tr>\n<tr data-start=\"220\" data-end=\"288\">\n<td data-start=\"220\" data-end=\"253\" data-col-size=\"md\"><strong data-start=\"222\" data-end=\"231\">Ayna:<\/strong> Krom kaplamal\u0131 \u00e7elik<\/td>\n<td data-start=\"253\" data-end=\"288\" data-col-size=\"md\"><strong data-start=\"255\" data-end=\"266\">Forend:<\/strong> Chrome plated steel<\/td>\n<\/tr>\n<tr data-start=\"289\" data-end=\"391\">\n<td data-start=\"289\" data-end=\"340\" data-col-size=\"md\"><strong data-start=\"291\" data-end=\"301\">S\u00fcrg\u00fc:<\/strong> 3 milli krom kaplamal\u0131 \u00e7elik, 3 turlu<\/td>\n<td data-start=\"340\" data-end=\"391\" data-col-size=\"md\"><strong data-start=\"342\" data-end=\"351\">Bolt:<\/strong> 3 bars, chrome plated steel, 3 throws<\/td>\n<\/tr>\n<tr data-start=\"392\" data-end=\"466\">\n<td data-start=\"392\" data-end=\"428\" data-col-size=\"md\"><strong data-start=\"394\" data-end=\"407\">Silindir:<\/strong> 757T\/68K ve 254\/68K<\/td>\n<td data-start=\"428\" data-end=\"466\" data-col-size=\"md\"><strong data-start=\"430\" data-end=\"443\">Cylinder:<\/strong> 757T\/68K and 254\/68K<\/td>\n<\/tr>\n<tr data-start=\"467\" data-end=\"549\">\n<td data-start=\"467\" data-end=\"507\" data-col-size=\"md\"><strong data-start=\"469\" data-end=\"481\">Anahtar:<\/strong> 3 adet 254 ve 5 adet 754<\/td>\n<td data-start=\"507\" data-end=\"549\" data-col-size=\"md\"><strong data-start=\"509\" data-end=\"517\">Key:<\/strong> 3 pieces 254 and 5 pieces 754<\/td>\n<\/tr>\n<tr data-start=\"550\" data-end=\"585\">\n<td data-start=\"550\" data-end=\"567\" data-col-size=\"md\"><strong data-start=\"552\" data-end=\"560\">B\/S:<\/strong> 63 mm<\/td>\n<td data-start=\"567\" data-end=\"585\" data-col-size=\"md\"><strong data-start=\"569\" data-end=\"577\">B\/S:<\/strong> 60 mm<\/td>\n<\/tr>\n<tr data-start=\"586\" data-end=\"621\">\n<td data-start=\"586\" data-end=\"603\" data-col-size=\"md\"><strong data-start=\"588\" data-end=\"596\">C\/L:<\/strong> 85 mm<\/td>\n<td data-start=\"603\" data-end=\"621\" data-col-size=\"md\"><strong data-start=\"605\" data-end=\"613\">C\/L:<\/strong> 80 mm<\/td>\n<\/tr>\n<tr data-start=\"622\" data-end=\"694\">\n<td data-start=\"622\" data-end=\"658\" data-col-size=\"md\"><strong data-start=\"624\" data-end=\"639\">Opsiyonlar:<\/strong> Kaplama, silindir<\/td>\n<td data-start=\"658\" data-end=\"694\" data-col-size=\"md\"><strong data-start=\"660\" data-end=\"672\">Options:<\/strong> Plating, cylinder<\/td>\n<\/tr>\n<\/tbody>\n<\/table>","protected":false},"featured_media":3210,"template":"","meta":{"rank_math_lock_modified_date":false},"product_brand":[],"product_cat":[83,120],"product_tag":[],"class_list":{"0":"post-2686","1":"product","2":"type-product","3":"status-publish","4":"has-post-thumbnail","6":"product_cat-kilitler","7":"product_cat-celik-kapi-kilitleri","9":"first","10":"instock","11":"shipping-taxable","12":"product-type-simple"},"_links":{"self":[{"href":"https:\/\/itokilit.com.tr\/en\/wp-json\/wp\/v2\/product\/2686","targetHints":{"allow":["GET"]}}],"collection":[{"href":"https:\/\/itokilit.com.tr\/en\/wp-json\/wp\/v2\/product"}],"about":[{"href":"https:\/\/itokilit.com.tr\/en\/wp-json\/wp\/v2\/types\/product"}],"version-history":[{"count":3,"href":"https:\/\/itokilit.com.tr\/en\/wp-json\/wp\/v2\/product\/2686\/revisions"}],"predecessor-version":[{"id":3206,"href":"https:\/\/itokilit.com.tr\/en\/wp-json\/wp\/v2\/product\/2686\/revisions\/3206"}],"wp:featuredmedia":[{"embeddable":true,"href":"https:\/\/itokilit.com.tr\/en\/wp-json\/wp\/v2\/media\/3210"}],"wp:attachment":[{"href":"https:\/\/itokilit.com.tr\/en\/wp-json\/wp\/v2\/media?parent=2686"}],"wp:term":[{"taxonomy":"product_brand","embeddable":true,"href":"https:\/\/itokilit.com.tr\/en\/wp-json\/wp\/v2\/product_brand?post=2686"},{"taxonomy":"product_cat","embeddable":true,"href":"https:\/\/itokilit.com.tr\/en\/wp-json\/wp\/v2\/product_cat?post=2686"},{"taxonomy":"product_tag","embeddable":true,"href":"https:\/\/itokilit.com.tr\/en\/wp-json\/wp\/v2\/product_tag?post=2686"}],"curies":[{"name":"wp","href":"https:\/\/api.w.org\/{rel}","templated":true}]}}