{"id":2682,"date":"2024-10-18T13:33:35","date_gmt":"2024-10-18T13:33:35","guid":{"rendered":"https:\/\/itokilit.com.tr\/?post_type=product&#038;p=2682"},"modified":"2025-08-12T08:21:22","modified_gmt":"2025-08-12T08:21:22","slug":"silindirli-kancali-monoblok-celik-kapi-kilidi-2004h","status":"publish","type":"product","link":"https:\/\/itokilit.com.tr\/en\/product\/silindirli-kancali-monoblok-celik-kapi-kilidi-2004h\/","title":{"rendered":"Silindirli Kancal\u0131 Monoblok \u00c7elik Kap\u0131 Kilidi &#8211; 2004H"},"content":{"rendered":"","protected":false},"excerpt":{"rendered":"<div class=\"page\" title=\"Page 34\">\n<div class=\"layoutArea\">\n<div class=\"column\">\n<table class=\"w-fit min-w-(--thread-content-width)\" data-start=\"84\" data-end=\"680\">\n<thead data-start=\"84\" data-end=\"112\">\n<tr data-start=\"84\" data-end=\"112\">\n<th data-start=\"84\" data-end=\"97\" data-col-size=\"md\"><strong data-start=\"86\" data-end=\"96\">T\u00fcrk\u00e7e<\/strong><\/th>\n<th data-start=\"97\" data-end=\"112\" data-col-size=\"md\"><strong data-start=\"99\" data-end=\"110\">English<\/strong><\/th>\n<\/tr>\n<\/thead>\n<tbody data-start=\"142\" data-end=\"680\">\n<tr data-start=\"142\" data-end=\"291\">\n<td data-start=\"142\" data-end=\"212\" data-col-size=\"md\"><strong data-start=\"144\" data-end=\"157\">\u00dcr\u00fcn Ad\u0131:<\/strong> Silindirli Kancal\u0131 Monoblok \u00c7elik Kap\u0131 Kilidi &#8211; 2003H<\/td>\n<td data-col-size=\"md\" data-start=\"212\" data-end=\"291\"><strong data-start=\"214\" data-end=\"231\">Product Name:<\/strong> Monoblock Steel Lock with Hooks and Cylinder Hole &#8211; 2004H<\/td>\n<\/tr>\n<tr data-start=\"292\" data-end=\"352\">\n<td data-start=\"292\" data-end=\"330\" data-col-size=\"md\"><strong data-start=\"294\" data-end=\"323\">Backset (Seren Mesafesi):<\/strong> 60 mm<\/td>\n<td data-col-size=\"md\" data-start=\"330\" data-end=\"352\"><strong data-start=\"332\" data-end=\"344\">Backset:<\/strong> 60 mm<\/td>\n<\/tr>\n<tr data-start=\"353\" data-end=\"399\">\n<td data-start=\"353\" data-end=\"375\" data-col-size=\"md\"><strong data-start=\"355\" data-end=\"366\">Turlar:<\/strong> 3 turlu<\/td>\n<td data-col-size=\"md\" data-start=\"375\" data-end=\"399\"><strong data-start=\"377\" data-end=\"388\">Throws:<\/strong> 3 throws<\/td>\n<\/tr>\n<tr data-start=\"400\" data-end=\"466\">\n<td data-start=\"400\" data-end=\"434\" data-col-size=\"md\"><strong data-start=\"402\" data-end=\"427\">S\u00fcrg\u00fc \u00c7\u0131k\u0131\u015f Mesafesi:<\/strong> 36 mm<\/td>\n<td data-col-size=\"md\" data-start=\"434\" data-end=\"466\"><strong data-start=\"436\" data-end=\"458\">Deadbolt Distance:<\/strong> 36 mm<\/td>\n<\/tr>\n<tr data-start=\"467\" data-end=\"680\">\n<td data-start=\"467\" data-end=\"572\" data-col-size=\"md\"><strong data-start=\"469\" data-end=\"495\">\u00dcr\u00fcn Ad\u0131 (Alternatif):<\/strong> Silindirli Milsiz Kancal\u0131 Monoblok \u00c7elik Kap\u0131 Kilidi &#8211; 2004H Milsiz Kancal\u0131<\/td>\n<td data-col-size=\"md\" data-start=\"572\" data-end=\"680\"><strong data-start=\"574\" data-end=\"605\">Product Name (Alternative):<\/strong> Monoblock Steel Door Lock with Cylinder Hole, without Deadbolt &#8211; 2004H<\/td>\n<\/tr>\n<\/tbody>\n<\/table>\n<\/div>\n<\/div>\n<\/div>","protected":false},"featured_media":2683,"template":"","meta":{"rank_math_lock_modified_date":false},"product_brand":[],"product_cat":[83,120],"product_tag":[],"class_list":{"0":"post-2682","1":"product","2":"type-product","3":"status-publish","4":"has-post-thumbnail","6":"product_cat-kilitler","7":"product_cat-celik-kapi-kilitleri","9":"first","10":"instock","11":"shipping-taxable","12":"product-type-simple"},"_links":{"self":[{"href":"https:\/\/itokilit.com.tr\/en\/wp-json\/wp\/v2\/product\/2682","targetHints":{"allow":["GET"]}}],"collection":[{"href":"https:\/\/itokilit.com.tr\/en\/wp-json\/wp\/v2\/product"}],"about":[{"href":"https:\/\/itokilit.com.tr\/en\/wp-json\/wp\/v2\/types\/product"}],"version-history":[{"count":2,"href":"https:\/\/itokilit.com.tr\/en\/wp-json\/wp\/v2\/product\/2682\/revisions"}],"predecessor-version":[{"id":3208,"href":"https:\/\/itokilit.com.tr\/en\/wp-json\/wp\/v2\/product\/2682\/revisions\/3208"}],"wp:featuredmedia":[{"embeddable":true,"href":"https:\/\/itokilit.com.tr\/en\/wp-json\/wp\/v2\/media\/2683"}],"wp:attachment":[{"href":"https:\/\/itokilit.com.tr\/en\/wp-json\/wp\/v2\/media?parent=2682"}],"wp:term":[{"taxonomy":"product_brand","embeddable":true,"href":"https:\/\/itokilit.com.tr\/en\/wp-json\/wp\/v2\/product_brand?post=2682"},{"taxonomy":"product_cat","embeddable":true,"href":"https:\/\/itokilit.com.tr\/en\/wp-json\/wp\/v2\/product_cat?post=2682"},{"taxonomy":"product_tag","embeddable":true,"href":"https:\/\/itokilit.com.tr\/en\/wp-json\/wp\/v2\/product_tag?post=2682"}],"curies":[{"name":"wp","href":"https:\/\/api.w.org\/{rel}","templated":true}]}}