{"id":2671,"date":"2024-10-18T13:17:02","date_gmt":"2024-10-18T13:17:02","guid":{"rendered":"https:\/\/itokilit.com.tr\/?post_type=product&#038;p=2671"},"modified":"2025-09-09T16:22:34","modified_gmt":"2025-09-09T16:22:34","slug":"2004k","status":"publish","type":"product","link":"https:\/\/itokilit.com.tr\/en\/product\/2004k\/","title":{"rendered":"2004K \u00c7EL\u0130K KAPI K\u0130L\u0130D\u0130"},"content":{"rendered":"","protected":false},"excerpt":{"rendered":"<table class=\"w-fit min-w-(--thread-content-width)\" data-start=\"84\" data-end=\"606\">\n<thead data-start=\"84\" data-end=\"112\">\n<tr data-start=\"84\" data-end=\"112\">\n<th data-start=\"84\" data-end=\"97\" data-col-size=\"md\"><strong data-start=\"86\" data-end=\"96\">T\u00fcrk\u00e7e<\/strong><\/th>\n<th data-start=\"97\" data-end=\"112\" data-col-size=\"md\"><strong data-start=\"99\" data-end=\"110\">English<\/strong><\/th>\n<\/tr>\n<\/thead>\n<tbody data-start=\"142\" data-end=\"606\">\n<tr data-start=\"142\" data-end=\"219\">\n<td data-start=\"142\" data-end=\"181\" data-col-size=\"md\"><strong data-start=\"144\" data-end=\"154\">G\u00f6vde:<\/strong> Galvaniz kaplamal\u0131, \u00e7elik<\/td>\n<td data-col-size=\"md\" data-start=\"181\" data-end=\"219\"><strong data-start=\"183\" data-end=\"192\">Body:<\/strong> Galvanized plated, steel<\/td>\n<\/tr>\n<tr data-start=\"220\" data-end=\"288\">\n<td data-start=\"220\" data-end=\"253\" data-col-size=\"md\"><strong data-start=\"222\" data-end=\"231\">Ayna:<\/strong> Krom kaplamal\u0131 \u00e7elik<\/td>\n<td data-col-size=\"md\" data-start=\"253\" data-end=\"288\"><strong data-start=\"255\" data-end=\"266\">Forend:<\/strong> Chrome plated steel<\/td>\n<\/tr>\n<tr data-start=\"289\" data-end=\"391\">\n<td data-start=\"289\" data-end=\"340\" data-col-size=\"md\"><strong data-start=\"291\" data-end=\"301\">S\u00fcrg\u00fc:<\/strong> 3 milli krom kaplamal\u0131 \u00e7elik, 3 turlu<\/td>\n<td data-col-size=\"md\" data-start=\"340\" data-end=\"391\"><strong data-start=\"342\" data-end=\"351\">Bolt:<\/strong> 3 bars, chrome plated steel, 3 throws<\/td>\n<\/tr>\n<tr data-start=\"392\" data-end=\"497\">\n<td data-start=\"392\" data-end=\"446\" data-col-size=\"md\"><strong data-start=\"394\" data-end=\"407\">Silindir:<\/strong> 254 veya 754 modeliyle kullan\u0131labilir<\/td>\n<td data-col-size=\"md\" data-start=\"446\" data-end=\"497\"><strong data-start=\"448\" data-end=\"461\">Cylinder:<\/strong> Can be used with 254 or 754 model<\/td>\n<\/tr>\n<tr data-start=\"498\" data-end=\"533\">\n<td data-start=\"498\" data-end=\"515\" data-col-size=\"md\"><strong data-start=\"500\" data-end=\"508\">B\/S:<\/strong> 60 mm<\/td>\n<td data-col-size=\"md\" data-start=\"515\" data-end=\"533\"><strong data-start=\"517\" data-end=\"525\">B\/S:<\/strong> 60 mm<\/td>\n<\/tr>\n<tr data-start=\"534\" data-end=\"606\">\n<td data-start=\"534\" data-end=\"570\" data-col-size=\"md\"><strong data-start=\"536\" data-end=\"551\">Opsiyonlar:<\/strong> Kaplama, silindir<\/td>\n<td data-col-size=\"md\" data-start=\"570\" data-end=\"606\"><strong data-start=\"572\" data-end=\"584\">Options:<\/strong> Plating, cylinder<\/td>\n<\/tr>\n<\/tbody>\n<\/table>","protected":false},"featured_media":3451,"template":"","meta":{"rank_math_lock_modified_date":false},"product_brand":[],"product_cat":[83,120],"product_tag":[],"class_list":{"0":"post-2671","1":"product","2":"type-product","3":"status-publish","4":"has-post-thumbnail","6":"product_cat-kilitler","7":"product_cat-celik-kapi-kilitleri","9":"first","10":"instock","11":"shipping-taxable","12":"product-type-simple"},"_links":{"self":[{"href":"https:\/\/itokilit.com.tr\/en\/wp-json\/wp\/v2\/product\/2671","targetHints":{"allow":["GET"]}}],"collection":[{"href":"https:\/\/itokilit.com.tr\/en\/wp-json\/wp\/v2\/product"}],"about":[{"href":"https:\/\/itokilit.com.tr\/en\/wp-json\/wp\/v2\/types\/product"}],"version-history":[{"count":5,"href":"https:\/\/itokilit.com.tr\/en\/wp-json\/wp\/v2\/product\/2671\/revisions"}],"predecessor-version":[{"id":3452,"href":"https:\/\/itokilit.com.tr\/en\/wp-json\/wp\/v2\/product\/2671\/revisions\/3452"}],"wp:featuredmedia":[{"embeddable":true,"href":"https:\/\/itokilit.com.tr\/en\/wp-json\/wp\/v2\/media\/3451"}],"wp:attachment":[{"href":"https:\/\/itokilit.com.tr\/en\/wp-json\/wp\/v2\/media?parent=2671"}],"wp:term":[{"taxonomy":"product_brand","embeddable":true,"href":"https:\/\/itokilit.com.tr\/en\/wp-json\/wp\/v2\/product_brand?post=2671"},{"taxonomy":"product_cat","embeddable":true,"href":"https:\/\/itokilit.com.tr\/en\/wp-json\/wp\/v2\/product_cat?post=2671"},{"taxonomy":"product_tag","embeddable":true,"href":"https:\/\/itokilit.com.tr\/en\/wp-json\/wp\/v2\/product_tag?post=2671"}],"curies":[{"name":"wp","href":"https:\/\/api.w.org\/{rel}","templated":true}]}}