{"id":2667,"date":"2024-10-18T13:15:34","date_gmt":"2024-10-18T13:15:34","guid":{"rendered":"https:\/\/itokilit.com.tr\/?post_type=product&#038;p=2667"},"modified":"2025-09-09T16:21:56","modified_gmt":"2025-09-09T16:21:56","slug":"2003k","status":"publish","type":"product","link":"https:\/\/itokilit.com.tr\/en\/product\/2003k\/","title":{"rendered":"2003K \u00c7EL\u0130K KAPI K\u0130L\u0130D\u0130"},"content":{"rendered":"","protected":false},"excerpt":{"rendered":"<table class=\"w-fit min-w-(--thread-content-width)\" data-start=\"84\" data-end=\"788\">\n<thead data-start=\"84\" data-end=\"112\">\n<tr data-start=\"84\" data-end=\"112\">\n<th data-start=\"84\" data-end=\"97\" data-col-size=\"md\"><strong data-start=\"86\" data-end=\"96\">T\u00fcrk\u00e7e<\/strong><\/th>\n<th data-start=\"97\" data-end=\"112\" data-col-size=\"md\"><strong data-start=\"99\" data-end=\"110\">English<\/strong><\/th>\n<\/tr>\n<\/thead>\n<tbody data-start=\"142\" data-end=\"788\">\n<tr data-start=\"142\" data-end=\"220\">\n<td data-start=\"142\" data-end=\"177\" data-col-size=\"md\"><strong data-start=\"144\" data-end=\"159\">Kol Yata\u011f\u0131:<\/strong> Rulmanl\u0131, 8&#215;8 mm<\/td>\n<td data-col-size=\"md\" data-start=\"177\" data-end=\"220\"><strong data-start=\"179\" data-end=\"195\">Rod Bearing:<\/strong> w\/ball bearing, 8&#215;8 mm<\/td>\n<\/tr>\n<tr data-start=\"221\" data-end=\"298\">\n<td data-start=\"221\" data-end=\"260\" data-col-size=\"md\"><strong data-start=\"223\" data-end=\"233\">G\u00f6vde:<\/strong> Galvaniz kaplamal\u0131, \u00e7elik<\/td>\n<td data-col-size=\"md\" data-start=\"260\" data-end=\"298\"><strong data-start=\"262\" data-end=\"271\">Body:<\/strong> Galvanized plated, steel<\/td>\n<\/tr>\n<tr data-start=\"299\" data-end=\"367\">\n<td data-start=\"299\" data-end=\"332\" data-col-size=\"md\"><strong data-start=\"301\" data-end=\"310\">Ayna:<\/strong> Krom kaplamal\u0131 \u00e7elik<\/td>\n<td data-col-size=\"md\" data-start=\"332\" data-end=\"367\"><strong data-start=\"334\" data-end=\"345\">Forend:<\/strong> Chrome plated steel<\/td>\n<\/tr>\n<tr data-start=\"368\" data-end=\"470\">\n<td data-start=\"368\" data-end=\"419\" data-col-size=\"md\"><strong data-start=\"370\" data-end=\"380\">S\u00fcrg\u00fc:<\/strong> 3 milli krom kaplamal\u0131 \u00e7elik, 3 turlu<\/td>\n<td data-col-size=\"md\" data-start=\"419\" data-end=\"470\"><strong data-start=\"421\" data-end=\"430\">Bolt:<\/strong> 3 bars, chrome plated steel, 3 throws<\/td>\n<\/tr>\n<tr data-start=\"471\" data-end=\"537\">\n<td data-start=\"471\" data-end=\"503\" data-col-size=\"md\"><strong data-start=\"473\" data-end=\"481\">Dil:<\/strong> Krom kaplamal\u0131 \u00e7elik<\/td>\n<td data-col-size=\"md\" data-start=\"503\" data-end=\"537\"><strong data-start=\"505\" data-end=\"515\">Latch:<\/strong> Chrome plated steel<\/td>\n<\/tr>\n<tr data-start=\"538\" data-end=\"643\">\n<td data-start=\"538\" data-end=\"592\" data-col-size=\"md\"><strong data-start=\"540\" data-end=\"553\">Silindir:<\/strong> 254 veya 754 modeliyle kullan\u0131labilir<\/td>\n<td data-col-size=\"md\" data-start=\"592\" data-end=\"643\"><strong data-start=\"594\" data-end=\"607\">Cylinder:<\/strong> Can be used with 254 or 754 model<\/td>\n<\/tr>\n<tr data-start=\"644\" data-end=\"679\">\n<td data-start=\"644\" data-end=\"661\" data-col-size=\"md\"><strong data-start=\"646\" data-end=\"654\">B\/S:<\/strong> 60 mm<\/td>\n<td data-col-size=\"md\" data-start=\"661\" data-end=\"679\"><strong data-start=\"663\" data-end=\"671\">B\/S:<\/strong> 60 mm<\/td>\n<\/tr>\n<tr data-start=\"680\" data-end=\"715\">\n<td data-start=\"680\" data-end=\"697\" data-col-size=\"md\"><strong data-start=\"682\" data-end=\"690\">C\/L:<\/strong> 85 mm<\/td>\n<td data-col-size=\"md\" data-start=\"697\" data-end=\"715\"><strong data-start=\"699\" data-end=\"707\">C\/L:<\/strong> 85 mm<\/td>\n<\/tr>\n<tr data-start=\"716\" data-end=\"788\">\n<td data-start=\"716\" data-end=\"752\" data-col-size=\"md\"><strong data-start=\"718\" data-end=\"733\">Opsiyonlar:<\/strong> Kaplama, silindir<\/td>\n<td data-col-size=\"md\" data-start=\"752\" data-end=\"788\"><strong data-start=\"754\" data-end=\"766\">Options:<\/strong> Plating, cylinder<\/td>\n<\/tr>\n<\/tbody>\n<\/table>","protected":false},"featured_media":3450,"template":"","meta":{"rank_math_lock_modified_date":false},"product_brand":[],"product_cat":[120],"product_tag":[],"class_list":{"0":"post-2667","1":"product","2":"type-product","3":"status-publish","4":"has-post-thumbnail","6":"product_cat-celik-kapi-kilitleri","8":"first","9":"instock","10":"shipping-taxable","11":"product-type-simple"},"_links":{"self":[{"href":"https:\/\/itokilit.com.tr\/en\/wp-json\/wp\/v2\/product\/2667","targetHints":{"allow":["GET"]}}],"collection":[{"href":"https:\/\/itokilit.com.tr\/en\/wp-json\/wp\/v2\/product"}],"about":[{"href":"https:\/\/itokilit.com.tr\/en\/wp-json\/wp\/v2\/types\/product"}],"version-history":[{"count":3,"href":"https:\/\/itokilit.com.tr\/en\/wp-json\/wp\/v2\/product\/2667\/revisions"}],"predecessor-version":[{"id":3203,"href":"https:\/\/itokilit.com.tr\/en\/wp-json\/wp\/v2\/product\/2667\/revisions\/3203"}],"wp:featuredmedia":[{"embeddable":true,"href":"https:\/\/itokilit.com.tr\/en\/wp-json\/wp\/v2\/media\/3450"}],"wp:attachment":[{"href":"https:\/\/itokilit.com.tr\/en\/wp-json\/wp\/v2\/media?parent=2667"}],"wp:term":[{"taxonomy":"product_brand","embeddable":true,"href":"https:\/\/itokilit.com.tr\/en\/wp-json\/wp\/v2\/product_brand?post=2667"},{"taxonomy":"product_cat","embeddable":true,"href":"https:\/\/itokilit.com.tr\/en\/wp-json\/wp\/v2\/product_cat?post=2667"},{"taxonomy":"product_tag","embeddable":true,"href":"https:\/\/itokilit.com.tr\/en\/wp-json\/wp\/v2\/product_tag?post=2667"}],"curies":[{"name":"wp","href":"https:\/\/api.w.org\/{rel}","templated":true}]}}