{"id":2665,"date":"2024-10-18T13:13:24","date_gmt":"2024-10-18T13:13:24","guid":{"rendered":"https:\/\/itokilit.com.tr\/?post_type=product&#038;p=2665"},"modified":"2024-10-18T13:13:24","modified_gmt":"2024-10-18T13:13:24","slug":"5440-dilli-kilit-latched-lock","status":"publish","type":"product","link":"https:\/\/itokilit.com.tr\/en\/product\/5440-dilli-kilit-latched-lock\/","title":{"rendered":"5440 Dilli Kilit \/ Latched Lock"},"content":{"rendered":"","protected":false},"excerpt":{"rendered":"<p>G\u00f6vde: Galvaniz kaplamal\u0131, \u00e7elik<br \/>\nBody: Galvanize plated, steel<br \/>\nAyna: Paslanmaz veya nikel kaplamal\u0131 \u00e7elik<br \/>\nForend: Stainless or nickel plated steel<br \/>\nDil: Nikel kaplamal\u0131 sinter d\u00f6k\u00fcm<br \/>\nLatch: Nickel plated sinter casting<br \/>\nB\/S: 55 mm \/ 60 mm<br \/>\nC\/L: 80 mm<\/p>","protected":false},"featured_media":2663,"template":"","meta":{"rank_math_lock_modified_date":false},"product_brand":[],"product_cat":[119],"product_tag":[],"class_list":{"0":"post-2665","1":"product","2":"type-product","3":"status-publish","4":"has-post-thumbnail","6":"product_cat-ozel-kilitler","8":"first","9":"instock","10":"shipping-taxable","11":"product-type-simple"},"_links":{"self":[{"href":"https:\/\/itokilit.com.tr\/en\/wp-json\/wp\/v2\/product\/2665","targetHints":{"allow":["GET"]}}],"collection":[{"href":"https:\/\/itokilit.com.tr\/en\/wp-json\/wp\/v2\/product"}],"about":[{"href":"https:\/\/itokilit.com.tr\/en\/wp-json\/wp\/v2\/types\/product"}],"version-history":[{"count":2,"href":"https:\/\/itokilit.com.tr\/en\/wp-json\/wp\/v2\/product\/2665\/revisions"}],"predecessor-version":[{"id":3259,"href":"https:\/\/itokilit.com.tr\/en\/wp-json\/wp\/v2\/product\/2665\/revisions\/3259"}],"wp:featuredmedia":[{"embeddable":true,"href":"https:\/\/itokilit.com.tr\/en\/wp-json\/wp\/v2\/media\/2663"}],"wp:attachment":[{"href":"https:\/\/itokilit.com.tr\/en\/wp-json\/wp\/v2\/media?parent=2665"}],"wp:term":[{"taxonomy":"product_brand","embeddable":true,"href":"https:\/\/itokilit.com.tr\/en\/wp-json\/wp\/v2\/product_brand?post=2665"},{"taxonomy":"product_cat","embeddable":true,"href":"https:\/\/itokilit.com.tr\/en\/wp-json\/wp\/v2\/product_cat?post=2665"},{"taxonomy":"product_tag","embeddable":true,"href":"https:\/\/itokilit.com.tr\/en\/wp-json\/wp\/v2\/product_tag?post=2665"}],"curies":[{"name":"wp","href":"https:\/\/api.w.org\/{rel}","templated":true}]}}