{"id":2655,"date":"2024-10-18T13:09:26","date_gmt":"2024-10-18T13:09:26","guid":{"rendered":"https:\/\/itokilit.com.tr\/?post_type=product&#038;p=2655"},"modified":"2025-08-12T10:47:15","modified_gmt":"2025-08-12T10:47:15","slug":"5430-wc-wc-lock","status":"publish","type":"product","link":"https:\/\/itokilit.com.tr\/en\/product\/5430-wc-wc-lock\/","title":{"rendered":"5430 WC \/ WC Lock"},"content":{"rendered":"","protected":false},"excerpt":{"rendered":"<table>\n<thead>\n<tr>\n<th><strong>T\u00fcrk\u00e7e<\/strong><\/th>\n<th><strong>English<\/strong><\/th>\n<\/tr>\n<\/thead>\n<tbody>\n<tr>\n<td><strong>G\u00f6vde:<\/strong> Galvaniz kaplamal\u0131, \u00e7elik<\/td>\n<td><strong>Body:<\/strong> Galvanized plated, steel<\/td>\n<\/tr>\n<tr>\n<td><strong>Ayna:<\/strong> Paslanmaz veya nikel kaplamal\u0131 \u00e7elik<\/td>\n<td><strong>Forend:<\/strong> Stainless or nickel plated steel<\/td>\n<\/tr>\n<tr>\n<td><strong>S\u00fcrg\u00fc:<\/strong> Nikel kaplamal\u0131 \u00e7elik<\/td>\n<td><strong>Bolt:<\/strong> Nickel plated steel<\/td>\n<\/tr>\n<tr>\n<td><strong>Dil:<\/strong> Nikel kaplamal\u0131 sinter d\u00f6k\u00fcm<\/td>\n<td><strong>Latch:<\/strong> Nickel plated sinter casting<\/td>\n<\/tr>\n<tr>\n<td><strong>B\/S:<\/strong> 55 mm \/ 60 mm<\/td>\n<td><strong>B\/S:<\/strong> 55 mm \/ 60 mm<\/td>\n<\/tr>\n<tr>\n<td><strong>C\/L:<\/strong> 78 mm<\/td>\n<td><strong>C\/L:<\/strong> 78 mm<\/td>\n<\/tr>\n<\/tbody>\n<\/table>","protected":false},"featured_media":2658,"template":"","meta":{"rank_math_lock_modified_date":false},"product_brand":[],"product_cat":[119],"product_tag":[],"class_list":{"0":"post-2655","1":"product","2":"type-product","3":"status-publish","4":"has-post-thumbnail","6":"product_cat-ozel-kilitler","8":"first","9":"instock","10":"shipping-taxable","11":"product-type-simple"},"_links":{"self":[{"href":"https:\/\/itokilit.com.tr\/en\/wp-json\/wp\/v2\/product\/2655","targetHints":{"allow":["GET"]}}],"collection":[{"href":"https:\/\/itokilit.com.tr\/en\/wp-json\/wp\/v2\/product"}],"about":[{"href":"https:\/\/itokilit.com.tr\/en\/wp-json\/wp\/v2\/types\/product"}],"version-history":[{"count":3,"href":"https:\/\/itokilit.com.tr\/en\/wp-json\/wp\/v2\/product\/2655\/revisions"}],"predecessor-version":[{"id":3258,"href":"https:\/\/itokilit.com.tr\/en\/wp-json\/wp\/v2\/product\/2655\/revisions\/3258"}],"wp:featuredmedia":[{"embeddable":true,"href":"https:\/\/itokilit.com.tr\/en\/wp-json\/wp\/v2\/media\/2658"}],"wp:attachment":[{"href":"https:\/\/itokilit.com.tr\/en\/wp-json\/wp\/v2\/media?parent=2655"}],"wp:term":[{"taxonomy":"product_brand","embeddable":true,"href":"https:\/\/itokilit.com.tr\/en\/wp-json\/wp\/v2\/product_brand?post=2655"},{"taxonomy":"product_cat","embeddable":true,"href":"https:\/\/itokilit.com.tr\/en\/wp-json\/wp\/v2\/product_cat?post=2655"},{"taxonomy":"product_tag","embeddable":true,"href":"https:\/\/itokilit.com.tr\/en\/wp-json\/wp\/v2\/product_tag?post=2655"}],"curies":[{"name":"wp","href":"https:\/\/api.w.org\/{rel}","templated":true}]}}