{"id":2650,"date":"2024-10-18T13:07:13","date_gmt":"2024-10-18T13:07:13","guid":{"rendered":"https:\/\/itokilit.com.tr\/?post_type=product&#038;p=2650"},"modified":"2025-08-12T10:42:47","modified_gmt":"2025-08-12T10:42:47","slug":"5420-silindirli-w-cylinder","status":"publish","type":"product","link":"https:\/\/itokilit.com.tr\/en\/product\/5420-silindirli-w-cylinder\/","title":{"rendered":"5420 Silindirli W\/Cylinder"},"content":{"rendered":"","protected":false},"excerpt":{"rendered":"<table>\n<thead>\n<tr>\n<th><strong>T\u00fcrk\u00e7e<\/strong><\/th>\n<th><strong>English<\/strong><\/th>\n<\/tr>\n<\/thead>\n<tbody>\n<tr>\n<td><strong>G\u00f6vde:<\/strong> Galvaniz kaplamal\u0131, \u00e7elik<\/td>\n<td><strong>Body:<\/strong> Galvanized plated, steel<\/td>\n<\/tr>\n<tr>\n<td><strong>Ayna:<\/strong> Paslanmaz veya nikel kaplamal\u0131 \u00e7elik<\/td>\n<td><strong>Forend:<\/strong> Stainless or nickel plated steel<\/td>\n<\/tr>\n<tr>\n<td><strong>S\u00fcrg\u00fc:<\/strong> Nikel kaplamal\u0131 \u00e7elik<\/td>\n<td><strong>Bolt:<\/strong> Nickel plated steel<\/td>\n<\/tr>\n<tr>\n<td><strong>Dil:<\/strong> Nikel kaplamal\u0131 sinter d\u00f6k\u00fcm<\/td>\n<td><strong>Latch:<\/strong> Nickel plated sinter casting<\/td>\n<\/tr>\n<tr>\n<td><strong>B\/S:<\/strong> 55 mm \/ 60 mm<\/td>\n<td><strong>B\/S:<\/strong> 55 mm \/ 60 mm<\/td>\n<\/tr>\n<tr>\n<td><strong>C\/L:<\/strong> 72 mm<\/td>\n<td><strong>C\/L:<\/strong> 72 mm<\/td>\n<\/tr>\n<\/tbody>\n<\/table>","protected":false},"featured_media":2653,"template":"","meta":{"rank_math_lock_modified_date":false},"product_brand":[],"product_cat":[119],"product_tag":[],"class_list":{"0":"post-2650","1":"product","2":"type-product","3":"status-publish","4":"has-post-thumbnail","6":"product_cat-ozel-kilitler","8":"first","9":"instock","10":"shipping-taxable","11":"product-type-simple"},"_links":{"self":[{"href":"https:\/\/itokilit.com.tr\/en\/wp-json\/wp\/v2\/product\/2650","targetHints":{"allow":["GET"]}}],"collection":[{"href":"https:\/\/itokilit.com.tr\/en\/wp-json\/wp\/v2\/product"}],"about":[{"href":"https:\/\/itokilit.com.tr\/en\/wp-json\/wp\/v2\/types\/product"}],"version-history":[{"count":2,"href":"https:\/\/itokilit.com.tr\/en\/wp-json\/wp\/v2\/product\/2650\/revisions"}],"predecessor-version":[{"id":3256,"href":"https:\/\/itokilit.com.tr\/en\/wp-json\/wp\/v2\/product\/2650\/revisions\/3256"}],"wp:featuredmedia":[{"embeddable":true,"href":"https:\/\/itokilit.com.tr\/en\/wp-json\/wp\/v2\/media\/2653"}],"wp:attachment":[{"href":"https:\/\/itokilit.com.tr\/en\/wp-json\/wp\/v2\/media?parent=2650"}],"wp:term":[{"taxonomy":"product_brand","embeddable":true,"href":"https:\/\/itokilit.com.tr\/en\/wp-json\/wp\/v2\/product_brand?post=2650"},{"taxonomy":"product_cat","embeddable":true,"href":"https:\/\/itokilit.com.tr\/en\/wp-json\/wp\/v2\/product_cat?post=2650"},{"taxonomy":"product_tag","embeddable":true,"href":"https:\/\/itokilit.com.tr\/en\/wp-json\/wp\/v2\/product_tag?post=2650"}],"curies":[{"name":"wp","href":"https:\/\/api.w.org\/{rel}","templated":true}]}}