{"id":2631,"date":"2024-10-18T12:53:38","date_gmt":"2024-10-18T12:53:38","guid":{"rendered":"https:\/\/itokilit.com.tr\/?post_type=product&#038;p=2631"},"modified":"2025-08-12T10:31:12","modified_gmt":"2025-08-12T10:31:12","slug":"135k","status":"publish","type":"product","link":"https:\/\/itokilit.com.tr\/en\/product\/135k\/","title":{"rendered":"135K PVC KAPI K\u0130L\u0130D\u0130"},"content":{"rendered":"","protected":false},"excerpt":{"rendered":"<table>\n<thead>\n<tr>\n<th><strong>T\u00fcrk\u00e7e<\/strong><\/th>\n<th><strong>English<\/strong><\/th>\n<\/tr>\n<\/thead>\n<tbody>\n<tr>\n<td><strong>Kol Yata\u011f\u0131:<\/strong> 8&#215;8 mm<\/td>\n<td><strong>Rod Bearing:<\/strong> 8&#215;8 mm<\/td>\n<\/tr>\n<tr>\n<td><strong>G\u00f6vde:<\/strong> Galvaniz kaplamal\u0131, \u00e7elik<\/td>\n<td><strong>Body:<\/strong> Galvanized plated, steel<\/td>\n<\/tr>\n<tr>\n<td><strong>Ayna:<\/strong> Dar tip, 16 mm nikel kaplamal\u0131 \u00e7elik<\/td>\n<td><strong>Forend:<\/strong> Narrow type, 16 mm nickel plated steel<\/td>\n<\/tr>\n<tr>\n<td><strong>S\u00fcrg\u00fc:<\/strong> Zamak d\u00f6k\u00fcm, tek turlu<\/td>\n<td><strong>Bolt:<\/strong> Zamak casting, single throw<\/td>\n<\/tr>\n<tr>\n<td><strong>Dil:<\/strong> Zamak d\u00f6k\u00fcm<\/td>\n<td><strong>Latch:<\/strong> Zamak casting<\/td>\n<\/tr>\n<tr>\n<td><strong>B\/S:<\/strong> 25-30-35 mm<\/td>\n<td><strong>B\/S:<\/strong> 25-30-35 mm<\/td>\n<\/tr>\n<tr>\n<td><strong>C\/L:<\/strong> 90 mm<\/td>\n<td><strong>C\/L:<\/strong> 90 mm<\/td>\n<\/tr>\n<\/tbody>\n<\/table>","protected":false},"featured_media":2632,"template":"","meta":{"rank_math_lock_modified_date":false},"product_brand":[],"product_cat":[118],"product_tag":[],"class_list":{"0":"post-2631","1":"product","2":"type-product","3":"status-publish","4":"has-post-thumbnail","6":"product_cat-pvc-kapi-kilitleri","8":"first","9":"instock","10":"shipping-taxable","11":"product-type-simple"},"_links":{"self":[{"href":"https:\/\/itokilit.com.tr\/en\/wp-json\/wp\/v2\/product\/2631","targetHints":{"allow":["GET"]}}],"collection":[{"href":"https:\/\/itokilit.com.tr\/en\/wp-json\/wp\/v2\/product"}],"about":[{"href":"https:\/\/itokilit.com.tr\/en\/wp-json\/wp\/v2\/types\/product"}],"version-history":[{"count":3,"href":"https:\/\/itokilit.com.tr\/en\/wp-json\/wp\/v2\/product\/2631\/revisions"}],"predecessor-version":[{"id":3253,"href":"https:\/\/itokilit.com.tr\/en\/wp-json\/wp\/v2\/product\/2631\/revisions\/3253"}],"wp:featuredmedia":[{"embeddable":true,"href":"https:\/\/itokilit.com.tr\/en\/wp-json\/wp\/v2\/media\/2632"}],"wp:attachment":[{"href":"https:\/\/itokilit.com.tr\/en\/wp-json\/wp\/v2\/media?parent=2631"}],"wp:term":[{"taxonomy":"product_brand","embeddable":true,"href":"https:\/\/itokilit.com.tr\/en\/wp-json\/wp\/v2\/product_brand?post=2631"},{"taxonomy":"product_cat","embeddable":true,"href":"https:\/\/itokilit.com.tr\/en\/wp-json\/wp\/v2\/product_cat?post=2631"},{"taxonomy":"product_tag","embeddable":true,"href":"https:\/\/itokilit.com.tr\/en\/wp-json\/wp\/v2\/product_tag?post=2631"}],"curies":[{"name":"wp","href":"https:\/\/api.w.org\/{rel}","templated":true}]}}