{"id":2626,"date":"2024-10-18T12:52:12","date_gmt":"2024-10-18T12:52:12","guid":{"rendered":"https:\/\/itokilit.com.tr\/?post_type=product&#038;p=2626"},"modified":"2025-08-12T10:28:32","modified_gmt":"2025-08-12T10:28:32","slug":"132k","status":"publish","type":"product","link":"https:\/\/itokilit.com.tr\/en\/product\/132k\/","title":{"rendered":"132K PVC KAPI K\u0130L\u0130D\u0130"},"content":{"rendered":"","protected":false},"excerpt":{"rendered":"<table>\n<thead>\n<tr>\n<th><strong>T\u00fcrk\u00e7e<\/strong><\/th>\n<th><strong>English<\/strong><\/th>\n<\/tr>\n<\/thead>\n<tbody>\n<tr>\n<td><strong>Kol Yata\u011f\u0131:<\/strong> 8&#215;8 Rulmans\u0131z<\/td>\n<td><strong>Rod Bearing:<\/strong> 8&#215;8 without ball bearing<\/td>\n<\/tr>\n<tr>\n<td><strong>G\u00f6vde:<\/strong> Galvaniz kaplamal\u0131, \u00e7elik<\/td>\n<td><strong>Body:<\/strong> Galvanized plated, steel<\/td>\n<\/tr>\n<tr>\n<td><strong>Ayna:<\/strong> Dar tip, 16 mm nikel kaplamal\u0131 \u00e7elik<\/td>\n<td><strong>Forend:<\/strong> Narrow type, 16 mm nickel plated steel<\/td>\n<\/tr>\n<tr>\n<td><strong>S\u00fcrg\u00fc:<\/strong> Zamak d\u00f6k\u00fcm, tek turlu<\/td>\n<td><strong>Bolt:<\/strong> Zamak casting, single throw<\/td>\n<\/tr>\n<tr>\n<td><strong>Dil:<\/strong> Zamak d\u00f6k\u00fcm<\/td>\n<td><strong>Latch:<\/strong> Zamak casting<\/td>\n<\/tr>\n<tr>\n<td><strong>Anahtar:<\/strong> 1 adet, nikel kaplamal\u0131<\/td>\n<td><strong>Key:<\/strong> 1 piece, nickel plated<\/td>\n<\/tr>\n<tr>\n<td><strong>B\/S:<\/strong> 30-35 mm<\/td>\n<td><strong>B\/S:<\/strong> 30-35 mm<\/td>\n<\/tr>\n<tr>\n<td><strong>C\/L:<\/strong> 90 mm<\/td>\n<td><strong>C\/L:<\/strong> 90 mm<\/td>\n<\/tr>\n<tr>\n<td><strong>Opsiyonlar:<\/strong> Silindir<\/td>\n<td><strong>Options:<\/strong> Cylinder<\/td>\n<\/tr>\n<\/tbody>\n<\/table>","protected":false},"featured_media":2627,"template":"","meta":{"rank_math_lock_modified_date":false},"product_brand":[],"product_cat":[118],"product_tag":[],"class_list":{"0":"post-2626","1":"product","2":"type-product","3":"status-publish","4":"has-post-thumbnail","6":"product_cat-pvc-kapi-kilitleri","8":"first","9":"instock","10":"shipping-taxable","11":"product-type-simple"},"_links":{"self":[{"href":"https:\/\/itokilit.com.tr\/en\/wp-json\/wp\/v2\/product\/2626","targetHints":{"allow":["GET"]}}],"collection":[{"href":"https:\/\/itokilit.com.tr\/en\/wp-json\/wp\/v2\/product"}],"about":[{"href":"https:\/\/itokilit.com.tr\/en\/wp-json\/wp\/v2\/types\/product"}],"version-history":[{"count":4,"href":"https:\/\/itokilit.com.tr\/en\/wp-json\/wp\/v2\/product\/2626\/revisions"}],"predecessor-version":[{"id":3252,"href":"https:\/\/itokilit.com.tr\/en\/wp-json\/wp\/v2\/product\/2626\/revisions\/3252"}],"wp:featuredmedia":[{"embeddable":true,"href":"https:\/\/itokilit.com.tr\/en\/wp-json\/wp\/v2\/media\/2627"}],"wp:attachment":[{"href":"https:\/\/itokilit.com.tr\/en\/wp-json\/wp\/v2\/media?parent=2626"}],"wp:term":[{"taxonomy":"product_brand","embeddable":true,"href":"https:\/\/itokilit.com.tr\/en\/wp-json\/wp\/v2\/product_brand?post=2626"},{"taxonomy":"product_cat","embeddable":true,"href":"https:\/\/itokilit.com.tr\/en\/wp-json\/wp\/v2\/product_cat?post=2626"},{"taxonomy":"product_tag","embeddable":true,"href":"https:\/\/itokilit.com.tr\/en\/wp-json\/wp\/v2\/product_tag?post=2626"}],"curies":[{"name":"wp","href":"https:\/\/api.w.org\/{rel}","templated":true}]}}