{"id":2620,"date":"2024-10-18T12:50:19","date_gmt":"2024-10-18T12:50:19","guid":{"rendered":"https:\/\/itokilit.com.tr\/?post_type=product&#038;p=2620"},"modified":"2025-08-12T10:27:26","modified_gmt":"2025-08-12T10:27:26","slug":"131k","status":"publish","type":"product","link":"https:\/\/itokilit.com.tr\/en\/product\/131k\/","title":{"rendered":"131K PVC KAPI K\u0130L\u0130D\u0130"},"content":{"rendered":"","protected":false},"excerpt":{"rendered":"<table>\n<thead>\n<tr>\n<th><strong>T\u00fcrk\u00e7e<\/strong><\/th>\n<th><strong>English<\/strong><\/th>\n<\/tr>\n<\/thead>\n<tbody>\n<tr>\n<td><strong>Kol Yata\u011f\u0131:<\/strong> 8&#215;8 Rulmans\u0131z<\/td>\n<td><strong>Rod Bearing:<\/strong> 8&#215;8 without ball bearing<\/td>\n<\/tr>\n<tr>\n<td><strong>G\u00f6vde:<\/strong> Galvaniz kaplamal\u0131, \u00e7elik<\/td>\n<td><strong>Body:<\/strong> Galvanized plated, steel<\/td>\n<\/tr>\n<tr>\n<td><strong>Ayna:<\/strong> Dar tip, 16 mm nikel kaplamal\u0131 \u00e7elik<\/td>\n<td><strong>Forend:<\/strong> Narrow type, 16 mm nickel plated steel<\/td>\n<\/tr>\n<tr>\n<td><strong>S\u00fcrg\u00fc:<\/strong> Zamak d\u00f6k\u00fcm, tek turlu<\/td>\n<td><strong>Bolt:<\/strong> Zamak casting, single throw<\/td>\n<\/tr>\n<tr>\n<td><strong>Dil:<\/strong> Zamak d\u00f6k\u00fcm<\/td>\n<td><strong>Latch:<\/strong> Zamak casting<\/td>\n<\/tr>\n<tr>\n<td><strong>Silindir:<\/strong> 254 veya 754 modeliyle kullan\u0131labilir<\/td>\n<td><strong>Cylinder:<\/strong> Can be used with 254 or 754 model<\/td>\n<\/tr>\n<tr>\n<td><strong>B\/S:<\/strong> 25-30-35 mm<\/td>\n<td><strong>B\/S:<\/strong> 25-30-35 mm<\/td>\n<\/tr>\n<tr>\n<td><strong>C\/L:<\/strong> 85 mm<\/td>\n<td><strong>C\/L:<\/strong> 85 mm<\/td>\n<\/tr>\n<tr>\n<td><strong>Opsiyonlar:<\/strong> Silindir<\/td>\n<td><strong>Options:<\/strong> Cylinder<\/td>\n<\/tr>\n<\/tbody>\n<\/table>","protected":false},"featured_media":2622,"template":"","meta":{"rank_math_lock_modified_date":false},"product_brand":[],"product_cat":[118],"product_tag":[],"class_list":{"0":"post-2620","1":"product","2":"type-product","3":"status-publish","4":"has-post-thumbnail","6":"product_cat-pvc-kapi-kilitleri","8":"first","9":"instock","10":"shipping-taxable","11":"product-type-simple"},"_links":{"self":[{"href":"https:\/\/itokilit.com.tr\/en\/wp-json\/wp\/v2\/product\/2620","targetHints":{"allow":["GET"]}}],"collection":[{"href":"https:\/\/itokilit.com.tr\/en\/wp-json\/wp\/v2\/product"}],"about":[{"href":"https:\/\/itokilit.com.tr\/en\/wp-json\/wp\/v2\/types\/product"}],"version-history":[{"count":4,"href":"https:\/\/itokilit.com.tr\/en\/wp-json\/wp\/v2\/product\/2620\/revisions"}],"predecessor-version":[{"id":3251,"href":"https:\/\/itokilit.com.tr\/en\/wp-json\/wp\/v2\/product\/2620\/revisions\/3251"}],"wp:featuredmedia":[{"embeddable":true,"href":"https:\/\/itokilit.com.tr\/en\/wp-json\/wp\/v2\/media\/2622"}],"wp:attachment":[{"href":"https:\/\/itokilit.com.tr\/en\/wp-json\/wp\/v2\/media?parent=2620"}],"wp:term":[{"taxonomy":"product_brand","embeddable":true,"href":"https:\/\/itokilit.com.tr\/en\/wp-json\/wp\/v2\/product_brand?post=2620"},{"taxonomy":"product_cat","embeddable":true,"href":"https:\/\/itokilit.com.tr\/en\/wp-json\/wp\/v2\/product_cat?post=2620"},{"taxonomy":"product_tag","embeddable":true,"href":"https:\/\/itokilit.com.tr\/en\/wp-json\/wp\/v2\/product_tag?post=2620"}],"curies":[{"name":"wp","href":"https:\/\/api.w.org\/{rel}","templated":true}]}}