{"id":2616,"date":"2024-10-18T12:47:52","date_gmt":"2024-10-18T12:47:52","guid":{"rendered":"https:\/\/itokilit.com.tr\/?post_type=product&#038;p=2616"},"modified":"2025-08-11T13:19:30","modified_gmt":"2025-08-11T13:19:30","slug":"403k","status":"publish","type":"product","link":"https:\/\/itokilit.com.tr\/en\/product\/403k\/","title":{"rendered":"403K AL\u00dcM\u0130NYUM KAPI K\u0130L\u0130TLER\u0130"},"content":{"rendered":"","protected":false},"excerpt":{"rendered":"<table class=\"w-fit min-w-(--thread-content-width)\" data-start=\"84\" data-end=\"665\">\n<thead data-start=\"84\" data-end=\"112\">\n<tr data-start=\"84\" data-end=\"112\">\n<th data-start=\"84\" data-end=\"97\" data-col-size=\"md\"><strong data-start=\"86\" data-end=\"96\">T\u00fcrk\u00e7e<\/strong><\/th>\n<th data-start=\"97\" data-end=\"112\" data-col-size=\"md\"><strong data-start=\"99\" data-end=\"110\">English<\/strong><\/th>\n<\/tr>\n<\/thead>\n<tbody data-start=\"142\" data-end=\"665\">\n<tr data-start=\"142\" data-end=\"214\">\n<td data-start=\"142\" data-end=\"181\" data-col-size=\"md\"><strong data-start=\"144\" data-end=\"154\">G\u00f6vde:<\/strong> Galvaniz kaplamal\u0131, \u00e7elik<\/td>\n<td data-col-size=\"md\" data-start=\"181\" data-end=\"214\"><strong data-start=\"183\" data-end=\"192\">Body:<\/strong> Nickel plated steel<\/td>\n<\/tr>\n<tr data-start=\"215\" data-end=\"270\">\n<td data-start=\"215\" data-end=\"249\" data-col-size=\"md\"><strong data-start=\"217\" data-end=\"226\">Ayna:<\/strong> Nikel kaplamal\u0131 \u00e7elik<\/td>\n<td data-col-size=\"md\" data-start=\"249\" data-end=\"270\"><strong data-start=\"251\" data-end=\"262\">Forend:<\/strong> Steel<\/td>\n<\/tr>\n<tr data-start=\"271\" data-end=\"378\">\n<td data-start=\"271\" data-end=\"323\" data-col-size=\"md\"><strong data-start=\"273\" data-end=\"283\">S\u00fcrg\u00fc:<\/strong> Nikel kaplamal\u0131 zamak d\u00f6k\u00fcm, tek turlu<\/td>\n<td data-col-size=\"md\" data-start=\"323\" data-end=\"378\"><strong data-start=\"325\" data-end=\"334\">Bolt:<\/strong> Nickel plated zamak casting, single throw<\/td>\n<\/tr>\n<tr data-start=\"379\" data-end=\"450\">\n<td data-start=\"379\" data-end=\"415\" data-col-size=\"md\"><strong data-start=\"381\" data-end=\"392\">Makara:<\/strong> Nikel kaplamal\u0131 \u00e7elik<\/td>\n<td data-col-size=\"md\" data-start=\"415\" data-end=\"450\"><strong data-start=\"417\" data-end=\"428\">Roller:<\/strong> Nickel plated steel<\/td>\n<\/tr>\n<tr data-start=\"451\" data-end=\"556\">\n<td data-start=\"451\" data-end=\"505\" data-col-size=\"md\"><strong data-start=\"453\" data-end=\"466\">Silindir:<\/strong> 254 veya 754 modeliyle kullan\u0131labilir<\/td>\n<td data-col-size=\"md\" data-start=\"505\" data-end=\"556\"><strong data-start=\"507\" data-end=\"520\">Cylinder:<\/strong> Can be used with 254 or 754 model<\/td>\n<\/tr>\n<tr data-start=\"557\" data-end=\"610\">\n<td data-start=\"557\" data-end=\"583\" data-col-size=\"md\"><strong data-start=\"559\" data-end=\"567\">B\/S:<\/strong> 20-25-30-35 mm<\/td>\n<td data-col-size=\"md\" data-start=\"583\" data-end=\"610\"><strong data-start=\"585\" data-end=\"593\">B\/S:<\/strong> 20-25-30-35 mm<\/td>\n<\/tr>\n<tr data-start=\"611\" data-end=\"665\">\n<td data-start=\"611\" data-end=\"638\" data-col-size=\"md\"><strong data-start=\"613\" data-end=\"628\">Opsiyonlar:<\/strong> Silindir<\/td>\n<td data-col-size=\"md\" data-start=\"638\" data-end=\"665\"><strong data-start=\"640\" data-end=\"652\">Options:<\/strong> Cylinder<\/td>\n<\/tr>\n<\/tbody>\n<\/table>","protected":false},"featured_media":2617,"template":"","meta":{"rank_math_lock_modified_date":false},"product_brand":[],"product_cat":[76],"product_tag":[],"class_list":{"0":"post-2616","1":"product","2":"type-product","3":"status-publish","4":"has-post-thumbnail","6":"product_cat-aluminyum-kapi-kilitleri","8":"first","9":"instock","10":"shipping-taxable","11":"product-type-simple"},"_links":{"self":[{"href":"https:\/\/itokilit.com.tr\/en\/wp-json\/wp\/v2\/product\/2616","targetHints":{"allow":["GET"]}}],"collection":[{"href":"https:\/\/itokilit.com.tr\/en\/wp-json\/wp\/v2\/product"}],"about":[{"href":"https:\/\/itokilit.com.tr\/en\/wp-json\/wp\/v2\/types\/product"}],"version-history":[{"count":3,"href":"https:\/\/itokilit.com.tr\/en\/wp-json\/wp\/v2\/product\/2616\/revisions"}],"predecessor-version":[{"id":3202,"href":"https:\/\/itokilit.com.tr\/en\/wp-json\/wp\/v2\/product\/2616\/revisions\/3202"}],"wp:featuredmedia":[{"embeddable":true,"href":"https:\/\/itokilit.com.tr\/en\/wp-json\/wp\/v2\/media\/2617"}],"wp:attachment":[{"href":"https:\/\/itokilit.com.tr\/en\/wp-json\/wp\/v2\/media?parent=2616"}],"wp:term":[{"taxonomy":"product_brand","embeddable":true,"href":"https:\/\/itokilit.com.tr\/en\/wp-json\/wp\/v2\/product_brand?post=2616"},{"taxonomy":"product_cat","embeddable":true,"href":"https:\/\/itokilit.com.tr\/en\/wp-json\/wp\/v2\/product_cat?post=2616"},{"taxonomy":"product_tag","embeddable":true,"href":"https:\/\/itokilit.com.tr\/en\/wp-json\/wp\/v2\/product_tag?post=2616"}],"curies":[{"name":"wp","href":"https:\/\/api.w.org\/{rel}","templated":true}]}}