{"id":2612,"date":"2024-10-18T12:46:11","date_gmt":"2024-10-18T12:46:11","guid":{"rendered":"https:\/\/itokilit.com.tr\/?post_type=product&#038;p=2612"},"modified":"2025-08-11T13:07:17","modified_gmt":"2025-08-11T13:07:17","slug":"157k","status":"publish","type":"product","link":"https:\/\/itokilit.com.tr\/en\/product\/157k\/","title":{"rendered":"157K AL\u00dcM\u0130NYUM KAPI K\u0130L\u0130TLER\u0130"},"content":{"rendered":"","protected":false},"excerpt":{"rendered":"<p>G\u00f6vde: Galvaniz kaplamal\u0131, \u00e7elik<br \/>\nBody: Galvanize plated, steel<br \/>\nAyna: \u00c7elik<br \/>\nForend: Steel<br \/>\nKanca: Zamak d\u00f6k\u00fcm<br \/>\nHook: Zamak casting<br \/>\nSilindir: 254 veya 754 modeliyle kullan\u0131labilir<br \/>\nCylinder: Can be used with 254 or 754 model<br \/>\nB\/S: 20 mm<br \/>\nOpsiyonlar: Kaplama, silindir<br \/>\nOptions: Plating, cylinder<\/p>","protected":false},"featured_media":2613,"template":"","meta":{"rank_math_lock_modified_date":false},"product_brand":[],"product_cat":[76],"product_tag":[],"class_list":{"0":"post-2612","1":"product","2":"type-product","3":"status-publish","4":"has-post-thumbnail","6":"product_cat-aluminyum-kapi-kilitleri","8":"first","9":"instock","10":"shipping-taxable","11":"product-type-simple"},"_links":{"self":[{"href":"https:\/\/itokilit.com.tr\/en\/wp-json\/wp\/v2\/product\/2612","targetHints":{"allow":["GET"]}}],"collection":[{"href":"https:\/\/itokilit.com.tr\/en\/wp-json\/wp\/v2\/product"}],"about":[{"href":"https:\/\/itokilit.com.tr\/en\/wp-json\/wp\/v2\/types\/product"}],"version-history":[{"count":2,"href":"https:\/\/itokilit.com.tr\/en\/wp-json\/wp\/v2\/product\/2612\/revisions"}],"predecessor-version":[{"id":2747,"href":"https:\/\/itokilit.com.tr\/en\/wp-json\/wp\/v2\/product\/2612\/revisions\/2747"}],"wp:featuredmedia":[{"embeddable":true,"href":"https:\/\/itokilit.com.tr\/en\/wp-json\/wp\/v2\/media\/2613"}],"wp:attachment":[{"href":"https:\/\/itokilit.com.tr\/en\/wp-json\/wp\/v2\/media?parent=2612"}],"wp:term":[{"taxonomy":"product_brand","embeddable":true,"href":"https:\/\/itokilit.com.tr\/en\/wp-json\/wp\/v2\/product_brand?post=2612"},{"taxonomy":"product_cat","embeddable":true,"href":"https:\/\/itokilit.com.tr\/en\/wp-json\/wp\/v2\/product_cat?post=2612"},{"taxonomy":"product_tag","embeddable":true,"href":"https:\/\/itokilit.com.tr\/en\/wp-json\/wp\/v2\/product_tag?post=2612"}],"curies":[{"name":"wp","href":"https:\/\/api.w.org\/{rel}","templated":true}]}}