{"id":2600,"date":"2024-10-18T12:42:06","date_gmt":"2024-10-18T12:42:06","guid":{"rendered":"https:\/\/itokilit.com.tr\/?post_type=product&#038;p=2600"},"modified":"2025-09-09T12:58:52","modified_gmt":"2025-09-09T12:58:52","slug":"156e-156e-wc","status":"publish","type":"product","link":"https:\/\/itokilit.com.tr\/en\/product\/156e-156e-wc\/","title":{"rendered":"156E-156E WC AL\u00dcM\u0130NYUM KAPI K\u0130L\u0130TLER\u0130"},"content":{"rendered":"","protected":false},"excerpt":{"rendered":"<table class=\"w-fit min-w-(--thread-content-width)\" data-start=\"91\" data-end=\"788\">\n<thead data-start=\"91\" data-end=\"119\">\n<tr data-start=\"91\" data-end=\"119\">\n<th data-start=\"91\" data-end=\"104\" data-col-size=\"md\"><strong data-start=\"93\" data-end=\"103\">T\u00fcrk\u00e7e<\/strong><\/th>\n<th data-start=\"104\" data-end=\"119\" data-col-size=\"md\"><strong data-start=\"106\" data-end=\"117\">English<\/strong><\/th>\n<\/tr>\n<\/thead>\n<tbody data-start=\"149\" data-end=\"788\">\n<tr data-start=\"149\" data-end=\"201\">\n<td data-start=\"149\" data-end=\"174\" data-col-size=\"md\"><strong data-start=\"151\" data-end=\"166\">Kol Yata\u011f\u0131:<\/strong> 8&#215;8 mm<\/td>\n<td data-col-size=\"md\" data-start=\"174\" data-end=\"201\"><strong data-start=\"176\" data-end=\"192\">Rod Bearing:<\/strong> 8&#215;8 mm<\/td>\n<\/tr>\n<tr data-start=\"202\" data-end=\"279\">\n<td data-start=\"202\" data-end=\"241\" data-col-size=\"md\"><strong data-start=\"204\" data-end=\"214\">G\u00f6vde:<\/strong> Galvaniz kaplamal\u0131, \u00e7elik<\/td>\n<td data-col-size=\"md\" data-start=\"241\" data-end=\"279\"><strong data-start=\"243\" data-end=\"252\">Body:<\/strong> Galvanized plated, steel<\/td>\n<\/tr>\n<tr data-start=\"280\" data-end=\"349\">\n<td data-start=\"280\" data-end=\"314\" data-col-size=\"md\"><strong data-start=\"282\" data-end=\"291\">Ayna:<\/strong> Nikel kaplamal\u0131 \u00e7elik<\/td>\n<td data-col-size=\"md\" data-start=\"314\" data-end=\"349\"><strong data-start=\"316\" data-end=\"327\">Forend:<\/strong> Nickel plated steel<\/td>\n<\/tr>\n<tr data-start=\"350\" data-end=\"457\">\n<td data-start=\"350\" data-end=\"402\" data-col-size=\"md\"><strong data-start=\"352\" data-end=\"362\">S\u00fcrg\u00fc:<\/strong> Nikel kaplamal\u0131 zamak d\u00f6k\u00fcm, tek turlu<\/td>\n<td data-col-size=\"md\" data-start=\"402\" data-end=\"457\"><strong data-start=\"404\" data-end=\"413\">Bolt:<\/strong> Nickel plated zamak casting, single throw<\/td>\n<\/tr>\n<tr data-start=\"458\" data-end=\"539\">\n<td data-start=\"458\" data-end=\"497\" data-col-size=\"md\"><strong data-start=\"460\" data-end=\"468\">Dil:<\/strong> Nikel kaplamal\u0131 zamak d\u00f6k\u00fcm<\/td>\n<td data-col-size=\"md\" data-start=\"497\" data-end=\"539\"><strong data-start=\"499\" data-end=\"509\">Latch:<\/strong> Nickel plated zamak casting<\/td>\n<\/tr>\n<tr data-start=\"540\" data-end=\"645\">\n<td data-start=\"540\" data-end=\"594\" data-col-size=\"md\"><strong data-start=\"542\" data-end=\"555\">Silindir:<\/strong> 254 veya 754 modeliyle kullan\u0131labilir<\/td>\n<td data-col-size=\"md\" data-start=\"594\" data-end=\"645\"><strong data-start=\"596\" data-end=\"609\">Cylinder:<\/strong> Can be used with 254 or 754 model<\/td>\n<\/tr>\n<tr data-start=\"646\" data-end=\"699\">\n<td data-start=\"646\" data-end=\"672\" data-col-size=\"md\"><strong data-start=\"648\" data-end=\"656\">B\/S:<\/strong> 20-25-30-35 mm<\/td>\n<td data-col-size=\"md\" data-start=\"672\" data-end=\"699\"><strong data-start=\"674\" data-end=\"682\">B\/S:<\/strong> 20-25-30-35 mm<\/td>\n<\/tr>\n<tr data-start=\"700\" data-end=\"735\">\n<td data-start=\"700\" data-end=\"717\" data-col-size=\"md\"><strong data-start=\"702\" data-end=\"710\">C\/L:<\/strong> 85 mm<\/td>\n<td data-col-size=\"md\" data-start=\"717\" data-end=\"735\"><strong data-start=\"719\" data-end=\"727\">C\/L:<\/strong> 85 mm<\/td>\n<\/tr>\n<tr data-start=\"736\" data-end=\"788\">\n<td data-start=\"736\" data-end=\"763\" data-col-size=\"md\"><strong data-start=\"738\" data-end=\"753\">Opsiyonlar:<\/strong> Silindir<\/td>\n<td data-col-size=\"md\" data-start=\"763\" data-end=\"788\"><strong data-start=\"765\" data-end=\"777\">Options:<\/strong> Cylinder<\/td>\n<\/tr>\n<\/tbody>\n<\/table>","protected":false},"featured_media":3443,"template":"","meta":{"rank_math_lock_modified_date":false},"product_brand":[],"product_cat":[76],"product_tag":[],"class_list":{"0":"post-2600","1":"product","2":"type-product","3":"status-publish","4":"has-post-thumbnail","6":"product_cat-aluminyum-kapi-kilitleri","8":"first","9":"instock","10":"shipping-taxable","11":"product-type-simple"},"_links":{"self":[{"href":"https:\/\/itokilit.com.tr\/en\/wp-json\/wp\/v2\/product\/2600","targetHints":{"allow":["GET"]}}],"collection":[{"href":"https:\/\/itokilit.com.tr\/en\/wp-json\/wp\/v2\/product"}],"about":[{"href":"https:\/\/itokilit.com.tr\/en\/wp-json\/wp\/v2\/types\/product"}],"version-history":[{"count":6,"href":"https:\/\/itokilit.com.tr\/en\/wp-json\/wp\/v2\/product\/2600\/revisions"}],"predecessor-version":[{"id":2605,"href":"https:\/\/itokilit.com.tr\/en\/wp-json\/wp\/v2\/product\/2600\/revisions\/2605"}],"wp:featuredmedia":[{"embeddable":true,"href":"https:\/\/itokilit.com.tr\/en\/wp-json\/wp\/v2\/media\/3443"}],"wp:attachment":[{"href":"https:\/\/itokilit.com.tr\/en\/wp-json\/wp\/v2\/media?parent=2600"}],"wp:term":[{"taxonomy":"product_brand","embeddable":true,"href":"https:\/\/itokilit.com.tr\/en\/wp-json\/wp\/v2\/product_brand?post=2600"},{"taxonomy":"product_cat","embeddable":true,"href":"https:\/\/itokilit.com.tr\/en\/wp-json\/wp\/v2\/product_cat?post=2600"},{"taxonomy":"product_tag","embeddable":true,"href":"https:\/\/itokilit.com.tr\/en\/wp-json\/wp\/v2\/product_tag?post=2600"}],"curies":[{"name":"wp","href":"https:\/\/api.w.org\/{rel}","templated":true}]}}