{"id":2595,"date":"2024-10-18T12:39:14","date_gmt":"2024-10-18T12:39:14","guid":{"rendered":"https:\/\/itokilit.com.tr\/?post_type=product&#038;p=2595"},"modified":"2025-08-11T13:04:08","modified_gmt":"2025-08-11T13:04:08","slug":"159","status":"publish","type":"product","link":"https:\/\/itokilit.com.tr\/en\/product\/159\/","title":{"rendered":"159 AL\u00dcM\u0130NYUM KAPI K\u0130L\u0130TLER\u0130"},"content":{"rendered":"","protected":false},"excerpt":{"rendered":"<table class=\"w-fit min-w-(--thread-content-width)\" data-start=\"105\" data-end=\"637\">\n<thead data-start=\"105\" data-end=\"133\">\n<tr data-start=\"105\" data-end=\"133\">\n<th data-start=\"105\" data-end=\"118\" data-col-size=\"md\"><strong data-start=\"107\" data-end=\"117\">T\u00fcrk\u00e7e<\/strong><\/th>\n<th data-start=\"118\" data-end=\"133\" data-col-size=\"md\"><strong data-start=\"120\" data-end=\"131\">English<\/strong><\/th>\n<\/tr>\n<\/thead>\n<tbody data-start=\"163\" data-end=\"637\">\n<tr data-start=\"163\" data-end=\"240\">\n<td data-start=\"163\" data-end=\"202\" data-col-size=\"md\"><strong data-start=\"165\" data-end=\"175\">G\u00f6vde:<\/strong> Galvaniz kaplamal\u0131, \u00e7elik<\/td>\n<td data-col-size=\"md\" data-start=\"202\" data-end=\"240\"><strong data-start=\"204\" data-end=\"213\">Body:<\/strong> Galvanized plated, steel<\/td>\n<\/tr>\n<tr data-start=\"241\" data-end=\"310\">\n<td data-start=\"241\" data-end=\"275\" data-col-size=\"md\"><strong data-start=\"243\" data-end=\"252\">Ayna:<\/strong> Nikel kaplamal\u0131 \u00e7elik<\/td>\n<td data-col-size=\"md\" data-start=\"275\" data-end=\"310\"><strong data-start=\"277\" data-end=\"288\">Forend:<\/strong> Nickel plated steel<\/td>\n<\/tr>\n<tr data-start=\"311\" data-end=\"418\">\n<td data-start=\"311\" data-end=\"363\" data-col-size=\"md\"><strong data-start=\"313\" data-end=\"323\">S\u00fcrg\u00fc:<\/strong> Nikel kaplamal\u0131 zamak d\u00f6k\u00fcm, tek turlu<\/td>\n<td data-col-size=\"md\" data-start=\"363\" data-end=\"418\"><strong data-start=\"365\" data-end=\"374\">Bolt:<\/strong> Nickel plated zamak casting, single throw<\/td>\n<\/tr>\n<tr data-start=\"419\" data-end=\"490\">\n<td data-start=\"419\" data-end=\"455\" data-col-size=\"md\"><strong data-start=\"421\" data-end=\"432\">Makara:<\/strong> Nikel kaplamal\u0131 \u00e7elik<\/td>\n<td data-col-size=\"md\" data-start=\"455\" data-end=\"490\"><strong data-start=\"457\" data-end=\"468\">Roller:<\/strong> Nickel plated steel<\/td>\n<\/tr>\n<tr data-start=\"491\" data-end=\"544\">\n<td data-start=\"491\" data-end=\"517\" data-col-size=\"md\"><strong data-start=\"493\" data-end=\"501\">B\/S:<\/strong> 20-25-30-35 mm<\/td>\n<td data-col-size=\"md\" data-start=\"517\" data-end=\"544\"><strong data-start=\"519\" data-end=\"527\">B\/S:<\/strong> 20-25-30-35 mm<\/td>\n<\/tr>\n<tr data-start=\"545\" data-end=\"637\">\n<td data-start=\"545\" data-end=\"592\" data-col-size=\"md\"><strong data-start=\"547\" data-end=\"562\">Opsiyonlar:<\/strong> Kaplama, oval ayna, kar\u015f\u0131l\u0131k<\/td>\n<td data-col-size=\"md\" data-start=\"592\" data-end=\"637\"><strong data-start=\"594\" data-end=\"606\">Options:<\/strong> Plating, oval plate, striker<\/td>\n<\/tr>\n<\/tbody>\n<\/table>","protected":false},"featured_media":2596,"template":"","meta":{"rank_math_lock_modified_date":false},"product_brand":[],"product_cat":[76],"product_tag":[],"class_list":{"0":"post-2595","1":"product","2":"type-product","3":"status-publish","4":"has-post-thumbnail","6":"product_cat-aluminyum-kapi-kilitleri","8":"first","9":"instock","10":"shipping-taxable","11":"product-type-simple"},"_links":{"self":[{"href":"https:\/\/itokilit.com.tr\/en\/wp-json\/wp\/v2\/product\/2595","targetHints":{"allow":["GET"]}}],"collection":[{"href":"https:\/\/itokilit.com.tr\/en\/wp-json\/wp\/v2\/product"}],"about":[{"href":"https:\/\/itokilit.com.tr\/en\/wp-json\/wp\/v2\/types\/product"}],"version-history":[{"count":6,"href":"https:\/\/itokilit.com.tr\/en\/wp-json\/wp\/v2\/product\/2595\/revisions"}],"predecessor-version":[{"id":3199,"href":"https:\/\/itokilit.com.tr\/en\/wp-json\/wp\/v2\/product\/2595\/revisions\/3199"}],"wp:featuredmedia":[{"embeddable":true,"href":"https:\/\/itokilit.com.tr\/en\/wp-json\/wp\/v2\/media\/2596"}],"wp:attachment":[{"href":"https:\/\/itokilit.com.tr\/en\/wp-json\/wp\/v2\/media?parent=2595"}],"wp:term":[{"taxonomy":"product_brand","embeddable":true,"href":"https:\/\/itokilit.com.tr\/en\/wp-json\/wp\/v2\/product_brand?post=2595"},{"taxonomy":"product_cat","embeddable":true,"href":"https:\/\/itokilit.com.tr\/en\/wp-json\/wp\/v2\/product_cat?post=2595"},{"taxonomy":"product_tag","embeddable":true,"href":"https:\/\/itokilit.com.tr\/en\/wp-json\/wp\/v2\/product_tag?post=2595"}],"curies":[{"name":"wp","href":"https:\/\/api.w.org\/{rel}","templated":true}]}}