{"id":2590,"date":"2024-10-18T12:36:34","date_gmt":"2024-10-18T12:36:34","guid":{"rendered":"https:\/\/itokilit.com.tr\/?post_type=product&#038;p=2590"},"modified":"2025-09-09T13:06:33","modified_gmt":"2025-09-09T13:06:33","slug":"156-156-wc","status":"publish","type":"product","link":"https:\/\/itokilit.com.tr\/en\/product\/156-156-wc\/","title":{"rendered":"156 S\u0130L\u0130ND\u0130RL\u0130 AL\u00dcM\u0130NYUM KAPI K\u0130L\u0130TLER\u0130"},"content":{"rendered":"","protected":false},"excerpt":{"rendered":"<table class=\"w-fit min-w-(--thread-content-width)\" data-start=\"109\" data-end=\"801\">\n<thead data-start=\"109\" data-end=\"137\">\n<tr data-start=\"109\" data-end=\"137\">\n<th data-start=\"109\" data-end=\"122\" data-col-size=\"md\"><strong data-start=\"111\" data-end=\"121\">T\u00fcrk\u00e7e<\/strong><\/th>\n<th data-start=\"122\" data-end=\"137\" data-col-size=\"md\"><strong data-start=\"124\" data-end=\"135\">English<\/strong><\/th>\n<\/tr>\n<\/thead>\n<tbody data-start=\"167\" data-end=\"801\">\n<tr data-start=\"167\" data-end=\"244\">\n<td data-start=\"167\" data-end=\"199\" data-col-size=\"md\"><strong data-start=\"169\" data-end=\"184\">Kol Yata\u011f\u0131:<\/strong> 8&#215;8 Rulmans\u0131z<\/td>\n<td data-col-size=\"md\" data-start=\"199\" data-end=\"244\"><strong data-start=\"201\" data-end=\"217\">Rod Bearing:<\/strong> 8&#215;8 without Ball Bearing<\/td>\n<\/tr>\n<tr data-start=\"245\" data-end=\"322\">\n<td data-start=\"245\" data-end=\"284\" data-col-size=\"md\"><strong data-start=\"247\" data-end=\"257\">G\u00f6vde:<\/strong> Galvaniz kaplamal\u0131, \u00e7elik<\/td>\n<td data-col-size=\"md\" data-start=\"284\" data-end=\"322\"><strong data-start=\"286\" data-end=\"295\">Body:<\/strong> Galvanized plated, steel<\/td>\n<\/tr>\n<tr data-start=\"323\" data-end=\"392\">\n<td data-start=\"323\" data-end=\"357\" data-col-size=\"md\"><strong data-start=\"325\" data-end=\"334\">Ayna:<\/strong> Nikel kaplamal\u0131 \u00e7elik<\/td>\n<td data-col-size=\"md\" data-start=\"357\" data-end=\"392\"><strong data-start=\"359\" data-end=\"370\">Forend:<\/strong> Nickel plated steel<\/td>\n<\/tr>\n<tr data-start=\"393\" data-end=\"500\">\n<td data-start=\"393\" data-end=\"445\" data-col-size=\"md\"><strong data-start=\"395\" data-end=\"405\">S\u00fcrg\u00fc:<\/strong> Nikel kaplamal\u0131 zamak d\u00f6k\u00fcm, tek turlu<\/td>\n<td data-col-size=\"md\" data-start=\"445\" data-end=\"500\"><strong data-start=\"447\" data-end=\"456\">Bolt:<\/strong> Nickel plated zamak casting, single throw<\/td>\n<\/tr>\n<tr data-start=\"501\" data-end=\"552\">\n<td data-start=\"501\" data-end=\"524\" data-col-size=\"md\"><strong data-start=\"503\" data-end=\"511\">Dil:<\/strong> Zamak d\u00f6k\u00fcm<\/td>\n<td data-col-size=\"md\" data-start=\"524\" data-end=\"552\"><strong data-start=\"526\" data-end=\"536\">Latch:<\/strong> Zamak casting<\/td>\n<\/tr>\n<tr data-start=\"553\" data-end=\"658\">\n<td data-start=\"553\" data-end=\"607\" data-col-size=\"md\"><strong data-start=\"555\" data-end=\"568\">Silindir:<\/strong> 254 veya 754 modeliyle kullan\u0131labilir<\/td>\n<td data-col-size=\"md\" data-start=\"607\" data-end=\"658\"><strong data-start=\"609\" data-end=\"622\">Cylinder:<\/strong> Can be used with 254 or 754 model<\/td>\n<\/tr>\n<tr data-start=\"659\" data-end=\"712\">\n<td data-start=\"659\" data-end=\"685\" data-col-size=\"md\"><strong data-start=\"661\" data-end=\"669\">B\/S:<\/strong> 20-25-30-35 mm<\/td>\n<td data-col-size=\"md\" data-start=\"685\" data-end=\"712\"><strong data-start=\"687\" data-end=\"695\">B\/S:<\/strong> 20-25-30-35 mm<\/td>\n<\/tr>\n<tr data-start=\"713\" data-end=\"748\">\n<td data-start=\"713\" data-end=\"730\" data-col-size=\"md\"><strong data-start=\"715\" data-end=\"723\">C\/L:<\/strong> 85 mm<\/td>\n<td data-col-size=\"md\" data-start=\"730\" data-end=\"748\"><strong data-start=\"732\" data-end=\"740\">C\/L:<\/strong> 85 mm<\/td>\n<\/tr>\n<tr data-start=\"749\" data-end=\"801\">\n<td data-start=\"749\" data-end=\"776\" data-col-size=\"md\"><strong data-start=\"751\" data-end=\"766\">Opsiyonlar:<\/strong> Silindir<\/td>\n<td data-col-size=\"md\" data-start=\"776\" data-end=\"801\"><strong data-start=\"778\" data-end=\"790\">Options:<\/strong> Cylinder<\/td>\n<\/tr>\n<\/tbody>\n<\/table>","protected":false},"featured_media":3444,"template":"","meta":{"rank_math_lock_modified_date":false},"product_brand":[],"product_cat":[76],"product_tag":[],"class_list":{"0":"post-2590","1":"product","2":"type-product","3":"status-publish","4":"has-post-thumbnail","6":"product_cat-aluminyum-kapi-kilitleri","8":"first","9":"instock","10":"shipping-taxable","11":"product-type-simple"},"_links":{"self":[{"href":"https:\/\/itokilit.com.tr\/en\/wp-json\/wp\/v2\/product\/2590","targetHints":{"allow":["GET"]}}],"collection":[{"href":"https:\/\/itokilit.com.tr\/en\/wp-json\/wp\/v2\/product"}],"about":[{"href":"https:\/\/itokilit.com.tr\/en\/wp-json\/wp\/v2\/types\/product"}],"version-history":[{"count":8,"href":"https:\/\/itokilit.com.tr\/en\/wp-json\/wp\/v2\/product\/2590\/revisions"}],"predecessor-version":[{"id":3445,"href":"https:\/\/itokilit.com.tr\/en\/wp-json\/wp\/v2\/product\/2590\/revisions\/3445"}],"wp:featuredmedia":[{"embeddable":true,"href":"https:\/\/itokilit.com.tr\/en\/wp-json\/wp\/v2\/media\/3444"}],"wp:attachment":[{"href":"https:\/\/itokilit.com.tr\/en\/wp-json\/wp\/v2\/media?parent=2590"}],"wp:term":[{"taxonomy":"product_brand","embeddable":true,"href":"https:\/\/itokilit.com.tr\/en\/wp-json\/wp\/v2\/product_brand?post=2590"},{"taxonomy":"product_cat","embeddable":true,"href":"https:\/\/itokilit.com.tr\/en\/wp-json\/wp\/v2\/product_cat?post=2590"},{"taxonomy":"product_tag","embeddable":true,"href":"https:\/\/itokilit.com.tr\/en\/wp-json\/wp\/v2\/product_tag?post=2590"}],"curies":[{"name":"wp","href":"https:\/\/api.w.org\/{rel}","templated":true}]}}