{"id":2586,"date":"2024-10-18T12:32:12","date_gmt":"2024-10-18T12:32:12","guid":{"rendered":"https:\/\/itokilit.com.tr\/?post_type=product&#038;p=2586"},"modified":"2024-10-18T14:16:00","modified_gmt":"2024-10-18T14:16:00","slug":"145-rk-45","status":"publish","type":"product","link":"https:\/\/itokilit.com.tr\/en\/product\/145-rk-45\/","title":{"rendered":"145\/RK-45 EKSTRA G\u00d6MME K\u0130L\u0130T"},"content":{"rendered":"","protected":false},"excerpt":{"rendered":"<p>G\u00f6vde: Galvaniz kaplamal\u0131, \u00e7elik<br \/>\nBody: Galvanize plated, steel<br \/>\nAyna: \u00c7elik<br \/>\nForend: Steel<br \/>\nKanca: Zamak d\u00f6k\u00fcm<br \/>\nHook: Zamak casting<br \/>\nSilindir: 254 veya 754 modeliyle kullan\u0131labilir<br \/>\nCylinder: Can be used with 254 or 754 model<br \/>\nB\/S: 45 mm<br \/>\nOpsiyonlar: Kaplama, silindir<br \/>\nOptions: Plating, cylinder<\/p>","protected":false},"featured_media":2587,"template":"","meta":{"rank_math_lock_modified_date":false},"product_brand":[],"product_cat":[117],"product_tag":[],"class_list":{"0":"post-2586","1":"product","2":"type-product","3":"status-publish","4":"has-post-thumbnail","6":"product_cat-ekstra-gomme-tip","8":"first","9":"instock","10":"shipping-taxable","11":"product-type-simple"},"_links":{"self":[{"href":"https:\/\/itokilit.com.tr\/en\/wp-json\/wp\/v2\/product\/2586","targetHints":{"allow":["GET"]}}],"collection":[{"href":"https:\/\/itokilit.com.tr\/en\/wp-json\/wp\/v2\/product"}],"about":[{"href":"https:\/\/itokilit.com.tr\/en\/wp-json\/wp\/v2\/types\/product"}],"version-history":[{"count":3,"href":"https:\/\/itokilit.com.tr\/en\/wp-json\/wp\/v2\/product\/2586\/revisions"}],"predecessor-version":[{"id":3219,"href":"https:\/\/itokilit.com.tr\/en\/wp-json\/wp\/v2\/product\/2586\/revisions\/3219"}],"wp:featuredmedia":[{"embeddable":true,"href":"https:\/\/itokilit.com.tr\/en\/wp-json\/wp\/v2\/media\/2587"}],"wp:attachment":[{"href":"https:\/\/itokilit.com.tr\/en\/wp-json\/wp\/v2\/media?parent=2586"}],"wp:term":[{"taxonomy":"product_brand","embeddable":true,"href":"https:\/\/itokilit.com.tr\/en\/wp-json\/wp\/v2\/product_brand?post=2586"},{"taxonomy":"product_cat","embeddable":true,"href":"https:\/\/itokilit.com.tr\/en\/wp-json\/wp\/v2\/product_cat?post=2586"},{"taxonomy":"product_tag","embeddable":true,"href":"https:\/\/itokilit.com.tr\/en\/wp-json\/wp\/v2\/product_tag?post=2586"}],"curies":[{"name":"wp","href":"https:\/\/api.w.org\/{rel}","templated":true}]}}