{"id":2582,"date":"2024-10-18T12:30:48","date_gmt":"2024-10-18T12:30:48","guid":{"rendered":"https:\/\/itokilit.com.tr\/?post_type=product&#038;p=2582"},"modified":"2025-08-12T09:33:54","modified_gmt":"2025-08-12T09:33:54","slug":"141-rk-45","status":"publish","type":"product","link":"https:\/\/itokilit.com.tr\/en\/product\/141-rk-45\/","title":{"rendered":"141\/RK-45 EKSTRA G\u00d6MME K\u0130L\u0130T"},"content":{"rendered":"","protected":false},"excerpt":{"rendered":"<table class=\"w-fit min-w-(--thread-content-width)\" data-start=\"84\" data-end=\"739\">\n<thead data-start=\"84\" data-end=\"112\">\n<tr data-start=\"84\" data-end=\"112\">\n<th data-start=\"84\" data-end=\"97\" data-col-size=\"sm\"><strong data-start=\"86\" data-end=\"96\">T\u00fcrk\u00e7e<\/strong><\/th>\n<th data-start=\"97\" data-end=\"112\" data-col-size=\"sm\"><strong data-start=\"99\" data-end=\"110\">English<\/strong><\/th>\n<\/tr>\n<\/thead>\n<tbody data-start=\"142\" data-end=\"739\">\n<tr data-start=\"142\" data-end=\"212\">\n<td data-start=\"142\" data-end=\"173\" data-col-size=\"sm\"><strong data-start=\"144\" data-end=\"159\">Kol Yata\u011f\u0131:<\/strong> 8&#215;8 Rulmanl\u0131<\/td>\n<td data-col-size=\"sm\" data-start=\"173\" data-end=\"212\"><strong data-start=\"175\" data-end=\"191\">Rod Bearing:<\/strong> 8&#215;8 w\/ball bearing<\/td>\n<\/tr>\n<tr data-start=\"213\" data-end=\"290\">\n<td data-start=\"213\" data-end=\"252\" data-col-size=\"sm\"><strong data-start=\"215\" data-end=\"225\">G\u00f6vde:<\/strong> Galvaniz kaplamal\u0131, \u00e7elik<\/td>\n<td data-col-size=\"sm\" data-start=\"252\" data-end=\"290\"><strong data-start=\"254\" data-end=\"263\">Body:<\/strong> Galvanized plated, steel<\/td>\n<\/tr>\n<tr data-start=\"291\" data-end=\"331\">\n<td data-start=\"291\" data-end=\"308\" data-col-size=\"sm\"><strong data-start=\"293\" data-end=\"302\">Kasa:<\/strong> A\u00e7\u0131k<\/td>\n<td data-col-size=\"sm\" data-start=\"308\" data-end=\"331\"><strong data-start=\"310\" data-end=\"324\">Case Type:<\/strong> Open<\/td>\n<\/tr>\n<tr data-start=\"332\" data-end=\"371\">\n<td data-start=\"332\" data-end=\"350\" data-col-size=\"sm\"><strong data-start=\"334\" data-end=\"343\">Ayna:<\/strong> \u00c7elik<\/td>\n<td data-col-size=\"sm\" data-start=\"350\" data-end=\"371\"><strong data-start=\"352\" data-end=\"363\">Forend:<\/strong> Steel<\/td>\n<\/tr>\n<tr data-start=\"372\" data-end=\"443\">\n<td data-start=\"372\" data-end=\"406\" data-col-size=\"sm\"><strong data-start=\"374\" data-end=\"384\">S\u00fcrg\u00fc:<\/strong> Zamak d\u00f6k\u00fcm, 2 turlu<\/td>\n<td data-col-size=\"sm\" data-start=\"406\" data-end=\"443\"><strong data-start=\"408\" data-end=\"417\">Bolt:<\/strong> Zamak casting, 2 throws<\/td>\n<\/tr>\n<tr data-start=\"444\" data-end=\"495\">\n<td data-start=\"444\" data-end=\"467\" data-col-size=\"sm\"><strong data-start=\"446\" data-end=\"454\">Dil:<\/strong> Zamak d\u00f6k\u00fcm<\/td>\n<td data-col-size=\"sm\" data-start=\"467\" data-end=\"495\"><strong data-start=\"469\" data-end=\"479\">Latch:<\/strong> Zamak casting<\/td>\n<\/tr>\n<tr data-start=\"496\" data-end=\"572\">\n<td data-start=\"496\" data-end=\"537\" data-col-size=\"sm\"><strong data-start=\"498\" data-end=\"510\">Anahtar:<\/strong> 1 adet, nikel zamak d\u00f6k\u00fcm<\/td>\n<td data-col-size=\"sm\" data-start=\"537\" data-end=\"572\"><strong data-start=\"539\" data-end=\"547\">Key:<\/strong> 1 piece, zamak casting<\/td>\n<\/tr>\n<tr data-start=\"573\" data-end=\"608\">\n<td data-start=\"573\" data-end=\"590\" data-col-size=\"sm\"><strong data-start=\"575\" data-end=\"583\">B\/S:<\/strong> 45 mm<\/td>\n<td data-col-size=\"sm\" data-start=\"590\" data-end=\"608\"><strong data-start=\"592\" data-end=\"600\">B\/S:<\/strong> 45 mm<\/td>\n<\/tr>\n<tr data-start=\"609\" data-end=\"644\">\n<td data-start=\"609\" data-end=\"626\" data-col-size=\"sm\"><strong data-start=\"611\" data-end=\"619\">C\/L:<\/strong> 90 mm<\/td>\n<td data-col-size=\"sm\" data-start=\"626\" data-end=\"644\"><strong data-start=\"628\" data-end=\"636\">C\/L:<\/strong> 90 mm<\/td>\n<\/tr>\n<tr data-start=\"645\" data-end=\"739\">\n<td data-start=\"645\" data-end=\"692\" data-col-size=\"sm\"><strong data-start=\"647\" data-end=\"662\">Opsiyonlar:<\/strong> Kaplama, oval ayna, kar\u015f\u0131l\u0131k<\/td>\n<td data-col-size=\"sm\" data-start=\"692\" data-end=\"739\"><strong data-start=\"694\" data-end=\"706\">Options:<\/strong> Plating, oval plate, striker<\/td>\n<\/tr>\n<\/tbody>\n<\/table>","protected":false},"featured_media":2583,"template":"","meta":{"rank_math_lock_modified_date":false},"product_brand":[],"product_cat":[117],"product_tag":[],"class_list":{"0":"post-2582","1":"product","2":"type-product","3":"status-publish","4":"has-post-thumbnail","6":"product_cat-ekstra-gomme-tip","8":"first","9":"instock","10":"shipping-taxable","11":"product-type-simple"},"_links":{"self":[{"href":"https:\/\/itokilit.com.tr\/en\/wp-json\/wp\/v2\/product\/2582","targetHints":{"allow":["GET"]}}],"collection":[{"href":"https:\/\/itokilit.com.tr\/en\/wp-json\/wp\/v2\/product"}],"about":[{"href":"https:\/\/itokilit.com.tr\/en\/wp-json\/wp\/v2\/types\/product"}],"version-history":[{"count":3,"href":"https:\/\/itokilit.com.tr\/en\/wp-json\/wp\/v2\/product\/2582\/revisions"}],"predecessor-version":[{"id":3218,"href":"https:\/\/itokilit.com.tr\/en\/wp-json\/wp\/v2\/product\/2582\/revisions\/3218"}],"wp:featuredmedia":[{"embeddable":true,"href":"https:\/\/itokilit.com.tr\/en\/wp-json\/wp\/v2\/media\/2583"}],"wp:attachment":[{"href":"https:\/\/itokilit.com.tr\/en\/wp-json\/wp\/v2\/media?parent=2582"}],"wp:term":[{"taxonomy":"product_brand","embeddable":true,"href":"https:\/\/itokilit.com.tr\/en\/wp-json\/wp\/v2\/product_brand?post=2582"},{"taxonomy":"product_cat","embeddable":true,"href":"https:\/\/itokilit.com.tr\/en\/wp-json\/wp\/v2\/product_cat?post=2582"},{"taxonomy":"product_tag","embeddable":true,"href":"https:\/\/itokilit.com.tr\/en\/wp-json\/wp\/v2\/product_tag?post=2582"}],"curies":[{"name":"wp","href":"https:\/\/api.w.org\/{rel}","templated":true}]}}