{"id":2577,"date":"2024-10-18T12:29:00","date_gmt":"2024-10-18T12:29:00","guid":{"rendered":"https:\/\/itokilit.com.tr\/?post_type=product&#038;p=2577"},"modified":"2025-08-12T09:38:20","modified_gmt":"2025-08-12T09:38:20","slug":"760p-rk-wc","status":"publish","type":"product","link":"https:\/\/itokilit.com.tr\/en\/product\/760p-rk-wc\/","title":{"rendered":"760P\/RK-WC EKSTRA G\u00d6MME K\u0130L\u0130T"},"content":{"rendered":"","protected":false},"excerpt":{"rendered":"<table class=\"w-fit min-w-(--thread-content-width)\" data-start=\"84\" data-end=\"668\">\n<thead data-start=\"84\" data-end=\"112\">\n<tr data-start=\"84\" data-end=\"112\">\n<th data-start=\"84\" data-end=\"97\" data-col-size=\"sm\"><strong data-start=\"86\" data-end=\"96\">T\u00fcrk\u00e7e<\/strong><\/th>\n<th data-start=\"97\" data-end=\"112\" data-col-size=\"sm\"><strong data-start=\"99\" data-end=\"110\">English<\/strong><\/th>\n<\/tr>\n<\/thead>\n<tbody data-start=\"142\" data-end=\"668\">\n<tr data-start=\"142\" data-end=\"212\">\n<td data-start=\"142\" data-end=\"173\" data-col-size=\"sm\"><strong data-start=\"144\" data-end=\"159\">Kol Yata\u011f\u0131:<\/strong> 8&#215;8 Rulmanl\u0131<\/td>\n<td data-col-size=\"sm\" data-start=\"173\" data-end=\"212\"><strong data-start=\"175\" data-end=\"191\">Rod Bearing:<\/strong> 8&#215;8 w\/ball bearing<\/td>\n<\/tr>\n<tr data-start=\"213\" data-end=\"290\">\n<td data-start=\"213\" data-end=\"252\" data-col-size=\"sm\"><strong data-start=\"215\" data-end=\"225\">G\u00f6vde:<\/strong> Galvaniz kaplamal\u0131, \u00e7elik<\/td>\n<td data-col-size=\"sm\" data-start=\"252\" data-end=\"290\"><strong data-start=\"254\" data-end=\"263\">Body:<\/strong> Galvanized plated, steel<\/td>\n<\/tr>\n<tr data-start=\"291\" data-end=\"331\">\n<td data-start=\"291\" data-end=\"308\" data-col-size=\"sm\"><strong data-start=\"293\" data-end=\"302\">Kasa:<\/strong> A\u00e7\u0131k<\/td>\n<td data-start=\"308\" data-end=\"331\" data-col-size=\"sm\"><strong data-start=\"310\" data-end=\"324\">Case Type:<\/strong> Open<\/td>\n<\/tr>\n<tr data-start=\"332\" data-end=\"371\">\n<td data-start=\"332\" data-end=\"350\" data-col-size=\"sm\"><strong data-start=\"334\" data-end=\"343\">Ayna:<\/strong> \u00c7elik<\/td>\n<td data-col-size=\"sm\" data-start=\"350\" data-end=\"371\"><strong data-start=\"352\" data-end=\"363\">Forend:<\/strong> Steel<\/td>\n<\/tr>\n<tr data-start=\"372\" data-end=\"443\">\n<td data-start=\"372\" data-end=\"406\" data-col-size=\"sm\"><strong data-start=\"374\" data-end=\"384\">S\u00fcrg\u00fc:<\/strong> Zamak d\u00f6k\u00fcm, 2 turlu<\/td>\n<td data-col-size=\"sm\" data-start=\"406\" data-end=\"443\"><strong data-start=\"408\" data-end=\"417\">Bolt:<\/strong> Zamak casting, 2 throws<\/td>\n<\/tr>\n<tr data-start=\"444\" data-end=\"495\">\n<td data-start=\"444\" data-end=\"467\" data-col-size=\"sm\"><strong data-start=\"446\" data-end=\"454\">Dil:<\/strong> Zamak d\u00f6k\u00fcm<\/td>\n<td data-start=\"467\" data-end=\"495\" data-col-size=\"sm\"><strong data-start=\"469\" data-end=\"479\">Latch:<\/strong> Zamak casting<\/td>\n<\/tr>\n<tr data-start=\"496\" data-end=\"537\">\n<td data-start=\"496\" data-end=\"516\" data-col-size=\"sm\"><strong data-start=\"498\" data-end=\"506\">B\/S:<\/strong> 35\/40 mm<\/td>\n<td data-col-size=\"sm\" data-start=\"516\" data-end=\"537\"><strong data-start=\"518\" data-end=\"526\">B\/S:<\/strong> 35\/40 mm<\/td>\n<\/tr>\n<tr data-start=\"538\" data-end=\"573\">\n<td data-start=\"538\" data-end=\"555\" data-col-size=\"sm\"><strong data-start=\"540\" data-end=\"548\">C\/L:<\/strong> 90 mm<\/td>\n<td data-start=\"555\" data-end=\"573\" data-col-size=\"sm\"><strong data-start=\"557\" data-end=\"565\">C\/L:<\/strong> 90 mm<\/td>\n<\/tr>\n<tr data-start=\"574\" data-end=\"668\">\n<td data-start=\"574\" data-end=\"621\" data-col-size=\"sm\"><strong data-start=\"576\" data-end=\"591\">Opsiyonlar:<\/strong> Kaplama, oval ayna, kar\u015f\u0131l\u0131k<\/td>\n<td data-col-size=\"sm\" data-start=\"621\" data-end=\"668\"><strong data-start=\"623\" data-end=\"635\">Options:<\/strong> Plating, oval plate, striker<\/td>\n<\/tr>\n<\/tbody>\n<\/table>","protected":false},"featured_media":2578,"template":"","meta":{"rank_math_lock_modified_date":false},"product_brand":[],"product_cat":[117],"product_tag":[],"class_list":{"0":"post-2577","1":"product","2":"type-product","3":"status-publish","4":"has-post-thumbnail","6":"product_cat-ekstra-gomme-tip","8":"first","9":"instock","10":"shipping-taxable","11":"product-type-simple"},"_links":{"self":[{"href":"https:\/\/itokilit.com.tr\/en\/wp-json\/wp\/v2\/product\/2577","targetHints":{"allow":["GET"]}}],"collection":[{"href":"https:\/\/itokilit.com.tr\/en\/wp-json\/wp\/v2\/product"}],"about":[{"href":"https:\/\/itokilit.com.tr\/en\/wp-json\/wp\/v2\/types\/product"}],"version-history":[{"count":5,"href":"https:\/\/itokilit.com.tr\/en\/wp-json\/wp\/v2\/product\/2577\/revisions"}],"predecessor-version":[{"id":3223,"href":"https:\/\/itokilit.com.tr\/en\/wp-json\/wp\/v2\/product\/2577\/revisions\/3223"}],"wp:featuredmedia":[{"embeddable":true,"href":"https:\/\/itokilit.com.tr\/en\/wp-json\/wp\/v2\/media\/2578"}],"wp:attachment":[{"href":"https:\/\/itokilit.com.tr\/en\/wp-json\/wp\/v2\/media?parent=2577"}],"wp:term":[{"taxonomy":"product_brand","embeddable":true,"href":"https:\/\/itokilit.com.tr\/en\/wp-json\/wp\/v2\/product_brand?post=2577"},{"taxonomy":"product_cat","embeddable":true,"href":"https:\/\/itokilit.com.tr\/en\/wp-json\/wp\/v2\/product_cat?post=2577"},{"taxonomy":"product_tag","embeddable":true,"href":"https:\/\/itokilit.com.tr\/en\/wp-json\/wp\/v2\/product_tag?post=2577"}],"curies":[{"name":"wp","href":"https:\/\/api.w.org\/{rel}","templated":true}]}}