{"id":2564,"date":"2024-10-18T12:18:29","date_gmt":"2024-10-18T12:18:29","guid":{"rendered":"https:\/\/itokilit.com.tr\/?post_type=product&#038;p=2564"},"modified":"2025-08-12T09:40:38","modified_gmt":"2025-08-12T09:40:38","slug":"150-eko","status":"publish","type":"product","link":"https:\/\/itokilit.com.tr\/en\/product\/150-eko\/","title":{"rendered":"150\/EKO \u0130\u00c7 KAPI G\u00d6MME K\u0130L\u0130D\u0130"},"content":{"rendered":"","protected":false},"excerpt":{"rendered":"<table class=\"w-fit min-w-(--thread-content-width)\" data-start=\"84\" data-end=\"728\">\n<thead data-start=\"84\" data-end=\"112\">\n<tr data-start=\"84\" data-end=\"112\">\n<th data-start=\"84\" data-end=\"97\" data-col-size=\"sm\"><strong data-start=\"86\" data-end=\"96\">T\u00fcrk\u00e7e<\/strong><\/th>\n<th data-start=\"97\" data-end=\"112\" data-col-size=\"sm\"><strong data-start=\"99\" data-end=\"110\">English<\/strong><\/th>\n<\/tr>\n<\/thead>\n<tbody data-start=\"142\" data-end=\"728\">\n<tr data-start=\"142\" data-end=\"219\">\n<td data-start=\"142\" data-end=\"174\" data-col-size=\"sm\"><strong data-start=\"144\" data-end=\"159\">Kol Yata\u011f\u0131:<\/strong> 8&#215;8 Rulmans\u0131z<\/td>\n<td data-start=\"174\" data-end=\"219\" data-col-size=\"sm\"><strong data-start=\"176\" data-end=\"192\">Rod Bearing:<\/strong> 8&#215;8 without ball bearing<\/td>\n<\/tr>\n<tr data-start=\"220\" data-end=\"297\">\n<td data-start=\"220\" data-end=\"259\" data-col-size=\"sm\"><strong data-start=\"222\" data-end=\"232\">G\u00f6vde:<\/strong> Galvaniz kaplamal\u0131, \u00e7elik<\/td>\n<td data-start=\"259\" data-end=\"297\" data-col-size=\"sm\"><strong data-start=\"261\" data-end=\"270\">Body:<\/strong> Galvanized plated, steel<\/td>\n<\/tr>\n<tr data-start=\"298\" data-end=\"342\">\n<td data-start=\"298\" data-end=\"317\" data-col-size=\"sm\"><strong data-start=\"300\" data-end=\"309\">Kasa:<\/strong> Kapal\u0131<\/td>\n<td data-start=\"317\" data-end=\"342\" data-col-size=\"sm\"><strong data-start=\"319\" data-end=\"333\">Case Type:<\/strong> Closed<\/td>\n<\/tr>\n<tr data-start=\"343\" data-end=\"382\">\n<td data-start=\"343\" data-end=\"361\" data-col-size=\"sm\"><strong data-start=\"345\" data-end=\"354\">Ayna:<\/strong> \u00c7elik<\/td>\n<td data-start=\"361\" data-end=\"382\" data-col-size=\"sm\"><strong data-start=\"363\" data-end=\"374\">Forend:<\/strong> Steel<\/td>\n<\/tr>\n<tr data-start=\"383\" data-end=\"438\">\n<td data-start=\"383\" data-end=\"409\" data-col-size=\"sm\"><strong data-start=\"385\" data-end=\"395\">S\u00fcrg\u00fc:<\/strong> Sac, 2 turlu<\/td>\n<td data-start=\"409\" data-end=\"438\" data-col-size=\"sm\"><strong data-start=\"411\" data-end=\"420\">Bolt:<\/strong> Steel, 2 throws<\/td>\n<\/tr>\n<tr data-start=\"439\" data-end=\"490\">\n<td data-start=\"439\" data-end=\"462\" data-col-size=\"sm\"><strong data-start=\"441\" data-end=\"449\">Dil:<\/strong> Zamak d\u00f6k\u00fcm<\/td>\n<td data-start=\"462\" data-end=\"490\" data-col-size=\"sm\"><strong data-start=\"464\" data-end=\"474\">Latch:<\/strong> Zamak casting<\/td>\n<\/tr>\n<tr data-start=\"491\" data-end=\"561\">\n<td data-start=\"491\" data-end=\"526\" data-col-size=\"sm\"><strong data-start=\"493\" data-end=\"505\">Anahtar:<\/strong> 1 adet, zamak d\u00f6k\u00fcm<\/td>\n<td data-start=\"526\" data-end=\"561\" data-col-size=\"sm\"><strong data-start=\"528\" data-end=\"536\">Key:<\/strong> 1 piece, zamak casting<\/td>\n<\/tr>\n<tr data-start=\"562\" data-end=\"597\">\n<td data-start=\"562\" data-end=\"579\" data-col-size=\"sm\"><strong data-start=\"564\" data-end=\"572\">B\/S:<\/strong> 40 mm<\/td>\n<td data-start=\"579\" data-end=\"597\" data-col-size=\"sm\"><strong data-start=\"581\" data-end=\"589\">B\/S:<\/strong> 40 mm<\/td>\n<\/tr>\n<tr data-start=\"598\" data-end=\"633\">\n<td data-start=\"598\" data-end=\"615\" data-col-size=\"sm\"><strong data-start=\"600\" data-end=\"608\">C\/L:<\/strong> 90 mm<\/td>\n<td data-start=\"615\" data-end=\"633\" data-col-size=\"sm\"><strong data-start=\"617\" data-end=\"625\">C\/L:<\/strong> 90 mm<\/td>\n<\/tr>\n<tr data-start=\"634\" data-end=\"728\">\n<td data-start=\"634\" data-end=\"681\" data-col-size=\"sm\"><strong data-start=\"636\" data-end=\"651\">Opsiyonlar:<\/strong> Kaplama, oval ayna, kar\u015f\u0131l\u0131k<\/td>\n<td data-start=\"681\" data-end=\"728\" data-col-size=\"sm\"><strong data-start=\"683\" data-end=\"695\">Options:<\/strong> Plating, oval plate, striker<\/td>\n<\/tr>\n<\/tbody>\n<\/table>","protected":false},"featured_media":2565,"template":"","meta":{"rank_math_lock_modified_date":false},"product_brand":[],"product_cat":[116],"product_tag":[],"class_list":{"0":"post-2564","1":"product","2":"type-product","3":"status-publish","4":"has-post-thumbnail","6":"product_cat-ic-kapi-kilitleri-normal-gomme-tip","8":"first","9":"instock","10":"shipping-taxable","11":"product-type-simple"},"_links":{"self":[{"href":"https:\/\/itokilit.com.tr\/en\/wp-json\/wp\/v2\/product\/2564","targetHints":{"allow":["GET"]}}],"collection":[{"href":"https:\/\/itokilit.com.tr\/en\/wp-json\/wp\/v2\/product"}],"about":[{"href":"https:\/\/itokilit.com.tr\/en\/wp-json\/wp\/v2\/types\/product"}],"version-history":[{"count":3,"href":"https:\/\/itokilit.com.tr\/en\/wp-json\/wp\/v2\/product\/2564\/revisions"}],"predecessor-version":[{"id":3225,"href":"https:\/\/itokilit.com.tr\/en\/wp-json\/wp\/v2\/product\/2564\/revisions\/3225"}],"wp:featuredmedia":[{"embeddable":true,"href":"https:\/\/itokilit.com.tr\/en\/wp-json\/wp\/v2\/media\/2565"}],"wp:attachment":[{"href":"https:\/\/itokilit.com.tr\/en\/wp-json\/wp\/v2\/media?parent=2564"}],"wp:term":[{"taxonomy":"product_brand","embeddable":true,"href":"https:\/\/itokilit.com.tr\/en\/wp-json\/wp\/v2\/product_brand?post=2564"},{"taxonomy":"product_cat","embeddable":true,"href":"https:\/\/itokilit.com.tr\/en\/wp-json\/wp\/v2\/product_cat?post=2564"},{"taxonomy":"product_tag","embeddable":true,"href":"https:\/\/itokilit.com.tr\/en\/wp-json\/wp\/v2\/product_tag?post=2564"}],"curies":[{"name":"wp","href":"https:\/\/api.w.org\/{rel}","templated":true}]}}