{"id":2560,"date":"2024-10-18T12:15:16","date_gmt":"2024-10-18T12:15:16","guid":{"rendered":"https:\/\/itokilit.com.tr\/?post_type=product&#038;p=2560"},"modified":"2025-09-08T12:09:06","modified_gmt":"2025-09-08T12:09:06","slug":"161-gfk","status":"publish","type":"product","link":"https:\/\/itokilit.com.tr\/en\/product\/161-gfk\/","title":{"rendered":"161\/GFK F\u0130AM EMN\u0130YET K\u0130L\u0130TLER\u0130"},"content":{"rendered":"","protected":false},"excerpt":{"rendered":"<table>\n<thead data-start=\"95\" data-end=\"123\">\n<tr data-start=\"95\" data-end=\"123\">\n<th data-start=\"95\" data-end=\"108\" data-col-size=\"md\"><strong data-start=\"97\" data-end=\"107\">T\u00fcrk\u00e7e<\/strong><\/th>\n<th data-start=\"108\" data-end=\"123\" data-col-size=\"md\"><strong data-start=\"110\" data-end=\"121\">English<\/strong><\/th>\n<\/tr>\n<\/thead>\n<\/table>\n<div>\n<table>\n<tbody>\n<tr data-start=\"153\" data-end=\"230\">\n<td data-start=\"153\" data-end=\"192\" data-col-size=\"md\"><strong data-start=\"155\" data-end=\"165\">G\u00f6vde:<\/strong> Galvaniz kaplamal\u0131, \u00e7elik<\/td>\n<td data-col-size=\"md\" data-start=\"192\" data-end=\"230\"><strong data-start=\"194\" data-end=\"203\">Body:<\/strong> Galvanized plated, steel<\/td>\n<\/tr>\n<\/tbody>\n<\/table>\n<\/div>\n<div>\n<table>\n<tbody>\n<tr data-start=\"231\" data-end=\"270\">\n<td data-start=\"231\" data-end=\"249\" data-col-size=\"md\"><strong data-start=\"233\" data-end=\"242\">Ayna:<\/strong> \u00c7elik<\/td>\n<td data-start=\"249\" data-end=\"270\" data-col-size=\"md\"><strong data-start=\"251\" data-end=\"262\">Forend:<\/strong> Steel<\/td>\n<\/tr>\n<\/tbody>\n<\/table>\n<\/div>\n<div>\n<table>\n<tbody>\n<tr data-start=\"271\" data-end=\"323\">\n<td data-start=\"271\" data-end=\"296\" data-col-size=\"md\"><strong data-start=\"273\" data-end=\"283\">Kanca:<\/strong> Zamak d\u00f6k\u00fcm<\/td>\n<td data-start=\"296\" data-end=\"323\" data-col-size=\"md\"><strong data-start=\"298\" data-end=\"307\">Hook:<\/strong> Zamak casting<\/td>\n<\/tr>\n<\/tbody>\n<\/table>\n<\/div>\n<div>\n<table>\n<tbody>\n<tr data-start=\"324\" data-end=\"429\">\n<td data-start=\"324\" data-end=\"378\" data-col-size=\"md\"><strong data-start=\"326\" data-end=\"339\">Silindir:<\/strong> 254 veya 754 modeliyle kullan\u0131labilir<\/td>\n<td data-start=\"378\" data-end=\"429\" data-col-size=\"md\"><strong data-start=\"380\" data-end=\"393\">Cylinder:<\/strong> Can be used with 254 or 754 model<\/td>\n<\/tr>\n<\/tbody>\n<\/table>\n<\/div>\n<div>\n<table>\n<tbody>\n<tr data-start=\"430\" data-end=\"465\">\n<td data-start=\"430\" data-end=\"447\" data-col-size=\"md\"><strong data-start=\"432\" data-end=\"440\">B\/S:<\/strong> 20 mm<\/td>\n<td data-start=\"447\" data-end=\"465\" data-col-size=\"md\"><strong data-start=\"449\" data-end=\"457\">B\/S:<\/strong> 20 mm<\/td>\n<\/tr>\n<\/tbody>\n<\/table>\n<\/div>\n<div>\n<table>\n<tbody>\n<tr data-start=\"466\" data-end=\"538\">\n<td data-start=\"466\" data-end=\"502\" data-col-size=\"md\"><strong data-start=\"468\" data-end=\"483\">Opsiyonlar:<\/strong> Kaplama, silindir<\/td>\n<td data-start=\"502\" data-end=\"538\" data-col-size=\"md\"><strong data-start=\"504\" data-end=\"516\">Options:<\/strong> Plating, cylinder<\/td>\n<\/tr>\n<\/tbody>\n<\/table>\n<\/div>","protected":false},"featured_media":2561,"template":"","meta":{"rank_math_lock_modified_date":false},"product_brand":[],"product_cat":[115],"product_tag":[],"class_list":{"0":"post-2560","1":"product","2":"type-product","3":"status-publish","4":"has-post-thumbnail","6":"product_cat-fiam-emniyet-kilitleri","8":"first","9":"instock","10":"shipping-taxable","11":"product-type-simple"},"_links":{"self":[{"href":"https:\/\/itokilit.com.tr\/en\/wp-json\/wp\/v2\/product\/2560","targetHints":{"allow":["GET"]}}],"collection":[{"href":"https:\/\/itokilit.com.tr\/en\/wp-json\/wp\/v2\/product"}],"about":[{"href":"https:\/\/itokilit.com.tr\/en\/wp-json\/wp\/v2\/types\/product"}],"version-history":[{"count":6,"href":"https:\/\/itokilit.com.tr\/en\/wp-json\/wp\/v2\/product\/2560\/revisions"}],"predecessor-version":[{"id":3414,"href":"https:\/\/itokilit.com.tr\/en\/wp-json\/wp\/v2\/product\/2560\/revisions\/3414"}],"wp:featuredmedia":[{"embeddable":true,"href":"https:\/\/itokilit.com.tr\/en\/wp-json\/wp\/v2\/media\/2561"}],"wp:attachment":[{"href":"https:\/\/itokilit.com.tr\/en\/wp-json\/wp\/v2\/media?parent=2560"}],"wp:term":[{"taxonomy":"product_brand","embeddable":true,"href":"https:\/\/itokilit.com.tr\/en\/wp-json\/wp\/v2\/product_brand?post=2560"},{"taxonomy":"product_cat","embeddable":true,"href":"https:\/\/itokilit.com.tr\/en\/wp-json\/wp\/v2\/product_cat?post=2560"},{"taxonomy":"product_tag","embeddable":true,"href":"https:\/\/itokilit.com.tr\/en\/wp-json\/wp\/v2\/product_tag?post=2560"}],"curies":[{"name":"wp","href":"https:\/\/api.w.org\/{rel}","templated":true}]}}